{"id":52,"date":"2025-07-23T13:08:48","date_gmt":"2025-07-23T13:08:48","guid":{"rendered":"https:\/\/my-better-job.eu\/?page_id=52"},"modified":"2025-07-23T14:40:32","modified_gmt":"2025-07-23T14:40:32","slug":"histoire","status":"publish","type":"page","link":"https:\/\/my-better-job.eu\/?page_id=52","title":{"rendered":"HISTOIRE"},"content":{"rendered":"<div id='av-layout-grid-1'  class='av-layout-grid-container av-fepeo-d4a91d8b7bca308634087440761f5db3 entry-content-wrapper main_color av-flex-cells  avia-builder-el-0  el_before_av_layout_row  avia-builder-el-first  degrade av-cell-min-height av-cell-min-height-85  container_wrap fullsize'   data-av_minimum_height_pc='85'>\n\n<style type=\"text\/css\" data-created_by=\"avia_inline_auto\" id=\"style-css-av-1hhfc-d3ec5b1d0eb9d0a405b27aef524bdb42\">\n.flex_cell.av-1hhfc-d3ec5b1d0eb9d0a405b27aef524bdb42{\nvertical-align:middle;\n}\n.responsive #top #wrap_all .flex_cell.av-1hhfc-d3ec5b1d0eb9d0a405b27aef524bdb42{\npadding:0px 0px 0px 0px !important;\n}\n<\/style>\n<div class='flex_cell av-1hhfc-d3ec5b1d0eb9d0a405b27aef524bdb42 av-gridrow-cell av_one_half no_margin  avia-builder-el-1  el_before_av_cell_one_half  avia-builder-el-first  content-align-middle av-zero-padding'  ><div class='flex_cell_inner'><div class='flex_column_table av-e0hx8-89b9e40a06bf90011a56d219a46ecca9 sc-av_one_full av-equal-height-column-flextable'>\n<style type=\"text\/css\" data-created_by=\"avia_inline_auto\" id=\"style-css-av-e0hx8-89b9e40a06bf90011a56d219a46ecca9\">\n.flex_column.av-e0hx8-89b9e40a06bf90011a56d219a46ecca9{\npadding:30px 30px 30px 30px;\n}\n.flex_column.av-e0hx8-89b9e40a06bf90011a56d219a46ecca9 .avia-curtain-reveal-overlay{\nbackground:#f8f8f8;\nz-index:1;\n}\n<\/style>\n<div  class='flex_column av-e0hx8-89b9e40a06bf90011a56d219a46ecca9 av_one_full  avia-builder-el-2  avia-builder-el-no-sibling  first no_margin flex_column_table_cell av-equal-height-column av-align-middle av-parallax-object av-column-min-height-pc  ' data-parallax=\"{&quot;parallax&quot;:&quot;bottom_top&quot;,&quot;parallax_speed&quot;:&quot;&quot;,&quot;av-desktop-parallax&quot;:&quot;inherit&quot;,&quot;av-desktop-parallax_speed&quot;:&quot;inherit&quot;,&quot;av-medium-parallax&quot;:&quot;inherit&quot;,&quot;av-medium-parallax_speed&quot;:&quot;inherit&quot;,&quot;av-small-parallax&quot;:&quot;inherit&quot;,&quot;av-small-parallax_speed&quot;:&quot;inherit&quot;,&quot;av-mini-parallax&quot;:&quot;inherit&quot;,&quot;av-mini-parallax_speed&quot;:&quot;inherit&quot;,&quot;parallax-container&quot;:&quot;.av-e0hx8-89b9e40a06bf90011a56d219a46ecca9&quot;}\" data-av-column-min-height=\"{&quot;column-min-pc&quot;:&quot;100%&quot;,&quot;column-equal-height&quot;:true}\"   ><div class='avia-curtain-reveal-overlay av-animated-when-visible-95 animate-all-devices curtain-reveal-ttb'><\/div><p>\n<style type=\"text\/css\" data-created_by=\"avia_inline_auto\" id=\"style-css-av-da284-76dfcefccece2eafa3b5b262e2d96a1a\">\n#top .hr.hr-invisible.av-da284-76dfcefccece2eafa3b5b262e2d96a1a{\nheight:50px;\n}\n<\/style>\n<div  class='hr av-da284-76dfcefccece2eafa3b5b262e2d96a1a hr-invisible  avia-builder-el-3  el_before_av_image  avia-builder-el-first '><span class='hr-inner '><span class=\"hr-inner-style\"><\/span><\/span><\/div><br \/>\n\n<style type=\"text\/css\" data-created_by=\"avia_inline_auto\" id=\"style-css-av-d2sng-e193182ad117a79fc6534b3ac73c8a8a\">\n.avia-image-container.av-d2sng-e193182ad117a79fc6534b3ac73c8a8a img.avia_image{\nbox-shadow:none;\n}\n.avia-image-container.av-d2sng-e193182ad117a79fc6534b3ac73c8a8a .av-image-caption-overlay-center{\ncolor:#ffffff;\n}\n<\/style>\n<div  class='avia-image-container av-d2sng-e193182ad117a79fc6534b3ac73c8a8a av-styling- avia-align-center  avia-builder-el-4  el_after_av_hr  el_before_av_image '   itemprop=\"image\" itemscope=\"itemscope\" itemtype=\"https:\/\/schema.org\/ImageObject\" ><div class=\"avia-image-container-inner\"><div class=\"avia-image-overlay-wrap\"><img decoding=\"async\" fetchpriority=\"high\" class='wp-image- avia-img-lazy-loading-not- avia_image ' src=\"https:\/\/my-better-job.fr\/wp-content\/uploads\/2025\/07\/LOGO-MY-BETTER-JOB-L2.svg\" alt='' title=''   itemprop=\"thumbnailUrl\"  \/><\/div><\/div><\/div><br \/>\n\n<style type=\"text\/css\" data-created_by=\"avia_inline_auto\" id=\"style-css-av-ch6hk-dee7a943c083f691ac09474a82fe66f0\">\n.avia-image-container.av-ch6hk-dee7a943c083f691ac09474a82fe66f0 img.avia_image{\nbox-shadow:none;\n}\n.avia-image-container.av-ch6hk-dee7a943c083f691ac09474a82fe66f0 .av-image-caption-overlay-center{\ncolor:#ffffff;\n}\n<\/style>\n<div  class='avia-image-container av-ch6hk-dee7a943c083f691ac09474a82fe66f0 av-styling- avia_animated_image av-animated-when-visible-95 fade-in avia-align-center  avia-builder-el-5  el_after_av_image  el_before_av_button  av-parallax-object' data-parallax=\"{&quot;parallax&quot;:&quot;right_left&quot;,&quot;parallax_speed&quot;:&quot;&quot;,&quot;av-desktop-parallax&quot;:&quot;inherit&quot;,&quot;av-desktop-parallax_speed&quot;:&quot;inherit&quot;,&quot;av-medium-parallax&quot;:&quot;inherit&quot;,&quot;av-medium-parallax_speed&quot;:&quot;inherit&quot;,&quot;av-small-parallax&quot;:&quot;inherit&quot;,&quot;av-small-parallax_speed&quot;:&quot;inherit&quot;,&quot;av-mini-parallax&quot;:&quot;inherit&quot;,&quot;av-mini-parallax_speed&quot;:&quot;inherit&quot;,&quot;parallax-container&quot;:&quot;.av-ch6hk-dee7a943c083f691ac09474a82fe66f0&quot;,&quot;parallax-selector&quot;:&quot;.avia-image-container-inner&quot;}\"  itemprop=\"image\" itemscope=\"itemscope\" itemtype=\"https:\/\/schema.org\/ImageObject\" ><div class=\"avia-image-container-inner\"><div class=\"avia-image-overlay-wrap\"><img decoding=\"async\" fetchpriority=\"high\" class='wp-image-127 avia-img-lazy-loading-not-127 avia_image ' src=\"https:\/\/my-better-job.eu\/wp-content\/uploads\/2025\/07\/1737550228471-705x705-1-300x300.jpeg\" alt='' title='1737550228471-705x705'  height=\"300\" width=\"300\"  itemprop=\"thumbnailUrl\" srcset=\"https:\/\/my-better-job.eu\/wp-content\/uploads\/2025\/07\/1737550228471-705x705-1-300x300.jpeg 300w, https:\/\/my-better-job.eu\/wp-content\/uploads\/2025\/07\/1737550228471-705x705-1-150x150.jpeg 150w, https:\/\/my-better-job.eu\/wp-content\/uploads\/2025\/07\/1737550228471-705x705-1-36x36.jpeg 36w, https:\/\/my-better-job.eu\/wp-content\/uploads\/2025\/07\/1737550228471-705x705-1-180x180.jpeg 180w, https:\/\/my-better-job.eu\/wp-content\/uploads\/2025\/07\/1737550228471-705x705-1.jpeg 705w\" sizes=\"(max-width: 300px) 100vw, 300px\" \/><\/div><\/div><\/div><br \/>\n<div  class='avia-button-wrap av-bslj8-680a3af40a81681b89b7ac9c6668f5bd-wrap avia-button-center  avia-builder-el-6  el_after_av_image  avia-builder-el-last '>\n<style type=\"text\/css\" data-created_by=\"avia_inline_auto\" id=\"style-css-av-bslj8-680a3af40a81681b89b7ac9c6668f5bd\">\n#top #wrap_all .avia-button.av-bslj8-680a3af40a81681b89b7ac9c6668f5bd{\nbackground-color:#26274e;\nborder-color:#26274e;\ntransition:all 0.4s ease-in-out;\n}\n#top #wrap_all .avia-button.av-bslj8-680a3af40a81681b89b7ac9c6668f5bd:hover{\ncolor:white;\ntransition:all 0.4s ease-in-out;\n}\n#top #wrap_all .avia-button.av-bslj8-680a3af40a81681b89b7ac9c6668f5bd:hover .avia-svg-icon svg:first-child{\nfill:white;\nstroke:white;\n}\n<\/style>\n<a href='https:\/\/my-better-job.fr\/index.php\/decouvrez-my-better-job\/'  class='avia-button av-bslj8-680a3af40a81681b89b7ac9c6668f5bd av-link-btn avia-icon_select-no avia-size-x-large avia-position-center avia-font-color-theme-color'  target=\"_blank\"  rel=\"noopener noreferrer\"  aria-label=\"Tester gratuitement \"><span class='avia_iconbox_title' >Tester gratuitement <\/span><span class='avia_button_background avia-button avia-color-theme-color-highlight' ><\/span><\/a><\/div><\/p><\/div><\/div><!--close column table wrapper. Autoclose: 1 -->\n<\/div><\/div>\n<style type=\"text\/css\" data-created_by=\"avia_inline_auto\" id=\"style-css-av-40ps-84620e94a446d092de064a60a9658bd7\">\n.flex_cell.av-40ps-84620e94a446d092de064a60a9658bd7{\nvertical-align:middle;\n}\n.responsive #top #wrap_all .flex_cell.av-40ps-84620e94a446d092de064a60a9658bd7{\npadding:0px 0px 0px 0px !important;\n}\n<\/style>\n<div class='flex_cell av-40ps-84620e94a446d092de064a60a9658bd7 av-gridrow-cell av_one_half no_margin  avia-builder-el-7  el_after_av_cell_one_half  avia-builder-el-last  content-align-middle av-zero-padding'  ><div class='flex_cell_inner'><div class='flex_column_table av-ag1rs-2af7b21bed31b258f3c7c0f1948430c7 sc-av_one_full av-equal-height-column-flextable'>\n<style type=\"text\/css\" data-created_by=\"avia_inline_auto\" id=\"style-css-av-ag1rs-2af7b21bed31b258f3c7c0f1948430c7\">\n.flex_column.av-ag1rs-2af7b21bed31b258f3c7c0f1948430c7{\npadding:30px 30px 30px 30px;\n}\n.flex_column.av-ag1rs-2af7b21bed31b258f3c7c0f1948430c7 .avia-curtain-reveal-overlay{\nbackground:#ffffff;\nz-index:1;\n}\n<\/style>\n<div  class='flex_column av-ag1rs-2af7b21bed31b258f3c7c0f1948430c7 av_one_full  avia-builder-el-8  avia-builder-el-no-sibling  first flex_column_table_cell av-equal-height-column av-align-middle av-hide-on-mobile av-column-min-height-pc avia-full-stretch  '  data-av-column-min-height=\"{&quot;column-min-pc&quot;:&quot;100%&quot;,&quot;column-equal-height&quot;:true}\"   ><div class='avia-curtain-reveal-overlay av-animated-when-visible-95 animate-all-devices curtain-reveal-btt'><\/div><style type=\"text\/css\" data-created_by=\"avia_inline_auto\" id=\"style-css-av-a03mc-d1c36b4eead2f21d1b8a9fc3975b9f3b\">\n#top .av_textblock_section.av-a03mc-d1c36b4eead2f21d1b8a9fc3975b9f3b .avia_textblock{\nfont-size:15px;\ncolor:#ffffff;\n}\n<\/style>\n<section  class='av_textblock_section av-a03mc-d1c36b4eead2f21d1b8a9fc3975b9f3b '   itemscope=\"itemscope\" itemtype=\"https:\/\/schema.org\/CreativeWork\" ><div class='avia_textblock av_inherit_color'  itemprop=\"text\" ><p style=\"text-align: left;\"><strong>MBJ<\/strong> est l\u2019entreprise qui \u00e9dite et d\u00e9veloppe<strong> My-Better-Job<\/strong>. Elle a \u00e9t\u00e9 fond\u00e9e en 2017 par <a href=\"https:\/\/www.linkedin.com\/in\/olivier-verhaeghe-433739\/\">Olivier Verhaeghe.<\/a><\/p>\n<p style=\"text-align: left;\">Elle associe des comp\u00e9tences en \u00e9conomie territoriale, gestion des comp\u00e9tences, analyse du march\u00e9 du travail et bien s\u00fbr en d\u00e9veloppement et intelligence artificielle.<\/p>\n<p style=\"text-align: left;\">MBJ m\u00e8ne \u00e9galement de nombreuses missions <strong>de conseil aupr\u00e8s des entreprises<\/strong> (gestion des comp\u00e9tences), <strong>des branches professionnelles<\/strong> (prospective m\u00e9tier) et <strong>des collectivit\u00e9s locales<\/strong> (GPEC territoriale).<\/p>\n<p style=\"text-align: left;\">La pr\u00e9sentation de ses r\u00e9f\u00e9rences \u00e0 jour est disponible sur sa page <a href=\"https:\/\/www.linkedin.com\/company\/mbj-d%C3%A9veloppement\/?viewAsMember=true\">LinkedIn<\/a><\/p>\n<\/div><\/section><\/div><\/div><!--close column table wrapper. Autoclose: 1 -->\n<\/div><\/div><\/div><div id='contact'  class='av-layout-grid-container av-9h82g-dbd3ffdb0fa7ae16f85c10b699384435 entry-content-wrapper main_color av-flex-cells av-break-at-tablet  avia-builder-el-10  el_after_av_layout_row  avia-builder-el-last  grid-row-not-first  container_wrap fullsize'  >\n\n<style type=\"text\/css\" data-created_by=\"avia_inline_auto\" id=\"style-css-av-8lyao-6f4f84fe0bad4529607c3e3d80821405\">\n.flex_cell.av-8lyao-6f4f84fe0bad4529607c3e3d80821405{\nvertical-align:middle;\n}\n.responsive #top #wrap_all .flex_cell.av-8lyao-6f4f84fe0bad4529607c3e3d80821405{\npadding:120px 120px 120px 120px !important;\n}\n<\/style>\n<div class='flex_cell av-8lyao-6f4f84fe0bad4529607c3e3d80821405 av-gridrow-cell av_one_third no_margin av-hide-on-mobile  avia-builder-el-11  el_before_av_cell_two_third  avia-builder-el-first  content-align-middle avia-full-stretch'  ><div class='flex_cell_inner'>\n<style type=\"text\/css\" data-created_by=\"avia_inline_auto\" id=\"style-css-av-7zzk0-14d30d7d6f5630d42c613632ea2a17a4\">\n#top .av_textblock_section.av-7zzk0-14d30d7d6f5630d42c613632ea2a17a4 .avia_textblock{\ncolor:#26274e;\n}\n<\/style>\n<section  class='av_textblock_section av-7zzk0-14d30d7d6f5630d42c613632ea2a17a4 '   itemscope=\"itemscope\" itemtype=\"https:\/\/schema.org\/CreativeWork\" ><div class='avia_textblock av_inherit_color'  itemprop=\"text\" ><h1 class=\"heading-self-serve pop--700 text-color-white\" style=\"text-align: center;\">Vous avez un projet ?<\/h1>\n<\/div><\/section>\n<\/div><\/div>\n<style type=\"text\/css\" data-created_by=\"avia_inline_auto\" id=\"style-css-av-7mewc-5c6bd0713412629156732f762a968f2a\">\n.flex_cell.av-7mewc-5c6bd0713412629156732f762a968f2a{\nvertical-align:middle;\nbackground-color:#26274e;\n}\n.responsive #top #wrap_all .flex_cell.av-7mewc-5c6bd0713412629156732f762a968f2a{\npadding:100px 0 100px 0 !important;\n}\n<\/style>\n<div class='flex_cell av-7mewc-5c6bd0713412629156732f762a968f2a av-gridrow-cell av_two_third no_margin  avia-builder-el-13  el_after_av_cell_one_third  avia-builder-el-last  content-align-middle avia-full-contain'  ><div class='flex_cell_inner'><p><div  class='flex_column av-71sro-403d95e04c8aeee17ecc452658f96ab5 av_one_fifth  avia-builder-el-14  el_before_av_three_fifth  avia-builder-el-first  first flex_column_div  '     ><\/div><div  class='flex_column av-69zdo-eb2e374b5820926e69b00f876599a64a av_three_fifth  avia-builder-el-15  el_after_av_one_fifth  el_before_av_one_fifth  flex_column_div  '     ><form action=\"https:\/\/my-better-job.eu\/?page_id=52\" method=\"post\" data-fields-with-error=\"Erreurs trouv\u00e9es dans les champs suivants :\" class=\"avia_ajax_form av-form-labels-visible   avia-builder-el-16  avia-builder-el-no-sibling  av-custom-form-color av-light-form \" data-avia-form-id=\"1\" data-avia-redirect='' ><fieldset><h3 id='element_avia_1_1' class=' first_form  form_element form_fullwidth av-form-headline '><\/h3><p class='  first_form  form_element form_fullwidth' id='element_avia_2_1'><label for=\"avia_2_1\">Vous \u00eates  <abbr class=\"required\" title=\"requis(e)\">*<\/abbr><\/label><select  name=\"avia_2_1\" class=\"select is_empty\" id=\"avia_2_1\"><option   value='DRH'>DRH<\/option><option   value='DIRIGEANT(E) D\u2019ENTREPRISE'>DIRIGEANT(E) D\u2019ENTREPRISE<\/option><option   value='UN R\u00c9SEAU D\u2019ENTREPRISE'>UN R\u00c9SEAU D\u2019ENTREPRISE<\/option><option   value='UN ORGANISME DE FORMATION'>UN ORGANISME DE FORMATION<\/option><option   value='PARTICULIER'>PARTICULIER<\/option><\/select><\/p><p class='  first_form  form_element form_element_half' id='element_avia_3_1'><label for=\"avia_3_1\">Votre nom <abbr class=\"required\" title=\"requis(e)\">*<\/abbr><\/label> <input name=\"avia_3_1\" class=\"text_input is_empty\" type=\"text\" id=\"avia_3_1\" value=\"\" \/><\/p><p class='  form_element form_element_half' id='element_avia_4_1'><label for=\"avia_4_1\">Nom de votre organisme  <abbr class=\"required\" title=\"requis(e)\">*<\/abbr><\/label> <input name=\"avia_4_1\" class=\"text_input is_empty\" type=\"text\" id=\"avia_4_1\" value=\"\" \/><\/p><p class='  first_form  form_element form_element_half' id='element_avia_5_1'><label for=\"avia_5_1\">E-Mail <abbr class=\"required\" title=\"requis(e)\">*<\/abbr><\/label> <input name=\"avia_5_1\" class=\"text_input is_email\" type=\"text\" id=\"avia_5_1\" value=\"\" \/><\/p><p class='  form_element form_element_half' id='element_avia_6_1'><label for=\"avia_6_1\">T\u00e9l\u00e9phone <abbr class=\"required\" title=\"requis(e)\">*<\/abbr><\/label> <input name=\"avia_6_1\" class=\"text_input is_empty\" type=\"text\" id=\"avia_6_1\" value=\"\" \/><\/p><p class='  first_form  form_element form_fullwidth av-last-visible-form-element' id='element_avia_7_1'><label for=\"avia_7_1\" class=\"textare_label hidden textare_label_avia_7_1\">Parlez-nous de votre projet  <abbr class=\"required\" title=\"requis(e)\">*<\/abbr><\/label><textarea  name=\"avia_7_1\" class=\"text_area is_empty\" cols=\"40\" rows=\"7\" id=\"avia_7_1\" ><\/textarea><\/p><p class=\"hidden\"><input type=\"text\" name=\"avia_8_1\" class=\"hidden \" id=\"avia_8_1\" value=\"\" \/><\/p><p class=\"form_element \"><input type=\"hidden\" value=\"1\" name=\"avia_generated_form1\" \/><input type=\"submit\" value=\"Envoyer\" class=\"button\"  data-sending-label=\"Envoi\"\/><\/p><\/fieldset><\/form><div id=\"ajaxresponse_1\" class=\"ajaxresponse ajaxresponse_1 hidden\"><\/div><\/div><div  class='flex_column av-zjo4-479c9996d25711a02584787586fd9eee av_one_fifth  avia-builder-el-17  el_after_av_three_fifth  avia-builder-el-last  flex_column_div  '     ><\/div><\/p>\n<\/div><\/div>\n<\/div><\/p>\n","protected":false},"excerpt":{"rendered":"","protected":false},"author":1,"featured_media":0,"parent":0,"menu_order":0,"comment_status":"closed","ping_status":"closed","template":"","meta":{"inline_featured_image":false,"footnotes":""},"class_list":["post-52","page","type-page","status-publish","hentry"],"_links":{"self":[{"href":"https:\/\/my-better-job.eu\/index.php?rest_route=\/wp\/v2\/pages\/52","targetHints":{"allow":["GET"]}}],"collection":[{"href":"https:\/\/my-better-job.eu\/index.php?rest_route=\/wp\/v2\/pages"}],"about":[{"href":"https:\/\/my-better-job.eu\/index.php?rest_route=\/wp\/v2\/types\/page"}],"author":[{"embeddable":true,"href":"https:\/\/my-better-job.eu\/index.php?rest_route=\/wp\/v2\/users\/1"}],"replies":[{"embeddable":true,"href":"https:\/\/my-better-job.eu\/index.php?rest_route=%2Fwp%2Fv2%2Fcomments&post=52"}],"version-history":[{"count":2,"href":"https:\/\/my-better-job.eu\/index.php?rest_route=\/wp\/v2\/pages\/52\/revisions"}],"predecessor-version":[{"id":128,"href":"https:\/\/my-better-job.eu\/index.php?rest_route=\/wp\/v2\/pages\/52\/revisions\/128"}],"wp:attachment":[{"href":"https:\/\/my-better-job.eu\/index.php?rest_route=%2Fwp%2Fv2%2Fmedia&parent=52"}],"curies":[{"name":"wp","href":"https:\/\/api.w.org\/{rel}","templated":true}]}}