{"id":353,"date":"2025-08-20T12:19:48","date_gmt":"2025-08-20T12:19:48","guid":{"rendered":"https:\/\/my-better-job.eu\/?page_id=353"},"modified":"2025-08-28T14:11:32","modified_gmt":"2025-08-28T14:11:32","slug":"conseil-en-management","status":"publish","type":"page","link":"https:\/\/my-better-job.eu\/?page_id=353","title":{"rendered":"CONSEIL EN MANAGEMENT"},"content":{"rendered":"<div id='av_section_1'  class='avia-section av-av_section-ead7872a6199d9872a6fed09789ee080 main_color avia-section-default avia-no-border-styling  avia-builder-el-0  el_before_av_section  avia-builder-el-first  avia-bg-style-scroll container_wrap fullsize'  ><div class='container av-section-cont-open' ><main  role=\"main\" itemprop=\"mainContentOfPage\"  class='template-page content  av-content-full alpha units'><div class='post-entry post-entry-type-page post-entry-353'><div class='entry-content-wrapper clearfix'>\n<div class='flex_column_table av-av_one_half-9a03e5277ea38e40629af0c30ff6f3bd sc-av_one_half av-equal-height-column-flextable'><div  class='flex_column av-av_one_half-9a03e5277ea38e40629af0c30ff6f3bd av_one_half  avia-builder-el-1  el_before_av_one_half  avia-builder-el-first  first flex_column_table_cell av-equal-height-column av-align-middle  '     ><style type=\"text\/css\" data-created_by=\"avia_inline_auto\" id=\"style-css-av-mevh92yp-dd5f9e915d09c41cb1a33fa0ca7ba9b9\">\n.avia-image-container.av-mevh92yp-dd5f9e915d09c41cb1a33fa0ca7ba9b9 img.avia_image{\nbox-shadow:none;\n}\n.avia-image-container.av-mevh92yp-dd5f9e915d09c41cb1a33fa0ca7ba9b9 .av-image-caption-overlay-center{\ncolor:#ffffff;\n}\n<\/style>\n<div  class='avia-image-container av-mevh92yp-dd5f9e915d09c41cb1a33fa0ca7ba9b9 av-styling- avia-align-center  avia-builder-el-2  avia-builder-el-no-sibling '   itemprop=\"image\" itemscope=\"itemscope\" itemtype=\"https:\/\/schema.org\/ImageObject\" ><div class=\"avia-image-container-inner\"><div class=\"avia-image-overlay-wrap\"><img decoding=\"async\" fetchpriority=\"high\" class='wp-image-699 avia-img-lazy-loading-not-699 avia_image ' src=\"https:\/\/my-better-job.eu\/wp-content\/uploads\/2025\/08\/conseil-management-60-ok.svg\" alt='' title='conseil-management-60-ok'  height=\"150\" width=\"150\"  itemprop=\"thumbnailUrl\"  \/><\/div><\/div><\/div><\/div><div class='av-flex-placeholder'><\/div><div  class='flex_column av-av_one_half-adc580dd05f77a2b0dc13b9faf540b43 av_one_half  avia-builder-el-3  el_after_av_one_half  avia-builder-el-last  flex_column_table_cell av-equal-height-column av-align-middle  '     ><style type=\"text\/css\" data-created_by=\"avia_inline_auto\" id=\"style-css-av-mevh9a6f-8a8b69f3cdb90144442c9a0a60c3c931\">\n#top .av_textblock_section.av-mevh9a6f-8a8b69f3cdb90144442c9a0a60c3c931 .avia_textblock{\nfont-size:20px;\ncolor:#66bc93;\n}\n<\/style>\n<section  class='av_textblock_section av-mevh9a6f-8a8b69f3cdb90144442c9a0a60c3c931 '   itemscope=\"itemscope\" itemtype=\"https:\/\/schema.org\/CreativeWork\" ><div class='avia_textblock av_inherit_color'  itemprop=\"text\" ><h4><strong>Conseil en management<\/strong><\/h4>\n<\/div><\/section><br \/>\n\n<style type=\"text\/css\" data-created_by=\"avia_inline_auto\" id=\"style-css-av-av_textblock-a34b9c461cc511d396ba432d2a534a73\">\n#top .av_textblock_section.av-av_textblock-a34b9c461cc511d396ba432d2a534a73 .avia_textblock{\nfont-size:20px;\ncolor:#26274e;\n}\n<\/style>\n<section  class='av_textblock_section av-av_textblock-a34b9c461cc511d396ba432d2a534a73 '   itemscope=\"itemscope\" itemtype=\"https:\/\/schema.org\/CreativeWork\" ><div class='avia_textblock av_inherit_color'  itemprop=\"text\" ><hr style=\"width: 50%; border: 3px solid #66bc93; border-radius: 3px;\" \/>\n<\/div><\/section><br \/>\n\n<style type=\"text\/css\" data-created_by=\"avia_inline_auto\" id=\"style-css-av-mevhbwpu-2656e845b395a45abbbb40c76dcb0e97\">\n#top .togglecontainer.av-mevhbwpu-2656e845b395a45abbbb40c76dcb0e97 p.toggler{\nfont-size:15px;\ncolor:#26274e;\nborder-color:#66bc93;\n}\n#top .togglecontainer.av-mevhbwpu-2656e845b395a45abbbb40c76dcb0e97 p.toggler .toggle_icon{\ncolor:#66bc93;\nborder-color:#66bc93;\n}\n#top .togglecontainer.av-mevhbwpu-2656e845b395a45abbbb40c76dcb0e97 p.toggler .toggle_icon > span{\ncolor:#66bc93;\nborder-color:#66bc93;\n}\n#top .togglecontainer.av-mevhbwpu-2656e845b395a45abbbb40c76dcb0e97 .toggle_wrap .toggle_content{\ncolor:#26274e;\nborder-color:#66bc93;\n}\n<\/style>\n<div  class='togglecontainer av-mevhbwpu-2656e845b395a45abbbb40c76dcb0e97 av-minimal-toggle  avia-builder-el-6  el_after_av_textblock  el_before_av_buttonrow  toggle_close_all' >\n<section class='av_toggle_section av-mevhbcxg-74c5821e0a8ece6eba3b4be075fbf3c1'  itemscope=\"itemscope\" itemtype=\"https:\/\/schema.org\/CreativeWork\" ><div role=\"tablist\" class=\"single_toggle\" data-tags=\"{Tout} \"  ><p id='toggle-toggle-id-1' data-fake-id='#toggle-id-1' class='toggler  av-title-above av-inherit-border-color'  itemprop=\"headline\"  role='tab' tabindex='0' aria-controls='toggle-id-1' data-slide-speed=\"200\" data-title=\"Donn\u00e9es d\u2019entr\u00e9e requises \" data-title-open=\"\" data-aria_collapsed=\"Cliquez pour \u00e9tendre : Donn\u00e9es d\u2019entr\u00e9e requises \" data-aria_expanded=\"Cliquez pour r\u00e9duire : Donn\u00e9es d\u2019entr\u00e9e requises \">Donn\u00e9es d\u2019entr\u00e9e requises <span class=\"toggle_icon\"><span class=\"vert_icon\"><\/span><span class=\"hor_icon\"><\/span><\/span><\/p><div id='toggle-id-1' aria-labelledby='toggle-toggle-id-1' role='region' class='toggle_wrap  av-title-above'  ><div class='toggle_content invers-color av-inherit-border-color'  itemprop=\"text\" ><ul>\n<li aria-setsize=\"-1\" data-leveltext=\"\uf0b7\" data-font=\"Symbol\" data-listid=\"2\" data-list-defn-props=\"{\" data-aria-posinset=\"1\" data-aria-level=\"1\">Aucune<\/li>\n<\/ul>\n<\/div><\/div><\/div><\/section>\n<section class='av_toggle_section av-mevhbm13-937ef358f43da6b7cf725c1db5b5952d'  itemscope=\"itemscope\" itemtype=\"https:\/\/schema.org\/CreativeWork\" ><div role=\"tablist\" class=\"single_toggle\" data-tags=\"{Tout} \"  ><p id='toggle-toggle-id-2' data-fake-id='#toggle-id-2' class='toggler  av-title-above av-inherit-border-color'  itemprop=\"headline\"  role='tab' tabindex='0' aria-controls='toggle-id-2' data-slide-speed=\"200\" data-title=\"Livrable \" data-title-open=\"\" data-aria_collapsed=\"Cliquez pour \u00e9tendre : Livrable \" data-aria_expanded=\"Cliquez pour r\u00e9duire : Livrable \">Livrable <span class=\"toggle_icon\"><span class=\"vert_icon\"><\/span><span class=\"hor_icon\"><\/span><\/span><\/p><div id='toggle-id-2' aria-labelledby='toggle-toggle-id-2' role='region' class='toggle_wrap  av-title-above'  ><div class='toggle_content invers-color av-inherit-border-color'  itemprop=\"text\" ><ul>\n<li data-olk-copy-source=\"MessageBody\">D\u00e9crire le projet strat\u00e9gique\u00a0: analyse des \u00e9volutions internes et externes de l\u2019entreprise (mutation des m\u00e9tiers, r\u00e9glementation, technologies, innovation, environnement concurrentiel et nouveaux entrants, dynamique des march\u00e9s etc.)\u00a0; formalisation du projet et de sa d\u00e9clinaison organisationnelle pour l\u2019entreprise ou une partie de son effectif<\/li>\n<\/ul>\n<ul>\n<li>Hi\u00e9rarchiser les objectifs de formation et de d\u00e9veloppement des comp\u00e9tences\u00a0: comp\u00e9tences critiques \u00e0 acqu\u00e9rir ou maintenir\u00a0; dynamique des m\u00e9tiers\u00a0; transformation de certains m\u00e9tiers \u00e0 court ou moyen terme<\/li>\n<\/ul>\n<ul>\n<li>Nourrir le dialogue social dans l\u2019entreprise et \u00e9tayer la responsabilit\u00e9 sociale de l\u2019entreprise, mobiliser les salari\u00e9s dans l\u2019effort de formation<\/li>\n<\/ul>\n<ul>\n<li>Rep\u00e9rer les revenus de formation dans l\u2019entreprise et dans son environnement, organiser et \u00ab\u00a0outiller\u00a0\u00bb le transfert de comp\u00e9tences (via la mise en place de LMS par exemple)<\/li>\n<\/ul>\n<ul>\n<li>D\u00e9finir, mettre en place et exploiter les outils n\u00e9cessaires \u00e0 une gestion efficace des comp\u00e9tences dans et par l\u2019entreprise\u00a0: fiches de postes\u00a0; nomenclature de comp\u00e9tences\u00a0; outils d\u2019\u00e9valuation des comp\u00e9tences des collaborateurs\u00a0; cartographie des m\u00e9tiers\u00a0; plan de d\u00e9veloppement des comp\u00e9tences\u00a0; identification et analyse des mobilit\u00e9s internes et externes (<i>outplacement<\/i>\u00a0de salari\u00e9s)\u00a0; matrices de comp\u00e9tences\u00a0; tableau de bord de consolidation et de transfert des comp\u00e9tences critiques<\/li>\n<\/ul>\n<ul>\n<li>Faciliter, r\u00e9ussir et am\u00e9liorer les recrutements gr\u00e2ce \u00e0 des processus d\u00e9di\u00e9s plus pertinents, plus document\u00e9s et plus ouverts<\/li>\n<\/ul>\n<ul>\n<li>Conduire le changement en d\u00e9finissant une strat\u00e9gie des comp\u00e9tences compl\u00e8te, en professionnalisant et en mobilisant le management interm\u00e9diaire et enfin en mesurant la progression du projet d\u2019\u00e9quipe ou d\u2019entreprise du point de vue de la gestion des comp\u00e9tences<\/li>\n<\/ul>\n<\/div><\/div><\/div><\/section>\n<section class='av_toggle_section av-mevhbvgz-2a077d891ab562536325c20cbdf7abe0'  itemscope=\"itemscope\" itemtype=\"https:\/\/schema.org\/CreativeWork\" ><div role=\"tablist\" class=\"single_toggle\" data-tags=\"{Tout} \"  ><p id='toggle-toggle-id-3' data-fake-id='#toggle-id-3' class='toggler  av-title-above av-inherit-border-color'  itemprop=\"headline\"  role='tab' tabindex='0' aria-controls='toggle-id-3' data-slide-speed=\"200\" data-title=\"Tarif\" data-title-open=\"\" data-aria_collapsed=\"Cliquez pour \u00e9tendre : Tarif\" data-aria_expanded=\"Cliquez pour r\u00e9duire : Tarif\">Tarif<span class=\"toggle_icon\"><span class=\"vert_icon\"><\/span><span class=\"hor_icon\"><\/span><\/span><\/p><div id='toggle-id-3' aria-labelledby='toggle-toggle-id-3' role='region' class='toggle_wrap  av-title-above'  ><div class='toggle_content invers-color av-inherit-border-color'  itemprop=\"text\" ><p><b>Sur devis<\/b><\/p>\n<\/div><\/div><\/div><\/section>\n<\/div><br \/>\n<div  class='avia-buttonrow-wrap av-mevhc3on-2f880a780979c51cbda0d2a6da8c2c72 avia-buttonrow-left  avia-builder-el-7  el_after_av_toggle_container  avia-builder-el-last '>\n\n<style type=\"text\/css\" data-created_by=\"avia_inline_auto\" id=\"style-css-av-av_buttonrow_item-6375ddabf2e272eaa2d038fd111976d1\">\n#top #wrap_all .avia-button.av-av_buttonrow_item-6375ddabf2e272eaa2d038fd111976d1{\nmargin-bottom:5px;\nmargin-right:5px;\n}\n<\/style>\n<a href='#contact'  class='avia-button av-av_buttonrow_item-6375ddabf2e272eaa2d038fd111976d1 avia-icon_select-no avia-size-x-large avia-color-theme-color'   aria-label=\"Demander un devis\"><span class='avia_iconbox_title' >Demander un devis<\/span><\/a>\n<\/div><\/p><\/div><\/div><!--close column table wrapper. Autoclose: 1 --><\/div><\/div><\/main><!-- close content main element --><\/div><\/div>\n<style type=\"text\/css\" data-created_by=\"avia_inline_auto\" id=\"style-css-av-av_section-41107d2f45cccb3d2e249b7e4c3c3bed\">\n.avia-section.av-av_section-41107d2f45cccb3d2e249b7e4c3c3bed{\nbackground-color:#f4f4f4;\nbackground-image:unset;\n}\n<\/style>\n<div id='av_section_2'  class='avia-section av-av_section-41107d2f45cccb3d2e249b7e4c3c3bed main_color avia-section-default avia-no-border-styling  avia-builder-el-8  el_after_av_section  el_before_av_section  avia-bg-style-scroll container_wrap fullsize'  ><div class='container av-section-cont-open' ><div class='template-page content  av-content-full alpha units'><div class='post-entry post-entry-type-page post-entry-353'><div class='entry-content-wrapper clearfix'>\n<div class='flex_column_table av-av_one_half-9a03e5277ea38e40629af0c30ff6f3bd sc-av_one_half av-equal-height-column-flextable'><div  class='flex_column av-av_one_half-9a03e5277ea38e40629af0c30ff6f3bd av_one_half  avia-builder-el-9  el_before_av_one_half  avia-builder-el-first  first flex_column_table_cell av-equal-height-column av-align-middle  '     ><section  class='av_textblock_section av-mevhf76h-37eb2db6fdbc9c4c6454412cd4d50353 '   itemscope=\"itemscope\" itemtype=\"https:\/\/schema.org\/CreativeWork\" ><div class='avia_textblock'  itemprop=\"text\" ><p style=\"text-align: center;\"><strong>LE CONSEIL EN MANAGEMENT<\/strong><\/p>\n<\/div><\/section><br \/>\n\n<style type=\"text\/css\" data-created_by=\"avia_inline_auto\" id=\"style-css-av-mevhe9yd-5d2567b5d7601c8ac967e3baaff20353\">\n#top .av_textblock_section.av-mevhe9yd-5d2567b5d7601c8ac967e3baaff20353 .avia_textblock{\nfont-size:20px;\ncolor:#66bc93;\n}\n<\/style>\n<section  class='av_textblock_section av-mevhe9yd-5d2567b5d7601c8ac967e3baaff20353 '   itemscope=\"itemscope\" itemtype=\"https:\/\/schema.org\/CreativeWork\" ><div class='avia_textblock av_inherit_color'  itemprop=\"text\" ><h4 style=\"text-align: center;\"><strong>&#8211; Avec My-Better-Job &#8211;<\/strong><\/h4>\n<\/div><\/section><br \/>\n\n<style type=\"text\/css\" data-created_by=\"avia_inline_auto\" id=\"style-css-av-av_hr-02349c1beab2949c090bc0e85b87d63d\">\n#top .hr.hr-invisible.av-av_hr-02349c1beab2949c090bc0e85b87d63d{\nheight:20px;\n}\n<\/style>\n<div  class='hr av-av_hr-02349c1beab2949c090bc0e85b87d63d hr-invisible  avia-builder-el-12  el_after_av_textblock  el_before_av_textblock '><span class='hr-inner '><span class=\"hr-inner-style\"><\/span><\/span><\/div><br \/>\n\n<style type=\"text\/css\" data-created_by=\"avia_inline_auto\" id=\"style-css-av-mevhekqc-03980e7dbbb355bba8d949355246275a\">\n#top .av_textblock_section.av-mevhekqc-03980e7dbbb355bba8d949355246275a .avia_textblock{\nfont-size:15px;\ncolor:#26274e;\n}\n<\/style>\n<section  class='av_textblock_section av-mevhekqc-03980e7dbbb355bba8d949355246275a '   itemscope=\"itemscope\" itemtype=\"https:\/\/schema.org\/CreativeWork\" ><div class='avia_textblock av_inherit_color'  itemprop=\"text\" ><p class=\"x_elementToProof\" data-olk-copy-source=\"MessageBody\"><strong>Couvrir l\u2019ensemble de ces prestations efficacement et \u00e0 moindre co\u00fbt est possible gr\u00e2ce \u00e0 deux facteurs :<\/strong><\/p>\n<ul>\n<li data-olk-copy-source=\"MessageBody\"><strong>L\u2019exp\u00e9rience et l\u2019expertise des professionnels de My-Better-Job<\/strong><\/li>\n<\/ul>\n<ul>\n<li data-olk-copy-source=\"MessageBody\"><strong>Les gains de productivit\u00e9 permis par My-Better-Job, que ce soit via les donn\u00e9es qu\u2019il int\u00e8gre (r\u00e9f\u00e9rentiels de m\u00e9tiers ou de formations, recensement des formations, nomenclature commune des comp\u00e9tences) ou gr\u00e2ce \u00e0 ses fonctionnalit\u00e9s exclusives (analyse et description des parcours professionnels, \u00e9valuation des \u00e9carts de comp\u00e9tences, cartographie des mobilit\u00e9s, reporting RH et matrices de comp\u00e9tences etc.)<\/strong><\/li>\n<\/ul>\n<\/div><\/section><\/p><\/div><div class='av-flex-placeholder'><\/div><div  class='flex_column av-av_one_half-5ebb9248fb9c120f6665341cb151d4ce av_one_half  avia-builder-el-14  el_after_av_one_half  avia-builder-el-last  flex_column_table_cell av-equal-height-column av-align-middle  '     ><style type=\"text\/css\" data-created_by=\"avia_inline_auto\" id=\"style-css-av-mevhcgiq-ae1d082141123bb99e124c2158cec010\">\n#top .av_textblock_section.av-mevhcgiq-ae1d082141123bb99e124c2158cec010 .avia_textblock{\nfont-size:15px;\ncolor:#26274e;\n}\n<\/style>\n<section  class='av_textblock_section av-mevhcgiq-ae1d082141123bb99e124c2158cec010 '   itemscope=\"itemscope\" itemtype=\"https:\/\/schema.org\/CreativeWork\" ><div class='avia_textblock av_inherit_color'  itemprop=\"text\" ><div class=\"x_elementToProof\" data-olk-copy-source=\"MessageBody\"><em><strong>L\u2019accompagnement de l\u2019entreprise a pour but de l\u2019aider \u00e0 faire de son effectif, son organisation, ses \u00e9quipes, ses m\u00e9tiers et ses collaborateurs des leviers de performance et de d\u00e9veloppement aussi (voire plus) puissants que l\u2019innovation dans la technologie, les proc\u00e9d\u00e9s ou les \u00e9quipements. Ce r\u00e9sultat ne peut \u00eatre obtenu, comme on l\u2019a vu, sans \u00ab\u00a0alignement\u00a0\u00bb avec le cap strat\u00e9gique de l\u2019entreprise.<\/strong><\/em><\/div>\n<div class=\"x_elementToProof\"><em><strong>Le conseil en management par MBJ est mis en \u0153uvre par des consultants exp\u00e9riment\u00e9s, disposant de cette double comp\u00e9tence strat\u00e9gie-management. Ils s\u2019appuient \u00e9galement sur l\u2019ing\u00e9nierie sous-tendant My-Better-Job, solution innovante de gestion des comp\u00e9tences et des \u00e9volutions professionnelles. Les interventions aupr\u00e8s des entreprises peuvent donc prendre des formes diff\u00e9rentes et compl\u00e9mentaires).<\/strong><\/em><\/div>\n<\/div><\/section><\/div><\/div><!--close column table wrapper. Autoclose: 1 --><\/div><\/div><\/div><!-- close content main div --><\/div><\/div><div id='contact'  class='avia-section av-meikd0g1-1d534e3afd5bd985891c90e919c279d3 main_color avia-section-default avia-no-border-styling  avia-builder-el-16  el_after_av_section  avia-builder-el-last  degrade avia-bg-style-scroll container_wrap fullsize'  ><div class='container av-section-cont-open' ><div class='template-page content  av-content-full alpha units'><div class='post-entry post-entry-type-page post-entry-353'><div class='entry-content-wrapper clearfix'>\n<form action=\"https:\/\/my-better-job.eu\/?page_id=353\" method=\"post\" data-fields-with-error=\"Erreurs trouv\u00e9es dans les champs suivants :\" class=\"avia_ajax_form av-form-labels-hidden   avia-builder-el-17  avia-builder-el-no-sibling  av-custom-form-color av-light-form \" data-avia-form-id=\"1\" data-avia-redirect='' ><fieldset><h3 id='element_avia_1_1' class=' first_form  form_element form_fullwidth av-form-headline '><\/h3><p class='  first_form  form_element form_element_half' id='element_avia_2_1'><label for=\"avia_2_1\">Votre nom <abbr class=\"required\" title=\"requis(e)\">*<\/abbr><\/label> <input name=\"avia_2_1\" class=\"text_input is_empty\" type=\"text\" id=\"avia_2_1\" value=\"\"  placeholder='Votre nom*'\/><\/p><p class='  form_element form_element_half' id='element_avia_3_1'><label for=\"avia_3_1\">Nom de votre \u00e9tablissement   <abbr class=\"required\" title=\"requis(e)\">*<\/abbr><\/label> <input name=\"avia_3_1\" class=\"text_input is_empty\" type=\"text\" id=\"avia_3_1\" value=\"\"  placeholder='Nom de votre \u00e9tablissement  *'\/><\/p><p class='  first_form  form_element form_element_half' id='element_avia_4_1'><label for=\"avia_4_1\">E-Mail <abbr class=\"required\" title=\"requis(e)\">*<\/abbr><\/label> <input name=\"avia_4_1\" class=\"text_input is_email\" type=\"text\" id=\"avia_4_1\" value=\"\"  placeholder='E-Mail*'\/><\/p><p class='  form_element form_element_half' id='element_avia_5_1'><label for=\"avia_5_1\">T\u00e9l\u00e9phone <abbr class=\"required\" title=\"requis(e)\">*<\/abbr><\/label> <input name=\"avia_5_1\" class=\"text_input is_empty\" type=\"text\" id=\"avia_5_1\" value=\"\"  placeholder='T\u00e9l\u00e9phone*'\/><\/p><p class='  first_form  form_element form_fullwidth av-last-visible-form-element' id='element_avia_6_1'><label for=\"avia_6_1\" class=\"textare_label hidden textare_label_avia_6_1\">D\u00e9crivez-nous vos besoins ... <abbr class=\"required\" title=\"requis(e)\">*<\/abbr><\/label><textarea  placeholder='D\u00e9crivez-nous vos besoins ...*' name=\"avia_6_1\" class=\"text_area is_empty\" cols=\"40\" rows=\"7\" id=\"avia_6_1\" ><\/textarea><\/p><p class=\"hidden\"><input type=\"text\" name=\"avia_7_1\" class=\"hidden \" id=\"avia_7_1\" value=\"\" \/><\/p><p class=\"form_element \"><input type=\"hidden\" value=\"1\" name=\"avia_generated_form1\" \/><input type=\"submit\" value=\"Envoyer\" class=\"button\"  data-sending-label=\"Envoi\"\/><\/p><\/fieldset><\/form><div id=\"ajaxresponse_1\" class=\"ajaxresponse ajaxresponse_1 hidden\"><\/div>\n<\/p>\n","protected":false},"excerpt":{"rendered":"","protected":false},"author":1,"featured_media":0,"parent":0,"menu_order":0,"comment_status":"closed","ping_status":"closed","template":"","meta":{"inline_featured_image":false,"footnotes":""},"class_list":["post-353","page","type-page","status-publish","hentry"],"_links":{"self":[{"href":"https:\/\/my-better-job.eu\/index.php?rest_route=\/wp\/v2\/pages\/353","targetHints":{"allow":["GET"]}}],"collection":[{"href":"https:\/\/my-better-job.eu\/index.php?rest_route=\/wp\/v2\/pages"}],"about":[{"href":"https:\/\/my-better-job.eu\/index.php?rest_route=\/wp\/v2\/types\/page"}],"author":[{"embeddable":true,"href":"https:\/\/my-better-job.eu\/index.php?rest_route=\/wp\/v2\/users\/1"}],"replies":[{"embeddable":true,"href":"https:\/\/my-better-job.eu\/index.php?rest_route=%2Fwp%2Fv2%2Fcomments&post=353"}],"version-history":[{"count":21,"href":"https:\/\/my-better-job.eu\/index.php?rest_route=\/wp\/v2\/pages\/353\/revisions"}],"predecessor-version":[{"id":927,"href":"https:\/\/my-better-job.eu\/index.php?rest_route=\/wp\/v2\/pages\/353\/revisions\/927"}],"wp:attachment":[{"href":"https:\/\/my-better-job.eu\/index.php?rest_route=%2Fwp%2Fv2%2Fmedia&parent=353"}],"curies":[{"name":"wp","href":"https:\/\/api.w.org\/{rel}","templated":true}]}}