{"id":347,"date":"2025-08-19T14:50:56","date_gmt":"2025-08-19T14:50:56","guid":{"rendered":"https:\/\/my-better-job.eu\/?page_id=347"},"modified":"2025-09-12T14:22:12","modified_gmt":"2025-09-12T14:22:12","slug":"reporting-rh","status":"publish","type":"page","link":"https:\/\/my-better-job.eu\/?page_id=347","title":{"rendered":"REPORTING RH"},"content":{"rendered":"<div id='av_section_1'  class='avia-section av-1pq56j-7ed0505e502957b6800f04cd23527d69 main_color avia-section-default avia-no-border-styling  avia-builder-el-0  el_before_av_section  avia-builder-el-first  avia-bg-style-scroll container_wrap fullsize'  ><div class='container av-section-cont-open' ><main  role=\"main\" itemprop=\"mainContentOfPage\"  class='template-page content  av-content-full alpha units'><div class='post-entry post-entry-type-page post-entry-347'><div class='entry-content-wrapper clearfix'>\n<div class='flex_column_table av-1kruyz-df30a431619c6bf174c9acd4384dc3ce sc-av_one_half av-equal-height-column-flextable'><div  class='flex_column av-1kruyz-df30a431619c6bf174c9acd4384dc3ce av_one_half  avia-builder-el-1  el_before_av_one_half  avia-builder-el-first  first flex_column_table_cell av-equal-height-column av-align-middle  '     ><style type=\"text\/css\" data-created_by=\"avia_inline_auto\" id=\"style-css-av-mevghyvu-6c94deb537de39daf354e0dc67ac5773\">\n.avia-image-container.av-mevghyvu-6c94deb537de39daf354e0dc67ac5773 img.avia_image{\nbox-shadow:none;\n}\n.avia-image-container.av-mevghyvu-6c94deb537de39daf354e0dc67ac5773 .av-image-caption-overlay-center{\ncolor:#ffffff;\n}\n<\/style>\n<div  class='avia-image-container av-mevghyvu-6c94deb537de39daf354e0dc67ac5773 av-styling- avia-align-center  avia-builder-el-2  avia-builder-el-no-sibling '   itemprop=\"image\" itemscope=\"itemscope\" itemtype=\"https:\/\/schema.org\/ImageObject\" ><div class=\"avia-image-container-inner\"><div class=\"avia-image-overlay-wrap\"><img decoding=\"async\" fetchpriority=\"high\" class='wp-image-429 avia-img-lazy-loading-not-429 avia_image ' src=\"https:\/\/my-better-job.eu\/wp-content\/uploads\/2025\/08\/reporting-rh.svg\" alt='' title='reporting-rh'  height=\"150\" width=\"150\"  itemprop=\"thumbnailUrl\"  \/><\/div><\/div><\/div><\/div><div class='av-flex-placeholder'><\/div><div  class='flex_column av-1f1ck3-4077354d015909196c3a4a748fe524b2 av_one_half  avia-builder-el-3  el_after_av_one_half  avia-builder-el-last  flex_column_table_cell av-equal-height-column av-align-middle  '     ><style type=\"text\/css\" data-created_by=\"avia_inline_auto\" id=\"style-css-av-mevgi604-b7a5cda7c7050e97f25f5640e7eb24ab\">\n#top .av_textblock_section.av-mevgi604-b7a5cda7c7050e97f25f5640e7eb24ab .avia_textblock{\nfont-size:20px;\ncolor:#66bc93;\n}\n<\/style>\n<section  class='av_textblock_section av-mevgi604-b7a5cda7c7050e97f25f5640e7eb24ab '   itemscope=\"itemscope\" itemtype=\"https:\/\/schema.org\/CreativeWork\" ><div class='avia_textblock av_inherit_color'  itemprop=\"text\" ><h4><strong>Reporting RH<\/strong><\/h4>\n<\/div><\/section><br \/>\n\n<style type=\"text\/css\" data-created_by=\"avia_inline_auto\" id=\"style-css-av-mevgi8f6-e4265de945675d504c8b7ea917b717e1\">\n#top .av_textblock_section.av-mevgi8f6-e4265de945675d504c8b7ea917b717e1 .avia_textblock{\ncolor:#26274e;\n}\n<\/style>\n<section  class='av_textblock_section av-mevgi8f6-e4265de945675d504c8b7ea917b717e1 '   itemscope=\"itemscope\" itemtype=\"https:\/\/schema.org\/CreativeWork\" ><div class='avia_textblock av_inherit_color'  itemprop=\"text\" ><p><strong>R\u00e9alisation d\u2019enregistrements dans le cadre du d\u00e9ploiement d\u2019une d\u00e9marche qualit\u00e9 (ex : ISO 9001) ou d\u2019un Dashboard de KPI RH.\u00a0<\/strong><\/p>\n<\/div><\/section><br \/>\n\n<style type=\"text\/css\" data-created_by=\"avia_inline_auto\" id=\"style-css-av-18ircb-72df815ae54ae5c6051d80512f9db3f4\">\n#top .av_textblock_section.av-18ircb-72df815ae54ae5c6051d80512f9db3f4 .avia_textblock{\nfont-size:20px;\ncolor:#26274e;\n}\n<\/style>\n<section  class='av_textblock_section av-18ircb-72df815ae54ae5c6051d80512f9db3f4 '   itemscope=\"itemscope\" itemtype=\"https:\/\/schema.org\/CreativeWork\" ><div class='avia_textblock av_inherit_color'  itemprop=\"text\" ><hr style=\"width: 50%; border: 3px solid #66bc93; border-radius: 3px;\" \/>\n<\/div><\/section><br \/>\n\n<style type=\"text\/css\" data-created_by=\"avia_inline_auto\" id=\"style-css-av-mevgjw8c-828a4f7326f447df20a6bd17f85b3340\">\n#top .togglecontainer.av-mevgjw8c-828a4f7326f447df20a6bd17f85b3340 p.toggler{\nfont-size:15px;\ncolor:#26274e;\nborder-color:#66bc93;\n}\n#top .togglecontainer.av-mevgjw8c-828a4f7326f447df20a6bd17f85b3340 p.toggler .toggle_icon{\ncolor:#66bc93;\nborder-color:#66bc93;\n}\n#top .togglecontainer.av-mevgjw8c-828a4f7326f447df20a6bd17f85b3340 p.toggler .toggle_icon > span{\ncolor:#66bc93;\nborder-color:#66bc93;\n}\n#top .togglecontainer.av-mevgjw8c-828a4f7326f447df20a6bd17f85b3340 .toggle_wrap .toggle_content{\ncolor:#26274e;\nborder-color:#66bc93;\n}\n<\/style>\n<div  class='togglecontainer av-mevgjw8c-828a4f7326f447df20a6bd17f85b3340 av-minimal-toggle  avia-builder-el-7  el_after_av_textblock  el_before_av_buttonrow  toggle_close_all' >\n<section class='av_toggle_section av-mevgiuu9-7683fc049a7fa7841f2da1ccf7ccff94'  itemscope=\"itemscope\" itemtype=\"https:\/\/schema.org\/CreativeWork\" ><div role=\"tablist\" class=\"single_toggle\" data-tags=\"{Tout} \"  ><p id='toggle-toggle-id-1' data-fake-id='#toggle-id-1' class='toggler  av-title-above av-inherit-border-color'  itemprop=\"headline\"  role='tab' tabindex='0' aria-controls='toggle-id-1' data-slide-speed=\"200\" data-title=\"Donn\u00e9es d\u2019entr\u00e9e requises \" data-title-open=\"\" data-aria_collapsed=\"Cliquez pour \u00e9tendre : Donn\u00e9es d\u2019entr\u00e9e requises \" data-aria_expanded=\"Cliquez pour r\u00e9duire : Donn\u00e9es d\u2019entr\u00e9e requises \">Donn\u00e9es d\u2019entr\u00e9e requises <span class=\"toggle_icon\"><span class=\"vert_icon\"><\/span><span class=\"hor_icon\"><\/span><\/span><\/p><div id='toggle-id-1' aria-labelledby='toggle-toggle-id-1' role='region' class='toggle_wrap  av-title-above'  ><div class='toggle_content invers-color av-inherit-border-color'  itemprop=\"text\" ><ul>\n<li aria-setsize=\"-1\" data-leveltext=\"\uf0b7\" data-font=\"Symbol\" data-listid=\"2\" data-list-defn-props=\"{\" data-aria-posinset=\"1\" data-aria-level=\"1\">CV collaborateurs<\/li>\n<li aria-setsize=\"-1\" data-leveltext=\"\uf0b7\" data-font=\"Symbol\" data-listid=\"2\" data-list-defn-props=\"{\" data-aria-posinset=\"1\" data-aria-level=\"1\">Fiches de postes actuellement occup\u00e9s.<\/li>\n<li aria-setsize=\"-1\" data-leveltext=\"\uf0b7\" data-font=\"Symbol\" data-listid=\"2\" data-list-defn-props=\"{\" data-aria-posinset=\"1\" data-aria-level=\"1\">\n<section class=\"av_textblock_section av-meijjfdw-a49bac1a58da0dc79ec2c63aa07d6486 \">\n<div class=\"avia_textblock av_inherit_color\">\n<p><span class=\"TextRun SCXW222423456 BCX0\" lang=\"FR-FR\" xml:lang=\"FR-FR\" data-contrast=\"auto\"><span class=\"NormalTextRun SCXW222423456 BCX0\">Condition pr\u00e9alable : int\u00e9gration de r\u00e9f\u00e9rentiel des comp\u00e9tences et des CV<\/span><\/span><\/p>\n<\/div>\n<\/section>\n<div class=\"avia-button-wrap av-c7lew-e79acf33bc430ec665066812bacb4127-wrap avia-button-left  avia-builder-el-36  el_after_av_textblock  avia-builder-el-last \"><\/div>\n<\/li>\n<\/ul>\n<\/div><\/div><\/div><\/section>\n<section class='av_toggle_section av-mevgj463-bd5eada2bd46182cc9388e756dc4cae0'  itemscope=\"itemscope\" itemtype=\"https:\/\/schema.org\/CreativeWork\" ><div role=\"tablist\" class=\"single_toggle\" data-tags=\"{Tout} \"  ><p id='toggle-toggle-id-2' data-fake-id='#toggle-id-2' class='toggler  av-title-above av-inherit-border-color'  itemprop=\"headline\"  role='tab' tabindex='0' aria-controls='toggle-id-2' data-slide-speed=\"200\" data-title=\"Livrable \" data-title-open=\"\" data-aria_collapsed=\"Cliquez pour \u00e9tendre : Livrable \" data-aria_expanded=\"Cliquez pour r\u00e9duire : Livrable \">Livrable <span class=\"toggle_icon\"><span class=\"vert_icon\"><\/span><span class=\"hor_icon\"><\/span><\/span><\/p><div id='toggle-id-2' aria-labelledby='toggle-toggle-id-2' role='region' class='toggle_wrap  av-title-above'  ><div class='toggle_content invers-color av-inherit-border-color'  itemprop=\"text\" ><section class=\"av_textblock_section av-meijgmhp-028c439f13a2a48fdda171959fb76eec \">\n<div class=\"avia_textblock\">\n<ul>\n<li aria-setsize=\"-1\" data-leveltext=\"\uf0b7\" data-font=\"Symbol\" data-listid=\"13\" data-list-defn-props=\"{\" data-aria-posinset=\"8\" data-aria-level=\"1\"><span data-contrast=\"auto\">R\u00e9union de lancement.<\/span><span data-ccp-props=\"{\">\u00a0<\/span><\/li>\n<li aria-setsize=\"-1\" data-leveltext=\"\uf0b7\" data-font=\"Symbol\" data-listid=\"13\" data-list-defn-props=\"{\" data-aria-posinset=\"8\" data-aria-level=\"1\"><span data-contrast=\"auto\">Matrice de comp\u00e9tences, Tableau des comp\u00e9tences \u00e0 am\u00e9liorer pour l\u2019effectif, suivi du plan de formation \u2026<\/span><span data-ccp-props=\"{\">\u00a0<\/span><\/li>\n<li aria-setsize=\"-1\" data-leveltext=\"\uf0b7\" data-font=\"Symbol\" data-listid=\"13\" data-list-defn-props=\"{\" data-aria-posinset=\"8\" data-aria-level=\"1\"><span data-contrast=\"auto\">Tableaux des comp\u00e9tences critiques (d\u00e9part \u00e0 la retraite, mont\u00e9e en comp\u00e9tence n\u00e9cessaire, \u2026)<\/span><span data-ccp-props=\"{\">\u00a0<\/span><\/li>\n<\/ul>\n<\/div>\n<\/section>\n<section class=\"av_textblock_section av-meijjfdw-a49bac1a58da0dc79ec2c63aa07d6486 \">\n<div class=\"avia_textblock av_inherit_color\"><\/div>\n<\/section>\n<\/div><\/div><\/div><\/section>\n<section class='av_toggle_section av-mevgjuvt-a8c2cb8a34f6c78528a7438777a4c52f'  itemscope=\"itemscope\" itemtype=\"https:\/\/schema.org\/CreativeWork\" ><div role=\"tablist\" class=\"single_toggle\" data-tags=\"{Tout} \"  ><p id='toggle-toggle-id-3' data-fake-id='#toggle-id-3' class='toggler  av-title-above av-inherit-border-color'  itemprop=\"headline\"  role='tab' tabindex='0' aria-controls='toggle-id-3' data-slide-speed=\"200\" data-title=\"Tarif\" data-title-open=\"\" data-aria_collapsed=\"Cliquez pour \u00e9tendre : Tarif\" data-aria_expanded=\"Cliquez pour r\u00e9duire : Tarif\">Tarif<span class=\"toggle_icon\"><span class=\"vert_icon\"><\/span><span class=\"hor_icon\"><\/span><\/span><\/p><div id='toggle-id-3' aria-labelledby='toggle-toggle-id-3' role='region' class='toggle_wrap  av-title-above'  ><div class='toggle_content invers-color av-inherit-border-color'  itemprop=\"text\" ><p><strong>4500 \u20ac HT \/ <\/strong>unit\u00e9<\/p>\n<\/div><\/div><\/div><\/section>\n<\/div><br \/>\n<div  class='avia-buttonrow-wrap av-mevgmxqs-6babfeff10d7f53dda77576c0a5c757b avia-buttonrow-left  avia-builder-el-8  el_after_av_toggle_container  avia-builder-el-last '>\n\n<style type=\"text\/css\" data-created_by=\"avia_inline_auto\" id=\"style-css-av-mevgmw03-5117585ca03e19281eb11954d77f3608\">\n#top #wrap_all .avia-button.av-mevgmw03-5117585ca03e19281eb11954d77f3608{\nbackground-color:#66bc93;\nborder-color:#66bc93;\ntransition:all 0.4s ease-in-out;\nmargin-bottom:5px;\nmargin-right:5px;\n}\n#top #wrap_all .avia-button.av-mevgmw03-5117585ca03e19281eb11954d77f3608:hover{\nbackground-color:#26274e;\ncolor:white;\ntransition:all 0.4s ease-in-out;\n}\n#top #wrap_all .avia-button.av-mevgmw03-5117585ca03e19281eb11954d77f3608:hover .avia-svg-icon svg:first-child{\nfill:white;\nstroke:white;\n}\n<\/style>\n<a href='https:\/\/buy.stripe.com\/6oU4gAeWg2Hqcklh0V4AU06'  class='avia-button av-mevgmw03-5117585ca03e19281eb11954d77f3608 avia-icon_select-no avia-size-x-large avia-font-color-theme-color'   aria-label=\"Commander\"><span class='avia_iconbox_title' >Commander<\/span><\/a>\n\n<style type=\"text\/css\" data-created_by=\"avia_inline_auto\" id=\"style-css-av-1244vf-02ed1aad69ba3f9e4feef35d1ad18687\">\n#top #wrap_all .avia-button.av-1244vf-02ed1aad69ba3f9e4feef35d1ad18687{\nmargin-bottom:5px;\nmargin-right:5px;\n}\n<\/style>\n<a href='#contact'  class='avia-button av-1244vf-02ed1aad69ba3f9e4feef35d1ad18687 avia-icon_select-no avia-size-x-large avia-color-theme-color'   aria-label=\"Demander un devis\"><span class='avia_iconbox_title' >Demander un devis<\/span><\/a>\n<\/div><\/p><\/div><\/div><!--close column table wrapper. Autoclose: 1 -->\n\n<\/div><\/div><\/main><!-- close content main element --><\/div><\/div><div id='av_section_2'  class='avia-section av-av_section-ead7872a6199d9872a6fed09789ee080 main_color avia-section-default avia-no-border-styling  avia-builder-el-9  el_after_av_section  el_before_av_section  avia-bg-style-scroll container_wrap fullsize'  ><div class='container av-section-cont-open' ><div class='template-page content  av-content-full alpha units'><div class='post-entry post-entry-type-page post-entry-347'><div class='entry-content-wrapper clearfix'>\n\n<style type=\"text\/css\" data-created_by=\"avia_inline_auto\" id=\"style-css-av-av_one_full-1c05f217a0ddad2108cbb64d8daed35c\">\n.flex_column.av-av_one_full-1c05f217a0ddad2108cbb64d8daed35c{\nborder-width:10px;\nborder-color:#66bc93;\nborder-style:solid;\npadding:50px 50px 50px 50px;\n}\n<\/style>\n<div  class='flex_column av-av_one_full-1c05f217a0ddad2108cbb64d8daed35c av_one_full  avia-builder-el-10  avia-builder-el-no-sibling  first flex_column_div  '     ><style type=\"text\/css\" data-created_by=\"avia_inline_auto\" id=\"style-css-av-mfgwryxt-31c6dd3d024de370e62aeb73b81246b2\">\n#top .av_textblock_section.av-mfgwryxt-31c6dd3d024de370e62aeb73b81246b2 .avia_textblock{\ncolor:#26274e;\n}\n<\/style>\n<section  class='av_textblock_section av-mfgwryxt-31c6dd3d024de370e62aeb73b81246b2 '   itemscope=\"itemscope\" itemtype=\"https:\/\/schema.org\/CreativeWork\" ><div class='avia_textblock av_inherit_color'  itemprop=\"text\" ><h4 style=\"text-align: center;\"><strong>Co\u00fbt d\u2019\u00e9laboration du tableau de bord RH \u00f7 3<\/strong><\/h4>\n<\/div><\/section><\/div><\/div><\/div><\/div><!-- close content main div --><\/div><\/div>\n<style type=\"text\/css\" data-created_by=\"avia_inline_auto\" id=\"style-css-av-vhy0z-5af1b623e6836e3a915fbd7d32a984c7\">\n.avia-section.av-vhy0z-5af1b623e6836e3a915fbd7d32a984c7{\nbackground-color:#f4f4f4;\nbackground-image:unset;\n}\n<\/style>\n<div id='av_section_3'  class='avia-section av-vhy0z-5af1b623e6836e3a915fbd7d32a984c7 main_color avia-section-default avia-no-border-styling  avia-builder-el-12  el_after_av_section  el_before_av_section  avia-bg-style-scroll container_wrap fullsize'  ><div class='container av-section-cont-open' ><div class='template-page content  av-content-full alpha units'><div class='post-entry post-entry-type-page post-entry-347'><div class='entry-content-wrapper clearfix'>\n<div class='flex_column_table av-rejp7-4f93d05dee3fa6e94259cdf8cdb1d1b7 sc-av_one_half av-equal-height-column-flextable'><div  class='flex_column av-rejp7-4f93d05dee3fa6e94259cdf8cdb1d1b7 av_one_half  avia-builder-el-13  el_before_av_one_half  avia-builder-el-first  first flex_column_table_cell av-equal-height-column av-align-middle  '     ><section  class='av_textblock_section av-mevgksrb-63df37b3b1c5ec103c126b2c72a5b2a8 '   itemscope=\"itemscope\" itemtype=\"https:\/\/schema.org\/CreativeWork\" ><div class='avia_textblock'  itemprop=\"text\" ><p style=\"text-align: center;\"><strong>LE REPORTING RH<\/strong><\/p>\n<\/div><\/section><br \/>\n\n<style type=\"text\/css\" data-created_by=\"avia_inline_auto\" id=\"style-css-av-22ojf-354ab81a99bf5606ee0d6c637700b449\">\n#top .av_textblock_section.av-22ojf-354ab81a99bf5606ee0d6c637700b449 .avia_textblock{\nfont-size:20px;\ncolor:#66bc93;\n}\n<\/style>\n<section  class='av_textblock_section av-22ojf-354ab81a99bf5606ee0d6c637700b449 '   itemscope=\"itemscope\" itemtype=\"https:\/\/schema.org\/CreativeWork\" ><div class='avia_textblock av_inherit_color'  itemprop=\"text\" ><h4 style=\"text-align: center;\"><strong>&#8211; Sans My-Better-Job &#8211;<\/strong><\/h4>\n<\/div><\/section><br \/>\n\n<style type=\"text\/css\" data-created_by=\"avia_inline_auto\" id=\"style-css-av-htuqz-d8b9d13914dbcceab3771beca8b6dfbf\">\n#top .hr.hr-invisible.av-htuqz-d8b9d13914dbcceab3771beca8b6dfbf{\nheight:20px;\n}\n<\/style>\n<div  class='hr av-htuqz-d8b9d13914dbcceab3771beca8b6dfbf hr-invisible  avia-builder-el-16  el_after_av_textblock  el_before_av_textblock '><span class='hr-inner '><span class=\"hr-inner-style\"><\/span><\/span><\/div><br \/>\n\n<style type=\"text\/css\" data-created_by=\"avia_inline_auto\" id=\"style-css-av-mevgkjub-3f678c7fbf867af1f1158fa20f91d0e6\">\n#top .av_textblock_section.av-mevgkjub-3f678c7fbf867af1f1158fa20f91d0e6 .avia_textblock{\nfont-size:15px;\ncolor:#26274e;\n}\n<\/style>\n<section  class='av_textblock_section av-mevgkjub-3f678c7fbf867af1f1158fa20f91d0e6 '   itemscope=\"itemscope\" itemtype=\"https:\/\/schema.org\/CreativeWork\" ><div class='avia_textblock av_inherit_color'  itemprop=\"text\" ><ul data-editing-info=\"{\"applyListStyleFromLevel\":true}\">\n<li>\n<div class=\"x_elementToProof\" role=\"presentation\" data-olk-copy-source=\"MessageBody\">Les matrices de comp\u00e9tences, des outils int\u00e9ressants mais \u00e0 mettre \u00e0 jour fr\u00e9quemment dans le cadre des d\u00e9marches qualit\u00e9<\/div>\n<\/li>\n<\/ul>\n<ul data-editing-info=\"{\"applyListStyleFromLevel\":true}\">\n<li>\n<div class=\"x_elementToProof\" role=\"presentation\">l&rsquo;anticipation des d\u00e9parts de collaborateurs aux comp\u00e9tences-cl\u00e9s (rares et\/ou strat\u00e9giques), un besoin permanent pour \u00e9viter des remplacements tr\u00e8s co\u00fbteux voire des pertes d&rsquo;avantages concurrentiels<\/div>\n<\/li>\n<\/ul>\n<ul data-editing-info=\"{\"applyListStyleFromLevel\":true}\">\n<li>\n<div class=\"x_elementToProof\" role=\"presentation\">Difficult\u00e9 \u00e0 faire le lien entre gestion des comp\u00e9tences et enjeux strat\u00e9giques de l&rsquo;entreprise<\/div>\n<\/li>\n<\/ul>\n<\/div><\/section><\/p><\/div><div class='av-flex-placeholder'><\/div><div  class='flex_column av-7yfzv-46c56051c5449c6226cb2dab92dafbba av_one_half  avia-builder-el-18  el_after_av_one_half  avia-builder-el-last  flex_column_table_cell av-equal-height-column av-align-middle  '     ><style type=\"text\/css\" data-created_by=\"avia_inline_auto\" id=\"style-css-av-mevgk4iq-9d0eaf7da843c0c05938cbd4bf5cdb02\">\n#top .av_textblock_section.av-mevgk4iq-9d0eaf7da843c0c05938cbd4bf5cdb02 .avia_textblock{\nfont-size:15px;\ncolor:#26274e;\n}\n<\/style>\n<section  class='av_textblock_section av-mevgk4iq-9d0eaf7da843c0c05938cbd4bf5cdb02 '   itemscope=\"itemscope\" itemtype=\"https:\/\/schema.org\/CreativeWork\" ><div class='avia_textblock av_inherit_color'  itemprop=\"text\" ><section class=\"av_textblock_section av-meihm4vv-0a63032eb56124b3d6e0d80d4c2906b9 \">\n<div class=\"avia_textblock av_inherit_color\">\n<p><em><strong>Les comp\u00e9tences \u00e9tant, tout comme les \u00e9quipements, les finances et les technologies, un capital critique de l\u2019entreprise, elles doivent \u00eatre pilot\u00e9es, mesur\u00e9es et analys\u00e9es avec pr\u00e9cision, au service de la performance globale.\u00a0<\/strong><\/em><\/p>\n<p><em><strong>Gr\u00e2ce \u00e0 la puissance unique de sa m\u00e9thode de gestion des comp\u00e9tences, MBJ apporte \u00e0 votre entreprise les instruments-cl\u00e9s de pilotage du capital humain : matrices de comp\u00e9tences, gestion proactive des risques de pertes de comp\u00e9tences, besoins prioritaires de formation etc.\u00a0<\/strong><\/em><\/p>\n<\/div>\n<\/section>\n<div class=\"hr av-izhvo-10bb30392a2c613f5cfc6188083801db hr-invisible  avia-builder-el-27  el_after_av_textblock  avia-builder-el-last \"><\/div>\n<\/div><\/section><\/div><\/div><!--close column table wrapper. Autoclose: 1 -->\n<\/p>\n<\/div><\/div><\/div><!-- close content main div --><\/div><\/div><div id='contact'  class='avia-section av-meikd0g1-1d534e3afd5bd985891c90e919c279d3 main_color avia-section-default avia-no-border-styling  avia-builder-el-20  el_after_av_section  avia-builder-el-last  degrade avia-bg-style-scroll container_wrap fullsize'  ><div class='container av-section-cont-open' ><div class='template-page content  av-content-full alpha units'><div class='post-entry post-entry-type-page post-entry-347'><div class='entry-content-wrapper clearfix'>\n<form action=\"https:\/\/my-better-job.eu\/?page_id=347\" method=\"post\" data-fields-with-error=\"Erreurs trouv\u00e9es dans les champs suivants :\" class=\"avia_ajax_form av-form-labels-hidden   avia-builder-el-21  avia-builder-el-no-sibling  av-custom-form-color av-light-form \" data-avia-form-id=\"1\" data-avia-redirect='' ><fieldset><h3 id='element_avia_1_1' class=' first_form  form_element form_fullwidth av-form-headline '><\/h3><p class='  first_form  form_element form_element_half' id='element_avia_2_1'><label for=\"avia_2_1\">Votre nom <abbr class=\"required\" title=\"requis(e)\">*<\/abbr><\/label> <input name=\"avia_2_1\" class=\"text_input is_empty\" type=\"text\" id=\"avia_2_1\" value=\"\"  placeholder='Votre nom*'\/><\/p><p class='  form_element form_element_half' id='element_avia_3_1'><label for=\"avia_3_1\">Nom de votre \u00e9tablissement   <abbr class=\"required\" title=\"requis(e)\">*<\/abbr><\/label> <input name=\"avia_3_1\" class=\"text_input is_empty\" type=\"text\" id=\"avia_3_1\" value=\"\"  placeholder='Nom de votre \u00e9tablissement  *'\/><\/p><p class='  first_form  form_element form_element_half' id='element_avia_4_1'><label for=\"avia_4_1\">E-Mail <abbr class=\"required\" title=\"requis(e)\">*<\/abbr><\/label> <input name=\"avia_4_1\" class=\"text_input is_email\" type=\"text\" id=\"avia_4_1\" value=\"\"  placeholder='E-Mail*'\/><\/p><p class='  form_element form_element_half' id='element_avia_5_1'><label for=\"avia_5_1\">T\u00e9l\u00e9phone <abbr class=\"required\" title=\"requis(e)\">*<\/abbr><\/label> <input name=\"avia_5_1\" class=\"text_input is_empty\" type=\"text\" id=\"avia_5_1\" value=\"\"  placeholder='T\u00e9l\u00e9phone*'\/><\/p><p class='  first_form  form_element form_fullwidth av-last-visible-form-element' id='element_avia_6_1'><label for=\"avia_6_1\" class=\"textare_label hidden textare_label_avia_6_1\">D\u00e9crivez-nous vos besoins ... <abbr class=\"required\" title=\"requis(e)\">*<\/abbr><\/label><textarea  placeholder='D\u00e9crivez-nous vos besoins ...*' name=\"avia_6_1\" class=\"text_area is_empty\" cols=\"40\" rows=\"7\" id=\"avia_6_1\" ><\/textarea><\/p><p class=\"hidden\"><input type=\"text\" name=\"avia_7_1\" class=\"hidden \" id=\"avia_7_1\" value=\"\" \/><\/p><p class=\"form_element \"><input type=\"hidden\" value=\"1\" name=\"avia_generated_form1\" \/><input type=\"submit\" value=\"Envoyer\" class=\"button\"  data-sending-label=\"Envoi\"\/><\/p><\/fieldset><\/form><div id=\"ajaxresponse_1\" class=\"ajaxresponse ajaxresponse_1 hidden\"><\/div>\n\n","protected":false},"excerpt":{"rendered":"","protected":false},"author":1,"featured_media":0,"parent":0,"menu_order":0,"comment_status":"closed","ping_status":"closed","template":"","meta":{"inline_featured_image":false,"footnotes":""},"class_list":["post-347","page","type-page","status-publish","hentry"],"_links":{"self":[{"href":"https:\/\/my-better-job.eu\/index.php?rest_route=\/wp\/v2\/pages\/347","targetHints":{"allow":["GET"]}}],"collection":[{"href":"https:\/\/my-better-job.eu\/index.php?rest_route=\/wp\/v2\/pages"}],"about":[{"href":"https:\/\/my-better-job.eu\/index.php?rest_route=\/wp\/v2\/types\/page"}],"author":[{"embeddable":true,"href":"https:\/\/my-better-job.eu\/index.php?rest_route=\/wp\/v2\/users\/1"}],"replies":[{"embeddable":true,"href":"https:\/\/my-better-job.eu\/index.php?rest_route=%2Fwp%2Fv2%2Fcomments&post=347"}],"version-history":[{"count":9,"href":"https:\/\/my-better-job.eu\/index.php?rest_route=\/wp\/v2\/pages\/347\/revisions"}],"predecessor-version":[{"id":1027,"href":"https:\/\/my-better-job.eu\/index.php?rest_route=\/wp\/v2\/pages\/347\/revisions\/1027"}],"wp:attachment":[{"href":"https:\/\/my-better-job.eu\/index.php?rest_route=%2Fwp%2Fv2%2Fmedia&parent=347"}],"curies":[{"name":"wp","href":"https:\/\/api.w.org\/{rel}","templated":true}]}}