{"id":34,"date":"2025-07-23T13:03:20","date_gmt":"2025-07-23T13:03:20","guid":{"rendered":"https:\/\/my-better-job.eu\/?page_id=34"},"modified":"2025-07-24T08:17:55","modified_gmt":"2025-07-24T08:17:55","slug":"34-2","status":"publish","type":"page","link":"https:\/\/my-better-job.eu\/?page_id=34","title":{"rendered":"VEILLE ET ANALYSE"},"content":{"rendered":"<div id='av_section_1'  class='avia-section av-1fuje-5b2b097f984440497585e7305d96c373 main_color avia-section-default avia-no-border-styling  avia-builder-el-0  el_before_av_blog  avia-builder-el-first  degrade avia-bg-style-scroll container_wrap fullsize'  ><div class='container av-section-cont-open' ><main  role=\"main\" itemprop=\"mainContentOfPage\"  class='template-page content  av-content-full alpha units'><div class='post-entry post-entry-type-page post-entry-34'><div class='entry-content-wrapper clearfix'><\/div><\/div><\/main><!-- close content main element --><\/div><\/div><div id='after_section_1'  class='main_color av_default_container_wrap container_wrap fullsize'  ><div class='container av-section-cont-open' ><div class='template-page content  av-content-full alpha units'><div class='post-entry post-entry-type-page post-entry-34'><div class='entry-content-wrapper clearfix'>\n<div  data-slideshow-options=\"{&quot;animation&quot;:&quot;fade&quot;,&quot;autoplay&quot;:false,&quot;loop_autoplay&quot;:&quot;once&quot;,&quot;interval&quot;:5,&quot;loop_manual&quot;:&quot;manual-endless&quot;,&quot;autoplay_stopper&quot;:false,&quot;noNavigation&quot;:false,&quot;show_slide_delay&quot;:90}\" class='avia-content-slider avia-content-grid-active avia-content-slider1 avia-content-slider-odd  avia-builder-el-1  el_after_av_section  avia-builder-el-no-sibling  av-slideshow-ui av-control-default   av-no-slider-navigation av-slideshow-manual av-loop-once av-loop-manual-endless '  itemscope=\"itemscope\" itemtype=\"https:\/\/schema.org\/Blog\" ><div class=\"avia-content-slider-inner\"><div class=\"slide-entry-wrap\"><article class='slide-entry flex_column  post-entry post-entry-163 slide-entry-overview slide-loop-1 slide-parity-odd  av_one_third first real-thumbnail posttype-post post-format-standard'  itemscope=\"itemscope\" itemtype=\"https:\/\/schema.org\/CreativeWork\" ><a href='https:\/\/my-better-job.eu\/?p=163' data-rel='slide-1' class='slide-image' title='Impacts des mutations de la construction automobile sur l\u2019emploi et les comp\u00e9tences'><img decoding=\"async\" fetchpriority=\"high\" width=\"495\" height=\"400\" src=\"https:\/\/my-better-job.eu\/wp-content\/uploads\/2025\/07\/Impacts-des-mutations-de-la-construction-automobile-sur-lemploi-et-les-competences-845x684-1-495x400.jpg\" class=\"wp-image-169 avia-img-lazy-loading-not-169 attachment-portfolio size-portfolio wp-post-image\" alt=\"\" srcset=\"https:\/\/my-better-job.eu\/wp-content\/uploads\/2025\/07\/Impacts-des-mutations-de-la-construction-automobile-sur-lemploi-et-les-competences-845x684-1-495x400.jpg 495w, https:\/\/my-better-job.eu\/wp-content\/uploads\/2025\/07\/Impacts-des-mutations-de-la-construction-automobile-sur-lemploi-et-les-competences-845x684-1-300x243.jpg 300w, https:\/\/my-better-job.eu\/wp-content\/uploads\/2025\/07\/Impacts-des-mutations-de-la-construction-automobile-sur-lemploi-et-les-competences-845x684-1-768x622.jpg 768w, https:\/\/my-better-job.eu\/wp-content\/uploads\/2025\/07\/Impacts-des-mutations-de-la-construction-automobile-sur-lemploi-et-les-competences-845x684-1-705x571.jpg 705w, https:\/\/my-better-job.eu\/wp-content\/uploads\/2025\/07\/Impacts-des-mutations-de-la-construction-automobile-sur-lemploi-et-les-competences-845x684-1.jpg 845w\" sizes=\"(max-width: 495px) 100vw, 495px\" \/><\/a><div class=\"slide-content\"><header class=\"entry-content-header\" aria-label=\"Slide: Impacts des mutations de la construction automobile sur l\u2019emploi et les comp\u00e9tences\"><h3 class='slide-entry-title entry-title '  itemprop=\"headline\" ><a href='https:\/\/my-better-job.eu\/?p=163' title='Impacts des mutations de la construction automobile sur l\u2019emploi et les comp\u00e9tences'>Impacts des mutations de la construction automobile sur l\u2019emploi et les comp\u00e9tences<\/a><\/h3><span class=\"av-vertical-delimiter\"><\/span><\/header><div class=\"slide-meta\"><time class='slide-meta-time updated'  itemprop=\"datePublished\" datetime=\"2025-07-23T14:58:48+00:00\" >juillet 23, 2025<\/time><div class=\"slide-meta-del\">\/<\/div><div class=\"slide-meta-comments\"><a href='https:\/\/my-better-job.eu\/?p=163#respond'>0 Commentaires<\/a><\/div><\/div><div class='slide-entry-excerpt entry-content'  itemprop=\"text\" >\n\n\n\n\n\n\n\n\n\n\n\n\n\n<div class=\"read-more-link\"><a href=\"https:\/\/my-better-job.eu\/?p=163\" class=\"more-link\">Lire la suite<span class='more-link-arrow avia-svg-icon avia-font-svg_entypo-fontello' data-av_svg_icon='right-open-big' data-av_iconset='svg_entypo-fontello'><svg version=\"1.1\" xmlns=\"http:\/\/www.w3.org\/2000\/svg\" width=\"15\" height=\"32\" viewBox=\"0 0 15 32\" preserveAspectRatio=\"xMidYMid meet\" role=\"graphics-symbol\" aria-hidden=\"true\">\n<path d=\"M0.416 27.84l11.456-11.84-11.456-11.904q-0.832-0.832 0-1.536 0.832-0.832 1.536 0l12.544 12.608q0.768 0.832 0 1.6l-12.544 12.608q-0.704 0.832-1.536 0-0.832-0.704 0-1.536z\"><\/path>\n<\/svg><\/span><\/a><\/div><\/div><\/div><footer class=\"entry-footer\"><\/footer><span class='hidden'>\n\t\t\t\t<span class='av-structured-data'  itemprop=\"image\" itemscope=\"itemscope\" itemtype=\"https:\/\/schema.org\/ImageObject\" >\n\t\t\t\t\t\t<span itemprop='url'>https:\/\/my-better-job.eu\/wp-content\/uploads\/2025\/07\/Impacts-des-mutations-de-la-construction-automobile-sur-lemploi-et-les-competences-845x684-1.jpg<\/span>\n\t\t\t\t\t\t<span itemprop='height'>684<\/span>\n\t\t\t\t\t\t<span itemprop='width'>845<\/span>\n\t\t\t\t<\/span>\n\t\t\t\t<span class='av-structured-data'  itemprop=\"publisher\" itemtype=\"https:\/\/schema.org\/Organization\" itemscope=\"itemscope\" >\n\t\t\t\t\t\t<span itemprop='name'>admin9306<\/span>\n\t\t\t\t\t\t<span itemprop='logo' itemscope itemtype='https:\/\/schema.org\/ImageObject'>\n\t\t\t\t\t\t\t<span itemprop='url'>https:\/\/my-better-job.eu\/wp-content\/uploads\/2025\/07\/logo-my-better-jobeu.svg<\/span>\n\t\t\t\t\t\t<\/span>\n\t\t\t\t<\/span><span class='av-structured-data'  itemprop=\"author\" itemscope=\"itemscope\" itemtype=\"https:\/\/schema.org\/Person\" ><span itemprop='name'>admin9306<\/span><\/span><span class='av-structured-data'  itemprop=\"datePublished\" datetime=\"2025-07-23T13:03:20+00:00\" >2025-07-23 14:58:48<\/span><span class='av-structured-data'  itemprop=\"dateModified\" itemtype=\"https:\/\/schema.org\/dateModified\" >2025-07-24 08:17:36<\/span><span class='av-structured-data'  itemprop=\"mainEntityOfPage\" itemtype=\"https:\/\/schema.org\/mainEntityOfPage\" ><span itemprop='name'>Impacts des mutations de la construction automobile sur l\u2019emploi et les comp\u00e9tences<\/span><\/span><\/span><\/article><article class='slide-entry flex_column  post-entry post-entry-161 slide-entry-overview slide-loop-2 slide-parity-even  av_one_third  real-thumbnail posttype-post post-format-standard'  itemscope=\"itemscope\" itemtype=\"https:\/\/schema.org\/CreativeWork\" ><a href='https:\/\/my-better-job.eu\/?p=161' data-rel='slide-1' class='slide-image' title='La construction automobile fran\u00e7aise : s\u2019organiser autrement pour reb\u00e2tir'><img decoding=\"async\" fetchpriority=\"high\" width=\"495\" height=\"400\" src=\"https:\/\/my-better-job.eu\/wp-content\/uploads\/2025\/07\/La-construction-automobile-francaise-sorganiser-autrement-pour-rebatir-845x684-1-495x400.jpg\" class=\"wp-image-166 avia-img-lazy-loading-not-166 attachment-portfolio size-portfolio wp-post-image\" alt=\"\" srcset=\"https:\/\/my-better-job.eu\/wp-content\/uploads\/2025\/07\/La-construction-automobile-francaise-sorganiser-autrement-pour-rebatir-845x684-1-495x400.jpg 495w, https:\/\/my-better-job.eu\/wp-content\/uploads\/2025\/07\/La-construction-automobile-francaise-sorganiser-autrement-pour-rebatir-845x684-1-300x243.jpg 300w, https:\/\/my-better-job.eu\/wp-content\/uploads\/2025\/07\/La-construction-automobile-francaise-sorganiser-autrement-pour-rebatir-845x684-1-768x622.jpg 768w, https:\/\/my-better-job.eu\/wp-content\/uploads\/2025\/07\/La-construction-automobile-francaise-sorganiser-autrement-pour-rebatir-845x684-1-705x571.jpg 705w, https:\/\/my-better-job.eu\/wp-content\/uploads\/2025\/07\/La-construction-automobile-francaise-sorganiser-autrement-pour-rebatir-845x684-1.jpg 845w\" sizes=\"(max-width: 495px) 100vw, 495px\" \/><\/a><div class=\"slide-content\"><header class=\"entry-content-header\" aria-label=\"Slide: La construction automobile fran\u00e7aise : s\u2019organiser autrement pour reb\u00e2tir\"><h3 class='slide-entry-title entry-title '  itemprop=\"headline\" ><a href='https:\/\/my-better-job.eu\/?p=161' title='La construction automobile fran\u00e7aise : s\u2019organiser autrement pour reb\u00e2tir'>La construction automobile fran\u00e7aise : s\u2019organiser autrement pour reb\u00e2tir<\/a><\/h3><span class=\"av-vertical-delimiter\"><\/span><\/header><div class=\"slide-meta\"><time class='slide-meta-time updated'  itemprop=\"datePublished\" datetime=\"2025-07-23T14:58:24+00:00\" >juillet 23, 2025<\/time><div class=\"slide-meta-del\">\/<\/div><div class=\"slide-meta-comments\"><a href='https:\/\/my-better-job.eu\/?p=161#respond'>0 Commentaires<\/a><\/div><\/div><div class='slide-entry-excerpt entry-content'  itemprop=\"text\" >\n\n\n\n\n\n\n\n\n\n\n\n<div class=\"read-more-link\"><a href=\"https:\/\/my-better-job.eu\/?p=161\" class=\"more-link\">Lire la suite<span class='more-link-arrow avia-svg-icon avia-font-svg_entypo-fontello' data-av_svg_icon='right-open-big' data-av_iconset='svg_entypo-fontello'><svg version=\"1.1\" xmlns=\"http:\/\/www.w3.org\/2000\/svg\" width=\"15\" height=\"32\" viewBox=\"0 0 15 32\" preserveAspectRatio=\"xMidYMid meet\" role=\"graphics-symbol\" aria-hidden=\"true\">\n<path d=\"M0.416 27.84l11.456-11.84-11.456-11.904q-0.832-0.832 0-1.536 0.832-0.832 1.536 0l12.544 12.608q0.768 0.832 0 1.6l-12.544 12.608q-0.704 0.832-1.536 0-0.832-0.704 0-1.536z\"><\/path>\n<\/svg><\/span><\/a><\/div><\/div><\/div><footer class=\"entry-footer\"><\/footer><span class='hidden'>\n\t\t\t\t<span class='av-structured-data'  itemprop=\"image\" itemscope=\"itemscope\" itemtype=\"https:\/\/schema.org\/ImageObject\" >\n\t\t\t\t\t\t<span itemprop='url'>https:\/\/my-better-job.eu\/wp-content\/uploads\/2025\/07\/La-construction-automobile-francaise-sorganiser-autrement-pour-rebatir-845x684-1.jpg<\/span>\n\t\t\t\t\t\t<span itemprop='height'>684<\/span>\n\t\t\t\t\t\t<span itemprop='width'>845<\/span>\n\t\t\t\t<\/span>\n\t\t\t\t<span class='av-structured-data'  itemprop=\"publisher\" itemtype=\"https:\/\/schema.org\/Organization\" itemscope=\"itemscope\" >\n\t\t\t\t\t\t<span itemprop='name'>admin9306<\/span>\n\t\t\t\t\t\t<span itemprop='logo' itemscope itemtype='https:\/\/schema.org\/ImageObject'>\n\t\t\t\t\t\t\t<span itemprop='url'>https:\/\/my-better-job.eu\/wp-content\/uploads\/2025\/07\/logo-my-better-jobeu.svg<\/span>\n\t\t\t\t\t\t<\/span>\n\t\t\t\t<\/span><span class='av-structured-data'  itemprop=\"author\" itemscope=\"itemscope\" itemtype=\"https:\/\/schema.org\/Person\" ><span itemprop='name'>admin9306<\/span><\/span><span class='av-structured-data'  itemprop=\"datePublished\" datetime=\"2025-07-23T13:03:20+00:00\" >2025-07-23 14:58:24<\/span><span class='av-structured-data'  itemprop=\"dateModified\" itemtype=\"https:\/\/schema.org\/dateModified\" >2025-07-24 08:19:44<\/span><span class='av-structured-data'  itemprop=\"mainEntityOfPage\" itemtype=\"https:\/\/schema.org\/mainEntityOfPage\" ><span itemprop='name'>La construction automobile fran\u00e7aise : s\u2019organiser autrement pour reb\u00e2tir<\/span><\/span><\/span><\/article><article class='slide-entry flex_column  post-entry post-entry-159 slide-entry-overview slide-loop-3 slide-parity-odd  post-entry-last  av_one_third  real-thumbnail posttype-post post-format-standard'  itemscope=\"itemscope\" itemtype=\"https:\/\/schema.org\/CreativeWork\" ><a href='https:\/\/my-better-job.eu\/?p=159' data-rel='slide-1' class='slide-image' title='Le d\u00e9ficit de formation aux m\u00e9tiers de l\u2019industrie, un obstacle strat\u00e9gique \u00e0 la r\u00e9industrialisation fran\u00e7aise'><img decoding=\"async\" fetchpriority=\"high\" width=\"495\" height=\"400\" src=\"https:\/\/my-better-job.eu\/wp-content\/uploads\/2025\/07\/Le-deficit-de-formation-aux-metiers-de-lindustrie-un-obstacle-strategique-a-la-reindustrialisation-francaise-845x684-1-495x400.jpg\" class=\"wp-image-183 avia-img-lazy-loading-not-183 attachment-portfolio size-portfolio wp-post-image\" alt=\"\" srcset=\"https:\/\/my-better-job.eu\/wp-content\/uploads\/2025\/07\/Le-deficit-de-formation-aux-metiers-de-lindustrie-un-obstacle-strategique-a-la-reindustrialisation-francaise-845x684-1-495x400.jpg 495w, https:\/\/my-better-job.eu\/wp-content\/uploads\/2025\/07\/Le-deficit-de-formation-aux-metiers-de-lindustrie-un-obstacle-strategique-a-la-reindustrialisation-francaise-845x684-1-300x243.jpg 300w, https:\/\/my-better-job.eu\/wp-content\/uploads\/2025\/07\/Le-deficit-de-formation-aux-metiers-de-lindustrie-un-obstacle-strategique-a-la-reindustrialisation-francaise-845x684-1-768x622.jpg 768w, https:\/\/my-better-job.eu\/wp-content\/uploads\/2025\/07\/Le-deficit-de-formation-aux-metiers-de-lindustrie-un-obstacle-strategique-a-la-reindustrialisation-francaise-845x684-1-705x571.jpg 705w, https:\/\/my-better-job.eu\/wp-content\/uploads\/2025\/07\/Le-deficit-de-formation-aux-metiers-de-lindustrie-un-obstacle-strategique-a-la-reindustrialisation-francaise-845x684-1.jpg 845w\" sizes=\"(max-width: 495px) 100vw, 495px\" \/><\/a><div class=\"slide-content\"><header class=\"entry-content-header\" aria-label=\"Slide: Le d\u00e9ficit de formation aux m\u00e9tiers de l\u2019industrie, un obstacle strat\u00e9gique \u00e0 la r\u00e9industrialisation fran\u00e7aise\"><h3 class='slide-entry-title entry-title '  itemprop=\"headline\" ><a href='https:\/\/my-better-job.eu\/?p=159' title='Le d\u00e9ficit de formation aux m\u00e9tiers de l\u2019industrie, un obstacle strat\u00e9gique \u00e0 la r\u00e9industrialisation fran\u00e7aise'>Le d\u00e9ficit de formation aux m\u00e9tiers de l\u2019industrie, un obstacle strat\u00e9gique \u00e0 la r\u00e9industrialisation fran\u00e7aise<\/a><\/h3><span class=\"av-vertical-delimiter\"><\/span><\/header><div class=\"slide-meta\"><time class='slide-meta-time updated'  itemprop=\"datePublished\" datetime=\"2025-07-23T14:57:59+00:00\" >juillet 23, 2025<\/time><div class=\"slide-meta-del\">\/<\/div><div class=\"slide-meta-comments\"><a href='https:\/\/my-better-job.eu\/?p=159#respond'>0 Commentaires<\/a><\/div><\/div><div class='slide-entry-excerpt entry-content'  itemprop=\"text\" >\n\n\n\n\n\n\n\n\n\n\n\n<div class=\"read-more-link\"><a href=\"https:\/\/my-better-job.eu\/?p=159\" class=\"more-link\">Lire la suite<span class='more-link-arrow avia-svg-icon avia-font-svg_entypo-fontello' data-av_svg_icon='right-open-big' data-av_iconset='svg_entypo-fontello'><svg version=\"1.1\" xmlns=\"http:\/\/www.w3.org\/2000\/svg\" width=\"15\" height=\"32\" viewBox=\"0 0 15 32\" preserveAspectRatio=\"xMidYMid meet\" role=\"graphics-symbol\" aria-hidden=\"true\">\n<path d=\"M0.416 27.84l11.456-11.84-11.456-11.904q-0.832-0.832 0-1.536 0.832-0.832 1.536 0l12.544 12.608q0.768 0.832 0 1.6l-12.544 12.608q-0.704 0.832-1.536 0-0.832-0.704 0-1.536z\"><\/path>\n<\/svg><\/span><\/a><\/div><\/div><\/div><footer class=\"entry-footer\"><\/footer><span class='hidden'>\n\t\t\t\t<span class='av-structured-data'  itemprop=\"image\" itemscope=\"itemscope\" itemtype=\"https:\/\/schema.org\/ImageObject\" >\n\t\t\t\t\t\t<span itemprop='url'>https:\/\/my-better-job.eu\/wp-content\/uploads\/2025\/07\/Le-deficit-de-formation-aux-metiers-de-lindustrie-un-obstacle-strategique-a-la-reindustrialisation-francaise-845x684-1.jpg<\/span>\n\t\t\t\t\t\t<span itemprop='height'>684<\/span>\n\t\t\t\t\t\t<span itemprop='width'>845<\/span>\n\t\t\t\t<\/span>\n\t\t\t\t<span class='av-structured-data'  itemprop=\"publisher\" itemtype=\"https:\/\/schema.org\/Organization\" itemscope=\"itemscope\" >\n\t\t\t\t\t\t<span itemprop='name'>admin9306<\/span>\n\t\t\t\t\t\t<span itemprop='logo' itemscope itemtype='https:\/\/schema.org\/ImageObject'>\n\t\t\t\t\t\t\t<span itemprop='url'>https:\/\/my-better-job.eu\/wp-content\/uploads\/2025\/07\/logo-my-better-jobeu.svg<\/span>\n\t\t\t\t\t\t<\/span>\n\t\t\t\t<\/span><span class='av-structured-data'  itemprop=\"author\" itemscope=\"itemscope\" itemtype=\"https:\/\/schema.org\/Person\" ><span itemprop='name'>admin9306<\/span><\/span><span class='av-structured-data'  itemprop=\"datePublished\" datetime=\"2025-07-23T13:03:20+00:00\" >2025-07-23 14:57:59<\/span><span class='av-structured-data'  itemprop=\"dateModified\" itemtype=\"https:\/\/schema.org\/dateModified\" >2025-07-24 08:20:27<\/span><span class='av-structured-data'  itemprop=\"mainEntityOfPage\" itemtype=\"https:\/\/schema.org\/mainEntityOfPage\" ><span itemprop='name'>Le d\u00e9ficit de formation aux m\u00e9tiers de l\u2019industrie, un obstacle strat\u00e9gique \u00e0 la r\u00e9industrialisation fran\u00e7aise<\/span><\/span><\/span><\/article><\/div><\/div><div class='pagination-wrap pagination-slider'><nav class='pagination'><span class='pagination-meta'>Page 1 sur 4<\/span><span class='current'>1<\/span><a href='https:\/\/my-better-job.eu\/index.php?rest_route=%2Fwp%2Fv2%2Fpages%2F34&#038;avia-element-paging=2' class='inactive next_page' >2<\/a><a href='https:\/\/my-better-job.eu\/index.php?rest_route=%2Fwp%2Fv2%2Fpages%2F34&#038;avia-element-paging=3' class='inactive' >3<\/a><a href='https:\/\/my-better-job.eu\/index.php?rest_route=%2Fwp%2Fv2%2Fpages%2F34&#038;avia-element-paging=4' class='inactive' >4<\/a><\/nav>\n<\/div><\/div>\n","protected":false},"excerpt":{"rendered":"","protected":false},"author":1,"featured_media":0,"parent":0,"menu_order":0,"comment_status":"closed","ping_status":"closed","template":"","meta":{"inline_featured_image":false,"footnotes":""},"class_list":["post-34","page","type-page","status-publish","hentry"],"_links":{"self":[{"href":"https:\/\/my-better-job.eu\/index.php?rest_route=\/wp\/v2\/pages\/34","targetHints":{"allow":["GET"]}}],"collection":[{"href":"https:\/\/my-better-job.eu\/index.php?rest_route=\/wp\/v2\/pages"}],"about":[{"href":"https:\/\/my-better-job.eu\/index.php?rest_route=\/wp\/v2\/types\/page"}],"author":[{"embeddable":true,"href":"https:\/\/my-better-job.eu\/index.php?rest_route=\/wp\/v2\/users\/1"}],"replies":[{"embeddable":true,"href":"https:\/\/my-better-job.eu\/index.php?rest_route=%2Fwp%2Fv2%2Fcomments&post=34"}],"version-history":[{"count":2,"href":"https:\/\/my-better-job.eu\/index.php?rest_route=\/wp\/v2\/pages\/34\/revisions"}],"predecessor-version":[{"id":49,"href":"https:\/\/my-better-job.eu\/index.php?rest_route=\/wp\/v2\/pages\/34\/revisions\/49"}],"wp:attachment":[{"href":"https:\/\/my-better-job.eu\/index.php?rest_route=%2Fwp%2Fv2%2Fmedia&parent=34"}],"curies":[{"name":"wp","href":"https:\/\/api.w.org\/{rel}","templated":true}]}}