{"id":334,"date":"2025-08-19T14:28:58","date_gmt":"2025-08-19T14:28:58","guid":{"rendered":"https:\/\/my-better-job.eu\/?page_id=334"},"modified":"2025-09-12T14:01:40","modified_gmt":"2025-09-12T14:01:40","slug":"recrutement","status":"publish","type":"page","link":"https:\/\/my-better-job.eu\/?page_id=334","title":{"rendered":"RECRUTEMENT"},"content":{"rendered":"<div id='av_section_1'  class='avia-section av-1qpyiu-84659a622b4ad76099406e8f3dede0f1 main_color avia-section-default avia-no-border-styling  avia-builder-el-0  el_before_av_section  avia-builder-el-first  avia-bg-style-scroll container_wrap fullsize'  ><div class='container av-section-cont-open' ><main  role=\"main\" itemprop=\"mainContentOfPage\"  class='template-page content  av-content-full alpha units'><div class='post-entry post-entry-type-page post-entry-334'><div class='entry-content-wrapper clearfix'>\n<div class='flex_column_table av-1i8n0e-0282d8116a39ec15d4700b909e3d3664 sc-av_one_half av-equal-height-column-flextable'><div  class='flex_column av-1i8n0e-0282d8116a39ec15d4700b909e3d3664 av_one_half  avia-builder-el-1  el_before_av_one_half  avia-builder-el-first  first flex_column_table_cell av-equal-height-column av-align-middle  '     ><style type=\"text\/css\" data-created_by=\"avia_inline_auto\" id=\"style-css-av-mevfps4n-85cdbdef2a7545d788758ef8edcbc6d7\">\n.avia-image-container.av-mevfps4n-85cdbdef2a7545d788758ef8edcbc6d7 img.avia_image{\nbox-shadow:none;\n}\n.avia-image-container.av-mevfps4n-85cdbdef2a7545d788758ef8edcbc6d7 .av-image-caption-overlay-center{\ncolor:#ffffff;\n}\n<\/style>\n<div  class='avia-image-container av-mevfps4n-85cdbdef2a7545d788758ef8edcbc6d7 av-styling- avia-align-center  avia-builder-el-2  avia-builder-el-no-sibling '   itemprop=\"image\" itemscope=\"itemscope\" itemtype=\"https:\/\/schema.org\/ImageObject\" ><div class=\"avia-image-container-inner\"><div class=\"avia-image-overlay-wrap\"><img decoding=\"async\" fetchpriority=\"high\" class='wp-image-427 avia-img-lazy-loading-not-427 avia_image ' src=\"https:\/\/my-better-job.eu\/wp-content\/uploads\/2025\/08\/recrutement.svg\" alt='' title='recrutement'  height=\"150\" width=\"150\"  itemprop=\"thumbnailUrl\"  \/><\/div><\/div><\/div><\/div><div class='av-flex-placeholder'><\/div><div  class='flex_column av-1h5132-4aa527218ba98ded4d3ffa5dc704ec5f av_one_half  avia-builder-el-3  el_after_av_one_half  avia-builder-el-last  flex_column_table_cell av-equal-height-column av-align-middle  '     ><style type=\"text\/css\" data-created_by=\"avia_inline_auto\" id=\"style-css-av-mevfpzpd-dfb19ea422727fdb50c00a817f1db2df\">\n#top .av_textblock_section.av-mevfpzpd-dfb19ea422727fdb50c00a817f1db2df .avia_textblock{\nfont-size:20px;\ncolor:#66bc93;\n}\n<\/style>\n<section  class='av_textblock_section av-mevfpzpd-dfb19ea422727fdb50c00a817f1db2df '   itemscope=\"itemscope\" itemtype=\"https:\/\/schema.org\/CreativeWork\" ><div class='avia_textblock av_inherit_color'  itemprop=\"text\" ><h4><strong>Recrutement<\/strong><\/h4>\n<\/div><\/section><br \/>\n\n<style type=\"text\/css\" data-created_by=\"avia_inline_auto\" id=\"style-css-av-mevfqgb0-9a63407a9f91a67a4b22e52b00638ba8\">\n#top .av_textblock_section.av-mevfqgb0-9a63407a9f91a67a4b22e52b00638ba8 .avia_textblock{\ncolor:#26274e;\n}\n<\/style>\n<section  class='av_textblock_section av-mevfqgb0-9a63407a9f91a67a4b22e52b00638ba8 '   itemscope=\"itemscope\" itemtype=\"https:\/\/schema.org\/CreativeWork\" ><div class='avia_textblock av_inherit_color'  itemprop=\"text\" ><p><strong>R\u00e9pondre aux tensions du march\u00e9 de l\u2019emploi par une approche innovante<\/strong><\/p>\n<\/div><\/section><br \/>\n\n<style type=\"text\/css\" data-created_by=\"avia_inline_auto\" id=\"style-css-av-17fhr2-10983ef990a1e6119e0afe4fd5fe6c1f\">\n#top .av_textblock_section.av-17fhr2-10983ef990a1e6119e0afe4fd5fe6c1f .avia_textblock{\nfont-size:20px;\ncolor:#26274e;\n}\n<\/style>\n<section  class='av_textblock_section av-17fhr2-10983ef990a1e6119e0afe4fd5fe6c1f '   itemscope=\"itemscope\" itemtype=\"https:\/\/schema.org\/CreativeWork\" ><div class='avia_textblock av_inherit_color'  itemprop=\"text\" ><hr style=\"width: 50%; border: 3px solid #66bc93; border-radius: 3px;\" \/>\n<\/div><\/section><br \/>\n\n<style type=\"text\/css\" data-created_by=\"avia_inline_auto\" id=\"style-css-av-mevfrw2g-b3e64508cfe63e821069eb36190adc89\">\n#top .togglecontainer.av-mevfrw2g-b3e64508cfe63e821069eb36190adc89 p.toggler{\nfont-size:15px;\ncolor:#26274e;\nborder-color:#66bc93;\n}\n#top .togglecontainer.av-mevfrw2g-b3e64508cfe63e821069eb36190adc89 p.toggler .toggle_icon{\ncolor:#66bc93;\nborder-color:#66bc93;\n}\n#top .togglecontainer.av-mevfrw2g-b3e64508cfe63e821069eb36190adc89 p.toggler .toggle_icon > span{\ncolor:#66bc93;\nborder-color:#66bc93;\n}\n#top .togglecontainer.av-mevfrw2g-b3e64508cfe63e821069eb36190adc89 .toggle_wrap .toggle_content{\ncolor:#26274e;\nborder-color:#66bc93;\n}\n<\/style>\n<div  class='togglecontainer av-mevfrw2g-b3e64508cfe63e821069eb36190adc89 av-minimal-toggle  avia-builder-el-7  el_after_av_textblock  el_before_av_buttonrow  toggle_close_all' >\n<section class='av_toggle_section av-mevfr3f4-0ee8be357ba4f8b369847d37cd714333'  itemscope=\"itemscope\" itemtype=\"https:\/\/schema.org\/CreativeWork\" ><div role=\"tablist\" class=\"single_toggle\" data-tags=\"{Tout} \"  ><p id='toggle-toggle-id-1' data-fake-id='#toggle-id-1' class='toggler  av-title-above av-inherit-border-color'  itemprop=\"headline\"  role='tab' tabindex='0' aria-controls='toggle-id-1' data-slide-speed=\"200\" data-title=\"Donn\u00e9es d\u2019entr\u00e9e requises \" data-title-open=\"\" data-aria_collapsed=\"Cliquez pour \u00e9tendre : Donn\u00e9es d\u2019entr\u00e9e requises \" data-aria_expanded=\"Cliquez pour r\u00e9duire : Donn\u00e9es d\u2019entr\u00e9e requises \">Donn\u00e9es d\u2019entr\u00e9e requises <span class=\"toggle_icon\"><span class=\"vert_icon\"><\/span><span class=\"hor_icon\"><\/span><\/span><\/p><div id='toggle-id-1' aria-labelledby='toggle-toggle-id-1' role='region' class='toggle_wrap  av-title-above'  ><div class='toggle_content invers-color av-inherit-border-color'  itemprop=\"text\" ><ul>\n<li aria-setsize=\"-1\" data-leveltext=\"\uf0b7\" data-font=\"Symbol\" data-listid=\"2\" data-list-defn-props=\"{\" data-aria-posinset=\"1\" data-aria-level=\"1\"><span data-contrast=\"auto\">F<\/span><span data-contrast=\"auto\">iche de poste \u00e0 pourvoir<\/span><\/li>\n<li aria-setsize=\"-1\" data-leveltext=\"\uf0b7\" data-font=\"Symbol\" data-listid=\"2\" data-list-defn-props=\"{\" data-aria-posinset=\"1\" data-aria-level=\"1\"><span data-contrast=\"auto\">CV collaborateurs en mobilit\u00e9<\/span><\/li>\n<li aria-setsize=\"-1\" data-leveltext=\"\uf0b7\" data-font=\"Symbol\" data-listid=\"2\" data-list-defn-props=\"{\" data-aria-posinset=\"1\" data-aria-level=\"1\"><span data-contrast=\"auto\">Base CVth\u00e8que interne<\/span><\/li>\n<\/ul>\n<\/div><\/div><\/div><\/section>\n<section class='av_toggle_section av-mevfrlsl-521cb9456a3c6ed02bddebdd35324d7b'  itemscope=\"itemscope\" itemtype=\"https:\/\/schema.org\/CreativeWork\" ><div role=\"tablist\" class=\"single_toggle\" data-tags=\"{Tout} \"  ><p id='toggle-toggle-id-2' data-fake-id='#toggle-id-2' class='toggler  av-title-above av-inherit-border-color'  itemprop=\"headline\"  role='tab' tabindex='0' aria-controls='toggle-id-2' data-slide-speed=\"200\" data-title=\"Livrable \" data-title-open=\"\" data-aria_collapsed=\"Cliquez pour \u00e9tendre : Livrable \" data-aria_expanded=\"Cliquez pour r\u00e9duire : Livrable \">Livrable <span class=\"toggle_icon\"><span class=\"vert_icon\"><\/span><span class=\"hor_icon\"><\/span><\/span><\/p><div id='toggle-id-2' aria-labelledby='toggle-toggle-id-2' role='region' class='toggle_wrap  av-title-above'  ><div class='toggle_content invers-color av-inherit-border-color'  itemprop=\"text\" ><ul>\n<li aria-setsize=\"-1\" data-leveltext=\"\uf0b7\" data-font=\"Symbol\" data-listid=\"11\" data-list-defn-props=\"{\" data-aria-posinset=\"1\" data-aria-level=\"1\"><span data-contrast=\"auto\">R\u00e9union de lancement<\/span><\/li>\n<li aria-setsize=\"-1\" data-leveltext=\"\uf0b7\" data-font=\"Symbol\" data-listid=\"11\" data-list-defn-props=\"{\" data-aria-posinset=\"1\" data-aria-level=\"1\"><span data-contrast=\"auto\">Annuaire exhaustif des formations au poste \u00e0 pourvoir (zone 200 km, voire au-del\u00e0 si pertinent)<\/span><\/li>\n<li aria-setsize=\"-1\" data-leveltext=\"\uf0b7\" data-font=\"Symbol\" data-listid=\"11\" data-list-defn-props=\"{\" data-aria-posinset=\"1\" data-aria-level=\"1\"><span data-contrast=\"auto\">30 Profils les plus proches (Collaborateur et CVth\u00e8que de l\u2019entreprise)<\/span><\/li>\n<li aria-setsize=\"-1\" data-leveltext=\"\uf0b7\" data-font=\"Symbol\" data-listid=\"11\" data-list-defn-props=\"{\" data-aria-posinset=\"1\" data-aria-level=\"1\"><span data-contrast=\"auto\">\u00c9cart de comp\u00e9tences<\/span><\/li>\n<li aria-setsize=\"-1\" data-leveltext=\"\uf0b7\" data-font=\"Symbol\" data-listid=\"11\" data-list-defn-props=\"{\" data-aria-posinset=\"1\" data-aria-level=\"1\"><span data-contrast=\"auto\">R\u00e9union de restitution<\/span><\/li>\n<\/ul>\n<\/div><\/div><\/div><\/section>\n<section class='av_toggle_section av-mevfrusl-92f3d522ee8442a007d6715b3ad3770c'  itemscope=\"itemscope\" itemtype=\"https:\/\/schema.org\/CreativeWork\" ><div role=\"tablist\" class=\"single_toggle\" data-tags=\"{Tout} \"  ><p id='toggle-toggle-id-3' data-fake-id='#toggle-id-3' class='toggler  av-title-above av-inherit-border-color'  itemprop=\"headline\"  role='tab' tabindex='0' aria-controls='toggle-id-3' data-slide-speed=\"200\" data-title=\"Tarif\" data-title-open=\"\" data-aria_collapsed=\"Cliquez pour \u00e9tendre : Tarif\" data-aria_expanded=\"Cliquez pour r\u00e9duire : Tarif\">Tarif<span class=\"toggle_icon\"><span class=\"vert_icon\"><\/span><span class=\"hor_icon\"><\/span><\/span><\/p><div id='toggle-id-3' aria-labelledby='toggle-toggle-id-3' role='region' class='toggle_wrap  av-title-above'  ><div class='toggle_content invers-color av-inherit-border-color'  itemprop=\"text\" ><p><strong>1700 \u20ac HT \/ <\/strong>unit\u00e9<\/p>\n<\/div><\/div><\/div><\/section>\n<\/div><br \/>\n<div  class='avia-buttonrow-wrap av-mevfxsvq-2fc8f80c48d9f2d9df5908ec87b8d52b avia-buttonrow-left  avia-builder-el-8  el_after_av_toggle_container  avia-builder-el-last '>\n\n<style type=\"text\/css\" data-created_by=\"avia_inline_auto\" id=\"style-css-av-mevfxs85-c3a5def4d5baa4eab0b6db4331506d05\">\n#top #wrap_all .avia-button.av-mevfxs85-c3a5def4d5baa4eab0b6db4331506d05{\nbackground-color:#66bc93;\nborder-color:#66bc93;\ntransition:all 0.4s ease-in-out;\nmargin-bottom:5px;\nmargin-right:5px;\n}\n#top #wrap_all .avia-button.av-mevfxs85-c3a5def4d5baa4eab0b6db4331506d05:hover{\nbackground-color:#26274e;\ncolor:white;\ntransition:all 0.4s ease-in-out;\n}\n#top #wrap_all .avia-button.av-mevfxs85-c3a5def4d5baa4eab0b6db4331506d05:hover .avia-svg-icon svg:first-child{\nfill:white;\nstroke:white;\n}\n<\/style>\n<a href='https:\/\/buy.stripe.com\/4gM5kE15qeq8701h0V4AU04'  class='avia-button av-mevfxs85-c3a5def4d5baa4eab0b6db4331506d05 avia-icon_select-no avia-size-x-large avia-font-color-theme-color'   aria-label=\"Commander\"><span class='avia_iconbox_title' >Commander<\/span><\/a>\n\n<style type=\"text\/css\" data-created_by=\"avia_inline_auto\" id=\"style-css-av-148p1a-7c53c3d2ea72fd21e0f8d75bdc685150\">\n#top #wrap_all .avia-button.av-148p1a-7c53c3d2ea72fd21e0f8d75bdc685150{\nmargin-bottom:5px;\nmargin-right:5px;\n}\n<\/style>\n<a href='#contact'  class='avia-button av-148p1a-7c53c3d2ea72fd21e0f8d75bdc685150 avia-icon_select-no avia-size-x-large avia-color-theme-color'   aria-label=\"Demander un devis\"><span class='avia_iconbox_title' >Demander un devis<\/span><\/a>\n<\/div><\/p><\/div><\/div><!--close column table wrapper. Autoclose: 1 -->\n\n<\/div><\/div><\/main><!-- close content main element --><\/div><\/div><div id='av_section_2'  class='avia-section av-av_section-ead7872a6199d9872a6fed09789ee080 main_color avia-section-default avia-no-border-styling  avia-builder-el-9  el_after_av_section  el_before_av_section  avia-bg-style-scroll container_wrap fullsize'  ><div class='container av-section-cont-open' ><div class='template-page content  av-content-full alpha units'><div class='post-entry post-entry-type-page post-entry-334'><div class='entry-content-wrapper clearfix'>\n\n<style type=\"text\/css\" data-created_by=\"avia_inline_auto\" id=\"style-css-av-av_one_full-1c05f217a0ddad2108cbb64d8daed35c\">\n.flex_column.av-av_one_full-1c05f217a0ddad2108cbb64d8daed35c{\nborder-width:10px;\nborder-color:#66bc93;\nborder-style:solid;\npadding:50px 50px 50px 50px;\n}\n<\/style>\n<div  class='flex_column av-av_one_full-1c05f217a0ddad2108cbb64d8daed35c av_one_full  avia-builder-el-10  avia-builder-el-no-sibling  first flex_column_div  '     ><style type=\"text\/css\" data-created_by=\"avia_inline_auto\" id=\"style-css-av-mfgwo7vv-0ac046147999a51a486e0fed65387cda\">\n#top .av_textblock_section.av-mfgwo7vv-0ac046147999a51a486e0fed65387cda .avia_textblock{\ncolor:#26274e;\n}\n<\/style>\n<section  class='av_textblock_section av-mfgwo7vv-0ac046147999a51a486e0fed65387cda '   itemscope=\"itemscope\" itemtype=\"https:\/\/schema.org\/CreativeWork\" ><div class='avia_textblock av_inherit_color'  itemprop=\"text\" ><h4 style=\"text-align: center;\"><strong>Co\u00fbt de recherche des solutions de formation et de recrutement interne \u00f7 5<\/strong><\/h4>\n<\/div><\/section><\/div><\/div><\/div><\/div><!-- close content main div --><\/div><\/div>\n<style type=\"text\/css\" data-created_by=\"avia_inline_auto\" id=\"style-css-av-zh7fa-36044b0e678f3d412c38a89c2527f9f5\">\n.avia-section.av-zh7fa-36044b0e678f3d412c38a89c2527f9f5{\nbackground-color:#f4f4f4;\nbackground-image:unset;\n}\n<\/style>\n<div id='av_section_3'  class='avia-section av-zh7fa-36044b0e678f3d412c38a89c2527f9f5 main_color avia-section-default avia-no-border-styling  avia-builder-el-12  el_after_av_section  el_before_av_section  avia-bg-style-scroll container_wrap fullsize'  ><div class='container av-section-cont-open' ><div class='template-page content  av-content-full alpha units'><div class='post-entry post-entry-type-page post-entry-334'><div class='entry-content-wrapper clearfix'>\n<div class='flex_column_table av-9jme-4d2e8896e9468d591a2dd696575e44b4 sc-av_one_half av-equal-height-column-flextable'><div  class='flex_column av-9jme-4d2e8896e9468d591a2dd696575e44b4 av_one_half  avia-builder-el-13  el_before_av_one_half  avia-builder-el-first  first flex_column_table_cell av-equal-height-column av-align-middle  '     ><section  class='av_textblock_section av-mevfscjx-f29940a3b88a6cd6faaf50c7eabb0490 '   itemscope=\"itemscope\" itemtype=\"https:\/\/schema.org\/CreativeWork\" ><div class='avia_textblock'  itemprop=\"text\" ><p style=\"text-align: center;\"><strong>LES RECRUTEMENTS\u00a0<\/strong><\/p>\n<\/div><\/section><br \/>\n\n<style type=\"text\/css\" data-created_by=\"avia_inline_auto\" id=\"style-css-av-nc0zy-01432111c6fd5e4082c629c28354eda1\">\n#top .av_textblock_section.av-nc0zy-01432111c6fd5e4082c629c28354eda1 .avia_textblock{\nfont-size:20px;\ncolor:#66bc93;\n}\n<\/style>\n<section  class='av_textblock_section av-nc0zy-01432111c6fd5e4082c629c28354eda1 '   itemscope=\"itemscope\" itemtype=\"https:\/\/schema.org\/CreativeWork\" ><div class='avia_textblock av_inherit_color'  itemprop=\"text\" ><h4 style=\"text-align: center;\"><strong>&#8211; Sans My-Better-Job &#8211;<\/strong><\/h4>\n<\/div><\/section><br \/>\n\n<style type=\"text\/css\" data-created_by=\"avia_inline_auto\" id=\"style-css-av-dv7pi-de8ce291182302591fe4f4187b1e3608\">\n#top .hr.hr-invisible.av-dv7pi-de8ce291182302591fe4f4187b1e3608{\nheight:20px;\n}\n<\/style>\n<div  class='hr av-dv7pi-de8ce291182302591fe4f4187b1e3608 hr-invisible  avia-builder-el-16  el_after_av_textblock  el_before_av_textblock '><span class='hr-inner '><span class=\"hr-inner-style\"><\/span><\/span><\/div><br \/>\n\n<style type=\"text\/css\" data-created_by=\"avia_inline_auto\" id=\"style-css-av-mevfstqa-227f3b6bde20c7ba9d0873a5a579272c\">\n#top .av_textblock_section.av-mevfstqa-227f3b6bde20c7ba9d0873a5a579272c .avia_textblock{\nfont-size:15px;\ncolor:#26274e;\n}\n<\/style>\n<section  class='av_textblock_section av-mevfstqa-227f3b6bde20c7ba9d0873a5a579272c '   itemscope=\"itemscope\" itemtype=\"https:\/\/schema.org\/CreativeWork\" ><div class='avia_textblock av_inherit_color'  itemprop=\"text\" ><ul data-editing-info=\"{\"applyListStyleFromLevel\":true}\">\n<li>\n<div class=\"x_elementToProof\" role=\"presentation\" data-olk-copy-source=\"MessageBody\">Des difficult\u00e9s de recrutement aigu\u00ebs, alors que les comp\u00e9tences existent peut-\u00eatre d\u00e9j\u00e0 dans l&rsquo;entreprise&#8230;<\/div>\n<\/li>\n<\/ul>\n<ul data-editing-info=\"{\"applyListStyleFromLevel\":true}\">\n<li>\n<div class=\"x_elementToProof\" role=\"presentation\">M\u00e9connaissance (pour 85% de 800 entreprises interrog\u00e9es en 2024) des organismes de formation pouvant constituer des viviers pertinents pour les recrutements dans les m\u00e9tiers des entreprises<\/div>\n<\/li>\n<\/ul>\n<ul data-editing-info=\"{\"applyListStyleFromLevel\":true}\">\n<li>\n<div class=\"x_elementToProof\" role=\"presentation\">Des CVth\u00e8ques internes (candidatures spontan\u00e9es) souvent mal exploit\u00e9es, car co\u00fbteuses en temps de lecture, d&rsquo;\u00e9valuation et de rapprochement avec les m\u00e9tiers \u00e0 pourvoir<\/div>\n<\/li>\n<\/ul>\n<div class=\"x_elementToProof\"><\/div>\n<\/div><\/section><\/p><\/div><div class='av-flex-placeholder'><\/div><div  class='flex_column av-8umxq-df5abaee2500ffe81b271d8106e7759d av_one_half  avia-builder-el-18  el_after_av_one_half  avia-builder-el-last  flex_column_table_cell av-equal-height-column av-align-middle  '     ><style type=\"text\/css\" data-created_by=\"avia_inline_auto\" id=\"style-css-av-mevft13s-54c04b7446c71a8c636edea478e7a786\">\n#top .av_textblock_section.av-mevft13s-54c04b7446c71a8c636edea478e7a786 .avia_textblock{\nfont-size:15px;\ncolor:#26274e;\n}\n<\/style>\n<section  class='av_textblock_section av-mevft13s-54c04b7446c71a8c636edea478e7a786 '   itemscope=\"itemscope\" itemtype=\"https:\/\/schema.org\/CreativeWork\" ><div class='avia_textblock av_inherit_color'  itemprop=\"text\" ><section class=\"av_textblock_section av-meihm4vv-0a63032eb56124b3d6e0d80d4c2906b9 \">\n<div class=\"avia_textblock av_inherit_color\">\n<p><em><strong>Les tensions sur le march\u00e9 du travail atteignent des sommets et les solutions classiques (jobboards) s\u2019\u00e9puisent. Pour continuer \u00e0 trouver les comp\u00e9tences qu\u2019elles cherchent, les entreprises doivent activer de nouveaux leviers.\u00a0<\/strong><\/em><\/p>\n<p><em><strong>MBJ met \u00e0 votre disposition les ressources de tous les organismes de formation pertinents, rep\u00e8re les collaborateurs pouvant r\u00e9pondre au besoin et vous aide \u00e0 exploiter de fa\u00e7on rigoureuse votre CVth\u00e8que.\u00a0<\/strong><\/em><\/p>\n<\/div>\n<\/section>\n<div class=\"hr av-izhvo-10bb30392a2c613f5cfc6188083801db hr-invisible  avia-builder-el-27  el_after_av_textblock  avia-builder-el-last \"><\/div>\n<\/div><\/section><\/div><\/div><!--close column table wrapper. Autoclose: 1 -->\n<\/p>\n<\/div><\/div><\/div><!-- close content main div --><\/div><\/div><div id='contact'  class='avia-section av-meikd0g1-1d534e3afd5bd985891c90e919c279d3 main_color avia-section-default avia-no-border-styling  avia-builder-el-20  el_after_av_section  avia-builder-el-last  degrade avia-bg-style-scroll container_wrap fullsize'  ><div class='container av-section-cont-open' ><div class='template-page content  av-content-full alpha units'><div class='post-entry post-entry-type-page post-entry-334'><div class='entry-content-wrapper clearfix'>\n<form action=\"https:\/\/my-better-job.eu\/?page_id=334\" method=\"post\" data-fields-with-error=\"Erreurs trouv\u00e9es dans les champs suivants :\" class=\"avia_ajax_form av-form-labels-hidden   avia-builder-el-21  avia-builder-el-no-sibling  av-custom-form-color av-light-form \" data-avia-form-id=\"1\" data-avia-redirect='' ><fieldset><h3 id='element_avia_1_1' class=' first_form  form_element form_fullwidth av-form-headline '><\/h3><p class='  first_form  form_element form_element_half' id='element_avia_2_1'><label for=\"avia_2_1\">Votre nom <abbr class=\"required\" title=\"requis(e)\">*<\/abbr><\/label> <input name=\"avia_2_1\" class=\"text_input is_empty\" type=\"text\" id=\"avia_2_1\" value=\"\"  placeholder='Votre nom*'\/><\/p><p class='  form_element form_element_half' id='element_avia_3_1'><label for=\"avia_3_1\">Nom de votre \u00e9tablissement   <abbr class=\"required\" title=\"requis(e)\">*<\/abbr><\/label> <input name=\"avia_3_1\" class=\"text_input is_empty\" type=\"text\" id=\"avia_3_1\" value=\"\"  placeholder='Nom de votre \u00e9tablissement  *'\/><\/p><p class='  first_form  form_element form_element_half' id='element_avia_4_1'><label for=\"avia_4_1\">E-Mail <abbr class=\"required\" title=\"requis(e)\">*<\/abbr><\/label> <input name=\"avia_4_1\" class=\"text_input is_email\" type=\"text\" id=\"avia_4_1\" value=\"\"  placeholder='E-Mail*'\/><\/p><p class='  form_element form_element_half' id='element_avia_5_1'><label for=\"avia_5_1\">T\u00e9l\u00e9phone <abbr class=\"required\" title=\"requis(e)\">*<\/abbr><\/label> <input name=\"avia_5_1\" class=\"text_input is_empty\" type=\"text\" id=\"avia_5_1\" value=\"\"  placeholder='T\u00e9l\u00e9phone*'\/><\/p><p class='  first_form  form_element form_fullwidth av-last-visible-form-element' id='element_avia_6_1'><label for=\"avia_6_1\" class=\"textare_label hidden textare_label_avia_6_1\">D\u00e9crivez-nous vos besoins ... <abbr class=\"required\" title=\"requis(e)\">*<\/abbr><\/label><textarea  placeholder='D\u00e9crivez-nous vos besoins ...*' name=\"avia_6_1\" class=\"text_area is_empty\" cols=\"40\" rows=\"7\" id=\"avia_6_1\" ><\/textarea><\/p><p class=\"hidden\"><input type=\"text\" name=\"avia_7_1\" class=\"hidden \" id=\"avia_7_1\" value=\"\" \/><\/p><p class=\"form_element \"><input type=\"hidden\" value=\"1\" name=\"avia_generated_form1\" \/><input type=\"submit\" value=\"Envoyer\" class=\"button\"  data-sending-label=\"Envoi\"\/><\/p><\/fieldset><\/form><div id=\"ajaxresponse_1\" class=\"ajaxresponse ajaxresponse_1 hidden\"><\/div>\n\n","protected":false},"excerpt":{"rendered":"","protected":false},"author":1,"featured_media":0,"parent":0,"menu_order":0,"comment_status":"closed","ping_status":"closed","template":"","meta":{"inline_featured_image":false,"footnotes":""},"class_list":["post-334","page","type-page","status-publish","hentry"],"_links":{"self":[{"href":"https:\/\/my-better-job.eu\/index.php?rest_route=\/wp\/v2\/pages\/334","targetHints":{"allow":["GET"]}}],"collection":[{"href":"https:\/\/my-better-job.eu\/index.php?rest_route=\/wp\/v2\/pages"}],"about":[{"href":"https:\/\/my-better-job.eu\/index.php?rest_route=\/wp\/v2\/types\/page"}],"author":[{"embeddable":true,"href":"https:\/\/my-better-job.eu\/index.php?rest_route=\/wp\/v2\/users\/1"}],"replies":[{"embeddable":true,"href":"https:\/\/my-better-job.eu\/index.php?rest_route=%2Fwp%2Fv2%2Fcomments&post=334"}],"version-history":[{"count":9,"href":"https:\/\/my-better-job.eu\/index.php?rest_route=\/wp\/v2\/pages\/334\/revisions"}],"predecessor-version":[{"id":1023,"href":"https:\/\/my-better-job.eu\/index.php?rest_route=\/wp\/v2\/pages\/334\/revisions\/1023"}],"wp:attachment":[{"href":"https:\/\/my-better-job.eu\/index.php?rest_route=%2Fwp%2Fv2%2Fmedia&parent=334"}],"curies":[{"name":"wp","href":"https:\/\/api.w.org\/{rel}","templated":true}]}}