{"id":327,"date":"2025-08-19T14:21:05","date_gmt":"2025-08-19T14:21:05","guid":{"rendered":"https:\/\/my-better-job.eu\/?page_id=327"},"modified":"2025-08-20T13:12:01","modified_gmt":"2025-08-20T13:12:01","slug":"mobilite-interne-2","status":"publish","type":"page","link":"https:\/\/my-better-job.eu\/?page_id=327","title":{"rendered":"MOBILIT\u00c9 INTERNE"},"content":{"rendered":"<div id='av-layout-grid-1'  class='av-layout-grid-container av-meikam9q-e35330c91476d730d5b14142bf37667b entry-content-wrapper main_color av-flex-cells  avia-builder-el-0  el_before_av_section  avia-builder-el-first   container_wrap fullsize'  >\n\n<style type=\"text\/css\" data-created_by=\"avia_inline_auto\" id=\"style-css-av-meik1oq7-b65d064300262da09749846b0bbdd9c7\">\n.flex_cell.av-meik1oq7-b65d064300262da09749846b0bbdd9c7{\nvertical-align:middle;\nbackground-color:rgba(255,255,255,0.8);\n}\n<\/style>\n<div class='flex_cell av-meik1oq7-b65d064300262da09749846b0bbdd9c7 av-gridrow-cell av_one_half no_margin  avia-builder-el-1  el_before_av_cell_one_half  avia-builder-el-first  content-align-middle'  ><div class='flex_cell_inner'><p>\n<style type=\"text\/css\" data-created_by=\"avia_inline_auto\" id=\"style-css-av-z8vyc-b102e4439b346d0b9442e4f8dbfa589d\">\n#top .hr.hr-invisible.av-z8vyc-b102e4439b346d0b9442e4f8dbfa589d{\nheight:50px;\n}\n<\/style>\n<div  class='hr av-z8vyc-b102e4439b346d0b9442e4f8dbfa589d hr-invisible  avia-builder-el-2  el_before_av_image  avia-builder-el-first '><span class='hr-inner '><span class=\"hr-inner-style\"><\/span><\/span><\/div><br \/>\n\n<style type=\"text\/css\" data-created_by=\"avia_inline_auto\" id=\"style-css-av-meik8v66-92c706317b179944d76bacac1df5c96c\">\n.avia-image-container.av-meik8v66-92c706317b179944d76bacac1df5c96c img.avia_image{\nbox-shadow:none;\n}\n.avia-image-container.av-meik8v66-92c706317b179944d76bacac1df5c96c .av-image-caption-overlay-center{\ncolor:#ffffff;\n}\n<\/style>\n<div  class='avia-image-container av-meik8v66-92c706317b179944d76bacac1df5c96c av-styling- avia-align-left  avia-builder-el-3  el_after_av_hr  el_before_av_textblock '   itemprop=\"image\" itemscope=\"itemscope\" itemtype=\"https:\/\/schema.org\/ImageObject\" ><div class=\"avia-image-container-inner\"><div class=\"avia-image-overlay-wrap\"><img decoding=\"async\" fetchpriority=\"high\" class='wp-image-276 avia-img-lazy-loading-not-276 avia_image ' src=\"https:\/\/my-better-job.eu\/wp-content\/uploads\/2025\/08\/ico-haut.svg\" alt='' title='ico-haut'  height=\"300\" width=\"300\"  itemprop=\"thumbnailUrl\"  \/><\/div><\/div><\/div><br \/>\n\n<style type=\"text\/css\" data-created_by=\"avia_inline_auto\" id=\"style-css-av-mdg2gq0u-1467d09bb4b503e75e8562bf8e193517\">\n#top .av_textblock_section.av-mdg2gq0u-1467d09bb4b503e75e8562bf8e193517 .avia_textblock{\nfont-size:40px;\ncolor:#26274e;\n}\n<\/style>\n<section  class='av_textblock_section av-mdg2gq0u-1467d09bb4b503e75e8562bf8e193517 '   itemscope=\"itemscope\" itemtype=\"https:\/\/schema.org\/CreativeWork\" ><div class='avia_textblock av_inherit_color'  itemprop=\"text\" ><h1 style=\"font-size: 100%; text-align: center;\"><span class=\"TextRun MacChromeBold SCXW19570721 BCX0\" lang=\"FR-FR\" xml:lang=\"FR-FR\" data-contrast=\"none\"><span class=\"NormalTextRun SCXW19570721 BCX0\" data-ccp-parastyle=\"heading 3\">Mobilit\u00e9 interne<\/span><\/span><\/h1>\n<\/div><\/section><br \/>\n\n<style type=\"text\/css\" data-created_by=\"avia_inline_auto\" id=\"style-css-av-meilgwzv-c6be9baa84333b1ed668a0984b3fff70\">\n#top .av_textblock_section.av-meilgwzv-c6be9baa84333b1ed668a0984b3fff70 .avia_textblock{\nfont-size:15px;\ncolor:#26274e;\n}\n<\/style>\n<section  class='av_textblock_section av-meilgwzv-c6be9baa84333b1ed668a0984b3fff70 '   itemscope=\"itemscope\" itemtype=\"https:\/\/schema.org\/CreativeWork\" ><div class='avia_textblock av_inherit_color'  itemprop=\"text\" ><p style=\"font-size: 100%; text-align: center;\"><em><span class=\"TextRun MacChromeBold SCXW90580988 BCX0\" lang=\"FR-FR\" xml:lang=\"FR-FR\" data-contrast=\"none\"><span class=\"NormalTextRun SCXW90580988 BCX0\" data-ccp-parastyle=\"heading 3\">Carri\u00e8re dans l\u2019entreprise<\/span><\/span><\/em><\/p>\n<\/div><\/section><br \/>\n\n<style type=\"text\/css\" data-created_by=\"avia_inline_auto\" id=\"style-css-av-meik94cv-bfeaaa5986a9cce1e80e86c5ec61efae\">\n.avia-image-container.av-meik94cv-bfeaaa5986a9cce1e80e86c5ec61efae img.avia_image{\nbox-shadow:none;\n}\n.avia-image-container.av-meik94cv-bfeaaa5986a9cce1e80e86c5ec61efae .av-image-caption-overlay-center{\ncolor:#ffffff;\n}\n<\/style>\n<div  class='avia-image-container av-meik94cv-bfeaaa5986a9cce1e80e86c5ec61efae av-styling- avia-align-right  avia-builder-el-6  el_after_av_textblock  el_before_av_hr '   itemprop=\"image\" itemscope=\"itemscope\" itemtype=\"https:\/\/schema.org\/ImageObject\" ><div class=\"avia-image-container-inner\"><div class=\"avia-image-overlay-wrap\"><img decoding=\"async\" fetchpriority=\"high\" class='wp-image-277 avia-img-lazy-loading-not-277 avia_image ' src=\"https:\/\/my-better-job.eu\/wp-content\/uploads\/2025\/08\/ico-bas.svg\" alt='' title='ico-bas'  height=\"300\" width=\"300\"  itemprop=\"thumbnailUrl\"  \/><\/div><\/div><\/div><br \/>\n\n<style type=\"text\/css\" data-created_by=\"avia_inline_auto\" id=\"style-css-av-p516s-06752fccc0c5e5f43524ddc25a955e18\">\n#top .hr.hr-invisible.av-p516s-06752fccc0c5e5f43524ddc25a955e18{\nheight:50px;\n}\n<\/style>\n<div  class='hr av-p516s-06752fccc0c5e5f43524ddc25a955e18 hr-invisible  avia-builder-el-7  el_after_av_image  avia-builder-el-last '><span class='hr-inner '><span class=\"hr-inner-style\"><\/span><\/span><\/div><\/p>\n<\/div><\/div>\n<style type=\"text\/css\" data-created_by=\"avia_inline_auto\" id=\"style-css-av-meijxwxt-ce58e14e72bc8b26b4217340601abed7\">\n.flex_cell.av-meijxwxt-ce58e14e72bc8b26b4217340601abed7{\nvertical-align:top;\n}\n<\/style>\n<div class='flex_cell av-meijxwxt-ce58e14e72bc8b26b4217340601abed7 av-gridrow-cell av_one_half no_margin  avia-builder-el-8  el_after_av_cell_one_half  avia-builder-el-last  content-align-top'  ><div class='flex_cell_inner'><p>\n<style type=\"text\/css\" data-created_by=\"avia_inline_auto\" id=\"style-css-av-meikact8-a35a151dc1a9eb3b10072ea3513f164b\">\n#top .hr.hr-invisible.av-meikact8-a35a151dc1a9eb3b10072ea3513f164b{\nheight:50px;\n}\n<\/style>\n<div  class='hr av-meikact8-a35a151dc1a9eb3b10072ea3513f164b hr-invisible  avia-builder-el-9  el_before_av_textblock  avia-builder-el-first '><span class='hr-inner '><span class=\"hr-inner-style\"><\/span><\/span><\/div><br \/>\n\n<style type=\"text\/css\" data-created_by=\"avia_inline_auto\" id=\"style-css-av-meihm4vv-0a63032eb56124b3d6e0d80d4c2906b9\">\n#top .av_textblock_section.av-meihm4vv-0a63032eb56124b3d6e0d80d4c2906b9 .avia_textblock{\nfont-size:15px;\ncolor:#26274e;\n}\n<\/style>\n<section  class='av_textblock_section av-meihm4vv-0a63032eb56124b3d6e0d80d4c2906b9 '   itemscope=\"itemscope\" itemtype=\"https:\/\/schema.org\/CreativeWork\" ><div class='avia_textblock av_inherit_color'  itemprop=\"text\" ><p style=\"text-align: left;\"><em><strong>Les collaborateurs ma\u00eetrisent souvent bien plus de comp\u00e9tences que celles qu\u2019ils mettent en \u0153uvre. Conna\u00eetre et exploiter ces comp\u00e9tences permettraient de mieux r\u00e9pondre aux besoins de l\u2019entreprise et de mieux les fid\u00e9liser en r\u00e9pondant aux souhaits d\u2019\u00e9volution des salari\u00e9s.\u00a0<\/strong><\/em><\/p>\n<p><em><strong>MBJ vous permet de mieux r\u00e9pondre aux besoins de comp\u00e9tences des projets clients ou internes et de conna\u00eetre toutes les possibilit\u00e9s d\u2019\u00e9volution des collaborateurs de l\u2019entreprise.\u00a0<\/strong><\/em><\/p>\n<p style=\"text-align: left;\"><em><strong><span class=\"EOP SCXW96940509 BCX0\" data-ccp-props=\"{}\"><span class=\"EOP SCXW154838798 BCX0\" data-ccp-props=\"{}\">\u00a0<\/span><\/span><\/strong><\/em><\/p>\n<\/div><\/section><br \/>\n\n<style type=\"text\/css\" data-created_by=\"avia_inline_auto\" id=\"style-css-av-izhvo-10bb30392a2c613f5cfc6188083801db\">\n#top .hr.hr-invisible.av-izhvo-10bb30392a2c613f5cfc6188083801db{\nheight:50px;\n}\n<\/style>\n<div  class='hr av-izhvo-10bb30392a2c613f5cfc6188083801db hr-invisible  avia-builder-el-11  el_after_av_textblock  avia-builder-el-last '><span class='hr-inner '><span class=\"hr-inner-style\"><\/span><\/span><\/div><\/p>\n<\/div><\/div>\n<\/div>\n<div id='av_section_1'  class='avia-section av-gsu38-7e6907c6ea3c7ab959f686be2dd8bc88 main_color avia-section-default avia-no-border-styling  avia-builder-el-12  el_after_av_layout_row  el_before_av_section  avia-bg-style-scroll container_wrap fullsize'  ><div class='container av-section-cont-open' ><div class='template-page content  av-content-full alpha units'><div class='post-entry post-entry-type-page post-entry-327'><div class='entry-content-wrapper clearfix'>\n<div  class='flex_column av-a0n70-8f87d548f3398c39289af28edda54446 av_one_half  avia-builder-el-13  el_before_av_one_half  avia-builder-el-first  first flex_column_div  '     ><style type=\"text\/css\" data-created_by=\"avia_inline_auto\" id=\"style-css-av-meijbzzi-9d57f1a64eceecc8a6f0befbaaecf15b\">\n.avia-image-container.av-meijbzzi-9d57f1a64eceecc8a6f0befbaaecf15b img.avia_image{\nbox-shadow:none;\n}\n.avia-image-container.av-meijbzzi-9d57f1a64eceecc8a6f0befbaaecf15b .av-image-caption-overlay-center{\ncolor:#ffffff;\n}\n<\/style>\n<div  class='avia-image-container av-meijbzzi-9d57f1a64eceecc8a6f0befbaaecf15b av-styling- avia-align-center  avia-builder-el-14  avia-builder-el-no-sibling '   itemprop=\"image\" itemscope=\"itemscope\" itemtype=\"https:\/\/schema.org\/ImageObject\" ><div class=\"avia-image-container-inner\"><div class=\"avia-image-overlay-wrap\"><img decoding=\"async\" fetchpriority=\"high\" class='wp-image-318 avia-img-lazy-loading-not-318 avia_image ' src=\"https:\/\/my-better-job.eu\/wp-content\/uploads\/2025\/08\/mobilite-interne-copie.jpg\" alt='' title='mobilite-interne copie'  height=\"1024\" width=\"1024\"  itemprop=\"thumbnailUrl\" srcset=\"https:\/\/my-better-job.eu\/wp-content\/uploads\/2025\/08\/mobilite-interne-copie.jpg 1024w, https:\/\/my-better-job.eu\/wp-content\/uploads\/2025\/08\/mobilite-interne-copie-300x300.jpg 300w, https:\/\/my-better-job.eu\/wp-content\/uploads\/2025\/08\/mobilite-interne-copie-150x150.jpg 150w, https:\/\/my-better-job.eu\/wp-content\/uploads\/2025\/08\/mobilite-interne-copie-768x768.jpg 768w, https:\/\/my-better-job.eu\/wp-content\/uploads\/2025\/08\/mobilite-interne-copie-36x36.jpg 36w, https:\/\/my-better-job.eu\/wp-content\/uploads\/2025\/08\/mobilite-interne-copie-180x180.jpg 180w, https:\/\/my-better-job.eu\/wp-content\/uploads\/2025\/08\/mobilite-interne-copie-705x705.jpg 705w\" sizes=\"(max-width: 1024px) 100vw, 1024px\" \/><\/div><\/div><\/div><\/div><div  class='flex_column av-meijrhah-65a18df32ddcd22e148d3d618199f9bb av_one_half  avia-builder-el-15  el_after_av_one_half  avia-builder-el-last  flex_column_div  '     ><style type=\"text\/css\" data-created_by=\"avia_inline_auto\" id=\"style-css-av-meijchah-d19fece421634d026fbc683d5c24b840\">\n#top .av_textblock_section.av-meijchah-d19fece421634d026fbc683d5c24b840 .avia_textblock{\nfont-size:20px;\ncolor:#66bc93;\n}\n<\/style>\n<section  class='av_textblock_section av-meijchah-d19fece421634d026fbc683d5c24b840 '   itemscope=\"itemscope\" itemtype=\"https:\/\/schema.org\/CreativeWork\" ><div class='avia_textblock av_inherit_color'  itemprop=\"text\" ><h1 style=\"font-size: 100%; text-align: left;\"><span class=\"TextRun MacChromeBold SCXW19570721 BCX0\" lang=\"FR-FR\" xml:lang=\"FR-FR\" data-contrast=\"none\"><span class=\"NormalTextRun SCXW19570721 BCX0\" data-ccp-parastyle=\"heading 3\">Mobilit\u00e9 interne<\/span><\/span><\/h1>\n<p style=\"text-align: left;\"><em><span class=\"TextRun MacChromeBold SCXW90580988 BCX0\" lang=\"FR-FR\" xml:lang=\"FR-FR\" data-contrast=\"none\"><span class=\"NormalTextRun SCXW90580988 BCX0\" data-ccp-parastyle=\"heading 3\">Carri\u00e8re dans l\u2019entreprise<\/span><\/span><\/em><\/p>\n<\/div><\/section><br \/>\n<div  class='hr av-meikjf9k-62d6c2571d924b57390af2c33612f2e4 hr-default  avia-builder-el-17  el_after_av_textblock  el_before_av_textblock '><span class='hr-inner '><span class=\"hr-inner-style\"><\/span><\/span><\/div><br \/>\n<section  class='av_textblock_section av-meijgmhp-028c439f13a2a48fdda171959fb76eec '   itemscope=\"itemscope\" itemtype=\"https:\/\/schema.org\/CreativeWork\" ><div class='avia_textblock'  itemprop=\"text\" ><p><b><span data-contrast=\"auto\">Objectif :<\/span><\/b><span data-contrast=\"auto\"> Valoriser les parcours professionnels et fid\u00e9liser les collaborateurs.<\/span><\/p>\n<p><b><span data-contrast=\"auto\">Donn\u00e9es d\u2019entr\u00e9e :<\/span><\/b><span data-contrast=\"auto\"> Liste des m\u00e9tiers + fiches de poste.<\/span><span data-ccp-props=\"{\"134233117\":false,\"134233118\":false,\"335559738\":240,\"335559739\":240}\">\u00a0<\/span><\/p>\n<p><b><span data-contrast=\"auto\">Livrable :<\/span><\/b><span data-ccp-props=\"{\"134233117\":false,\"134233118\":false,\"335559738\":240,\"335559739\":240}\">\u00a0<\/span><\/p>\n<ul>\n<li aria-setsize=\"-1\" data-leveltext=\"\uf0b7\" data-font=\"Symbol\" data-listid=\"5\" data-list-defn-props=\"{\"335552541\":1,\"335559685\":720,\"335559991\":360,\"469769226\":\"Symbol\",\"469769242\":&#091;8226&#093;,\"469777803\":\"left\",\"469777804\":\"\uf0b7\",\"469777815\":\"hybridMultilevel\"}\" data-aria-posinset=\"1\" data-aria-level=\"1\"><span data-contrast=\"auto\">R\u00e9union de lancement.<\/span><span data-ccp-props=\"{\"134233117\":false,\"134233118\":false,\"335559738\":240,\"335559739\":240}\">\u00a0<\/span><\/li>\n<li aria-setsize=\"-1\" data-leveltext=\"\uf0b7\" data-font=\"Symbol\" data-listid=\"5\" data-list-defn-props=\"{\"335552541\":1,\"335559685\":720,\"335559991\":360,\"469769226\":\"Symbol\",\"469769242\":&#091;8226&#093;,\"469777803\":\"left\",\"469777804\":\"\uf0b7\",\"469777815\":\"hybridMultilevel\"}\" data-aria-posinset=\"1\" data-aria-level=\"1\"><span data-contrast=\"auto\">Cartographie des mobilit\u00e9s internes possibles dans l\u2019entreprise par l\u2019analyse des comp\u00e9tences.<\/span><span data-ccp-props=\"{\"134233117\":false,\"134233118\":false,\"335559738\":240,\"335559739\":240}\">\u00a0<\/span><\/li>\n<li aria-setsize=\"-1\" data-leveltext=\"\uf0b7\" data-font=\"Symbol\" data-listid=\"5\" data-list-defn-props=\"{\"335552541\":1,\"335559685\":720,\"335559991\":360,\"469769226\":\"Symbol\",\"469769242\":&#091;8226&#093;,\"469777803\":\"left\",\"469777804\":\"\uf0b7\",\"469777815\":\"hybridMultilevel\"}\" data-aria-posinset=\"1\" data-aria-level=\"1\"><span data-contrast=\"auto\">R\u00e9union de restitution.<\/span><span data-ccp-props=\"{\"134233117\":false,\"134233118\":false,\"335559738\":240,\"335559739\":240}\">\u00a0<\/span><\/li>\n<\/ul>\n<\/div><\/section><br \/>\n\n<style type=\"text\/css\" data-created_by=\"avia_inline_auto\" id=\"style-css-av-meijjfdw-a49bac1a58da0dc79ec2c63aa07d6486\">\n#top .av_textblock_section.av-meijjfdw-a49bac1a58da0dc79ec2c63aa07d6486 .avia_textblock{\nfont-size:20px;\ncolor:#66bc93;\n}\n<\/style>\n<section  class='av_textblock_section av-meijjfdw-a49bac1a58da0dc79ec2c63aa07d6486 '   itemscope=\"itemscope\" itemtype=\"https:\/\/schema.org\/CreativeWork\" ><div class='avia_textblock av_inherit_color'  itemprop=\"text\" ><p><b>Exemple de tarifs :\u00a0<\/b><\/p>\n<\/div><\/section><br \/>\n<div  class='avia-table av-60lb2-71ffb6d57ec08bb56cc0511831fa3c29 main_color avia-pricing-table-container avia_pricing_minimal  avia-builder-el-20  el_after_av_textblock  el_before_av_button  avia-table-1'  itemscope=\"itemscope\" itemtype=\"https:\/\/schema.org\/Table\" ><div class=\"pricing-table-wrap\"><ul class='pricing-table '><li class=''><div class='first-table-item'>30 m\u00e9tiers<\/div><span class='pricing-extra'><\/span><\/li><li class=''>50 m\u00e9tiers<\/li><li class=''>100 m\u00e9tiers<\/li><\/ul><\/div><div class=\"pricing-table-wrap\"><ul class='pricing-table avia-center-col'><li class=''><div class='first-table-item'>3 600 \u20ac HT<\/div><span class='pricing-extra'><\/span><\/li><li class=''>5 600 \u20ac HT<\/li><li class=''>10 600 \u20ac HT<\/li><\/ul><\/div><\/div><br \/>\n<div  class='avia-button-wrap av-c7lew-e79acf33bc430ec665066812bacb4127-wrap avia-button-left  avia-builder-el-21  el_after_av_table  avia-builder-el-last '>\n<style type=\"text\/css\" data-created_by=\"avia_inline_auto\" id=\"style-css-av-c7lew-e79acf33bc430ec665066812bacb4127\">\n#top #wrap_all .avia-button.av-c7lew-e79acf33bc430ec665066812bacb4127{\nbackground-color:#66bc93;\nborder-color:#66bc93;\ntransition:all 0.4s ease-in-out;\n}\n#top #wrap_all .avia-button.av-c7lew-e79acf33bc430ec665066812bacb4127:hover{\ncolor:white;\ntransition:all 0.4s ease-in-out;\n}\n#top #wrap_all .avia-button.av-c7lew-e79acf33bc430ec665066812bacb4127:hover .avia-svg-icon svg:first-child{\nfill:white;\nstroke:white;\n}\n<\/style>\n<a href='#contact'  class='avia-button av-c7lew-e79acf33bc430ec665066812bacb4127 av-link-btn avia-icon_select-no avia-size-x-large avia-position-left avia-font-color-theme-color'   aria-label=\"Demander un devis\"><span class='avia_iconbox_title' >Demander un devis<\/span><span class='avia_button_background avia-button avia-color-theme-color-highlight' ><\/span><\/a><\/div><\/p><\/div>\n\n<\/div><\/div><\/div><!-- close content main div --><\/div><\/div><div id='contact'  class='avia-section av-meikd0g1-1d534e3afd5bd985891c90e919c279d3 main_color avia-section-default avia-no-border-styling  avia-builder-el-22  el_after_av_section  avia-builder-el-last  degrade avia-bg-style-scroll container_wrap fullsize'  ><div class='container av-section-cont-open' ><div class='template-page content  av-content-full alpha units'><div class='post-entry post-entry-type-page post-entry-327'><div class='entry-content-wrapper clearfix'>\n<form action=\"https:\/\/my-better-job.eu\/?page_id=327\" method=\"post\" data-fields-with-error=\"Erreurs trouv\u00e9es dans les champs suivants :\" class=\"avia_ajax_form av-form-labels-hidden   avia-builder-el-23  avia-builder-el-no-sibling  av-custom-form-color av-light-form \" data-avia-form-id=\"1\" data-avia-redirect='' ><h3 class=''>Demande de devis <\/h3><fieldset><h3 id='element_avia_1_1' class=' first_form  form_element form_fullwidth av-form-headline '><\/h3><p class='  first_form  form_element form_element_half' id='element_avia_2_1'><label for=\"avia_2_1\">Votre nom <abbr class=\"required\" title=\"requis(e)\">*<\/abbr><\/label> <input name=\"avia_2_1\" class=\"text_input is_empty\" type=\"text\" id=\"avia_2_1\" value=\"\"  placeholder='Votre nom*'\/><\/p><p class='  form_element form_element_half' id='element_avia_3_1'><label for=\"avia_3_1\">Nom de votre \u00e9tablissement   <abbr class=\"required\" title=\"requis(e)\">*<\/abbr><\/label> <input name=\"avia_3_1\" class=\"text_input is_empty\" type=\"text\" id=\"avia_3_1\" value=\"\"  placeholder='Nom de votre \u00e9tablissement  *'\/><\/p><p class='  first_form  form_element form_element_half' id='element_avia_4_1'><label for=\"avia_4_1\">E-Mail <abbr class=\"required\" title=\"requis(e)\">*<\/abbr><\/label> <input name=\"avia_4_1\" class=\"text_input is_email\" type=\"text\" id=\"avia_4_1\" value=\"\"  placeholder='E-Mail*'\/><\/p><p class='  form_element form_element_half' id='element_avia_5_1'><label for=\"avia_5_1\">T\u00e9l\u00e9phone <abbr class=\"required\" title=\"requis(e)\">*<\/abbr><\/label> <input name=\"avia_5_1\" class=\"text_input is_empty\" type=\"text\" id=\"avia_5_1\" value=\"\"  placeholder='T\u00e9l\u00e9phone*'\/><\/p><p class='  first_form  form_element form_fullwidth av-last-visible-form-element' id='element_avia_6_1'><label for=\"avia_6_1\" class=\"textare_label hidden textare_label_avia_6_1\">D\u00e9crivez-nous vos besoins ... <abbr class=\"required\" title=\"requis(e)\">*<\/abbr><\/label><textarea  placeholder='D\u00e9crivez-nous vos besoins ...*' name=\"avia_6_1\" class=\"text_area is_empty\" cols=\"40\" rows=\"7\" id=\"avia_6_1\" ><\/textarea><\/p><p class=\"hidden\"><input type=\"text\" name=\"avia_7_1\" class=\"hidden \" id=\"avia_7_1\" value=\"\" \/><\/p><p class=\"form_element \"><input type=\"hidden\" value=\"1\" name=\"avia_generated_form1\" \/><input type=\"submit\" value=\"Envoyer\" class=\"button\"  data-sending-label=\"Envoi\"\/><\/p><\/fieldset><\/form><div id=\"ajaxresponse_1\" class=\"ajaxresponse ajaxresponse_1 hidden\"><\/div>\n\n","protected":false},"excerpt":{"rendered":"","protected":false},"author":1,"featured_media":0,"parent":0,"menu_order":0,"comment_status":"closed","ping_status":"closed","template":"","meta":{"inline_featured_image":false,"footnotes":""},"class_list":["post-327","page","type-page","status-publish","hentry"],"_links":{"self":[{"href":"https:\/\/my-better-job.eu\/index.php?rest_route=\/wp\/v2\/pages\/327","targetHints":{"allow":["GET"]}}],"collection":[{"href":"https:\/\/my-better-job.eu\/index.php?rest_route=\/wp\/v2\/pages"}],"about":[{"href":"https:\/\/my-better-job.eu\/index.php?rest_route=\/wp\/v2\/types\/page"}],"author":[{"embeddable":true,"href":"https:\/\/my-better-job.eu\/index.php?rest_route=\/wp\/v2\/users\/1"}],"replies":[{"embeddable":true,"href":"https:\/\/my-better-job.eu\/index.php?rest_route=%2Fwp%2Fv2%2Fcomments&post=327"}],"version-history":[{"count":2,"href":"https:\/\/my-better-job.eu\/index.php?rest_route=\/wp\/v2\/pages\/327\/revisions"}],"predecessor-version":[{"id":392,"href":"https:\/\/my-better-job.eu\/index.php?rest_route=\/wp\/v2\/pages\/327\/revisions\/392"}],"wp:attachment":[{"href":"https:\/\/my-better-job.eu\/index.php?rest_route=%2Fwp%2Fv2%2Fmedia&parent=327"}],"curies":[{"name":"wp","href":"https:\/\/api.w.org\/{rel}","templated":true}]}}