{"id":310,"date":"2025-08-19T13:42:35","date_gmt":"2025-08-19T13:42:35","guid":{"rendered":"https:\/\/my-better-job.eu\/?page_id=310"},"modified":"2025-09-12T14:34:19","modified_gmt":"2025-09-12T14:34:19","slug":"mobilite-interne","status":"publish","type":"page","link":"https:\/\/my-better-job.eu\/?page_id=310","title":{"rendered":"RECLASSEMENT OUTPLACEMENT"},"content":{"rendered":"<div id='av_section_1'  class='avia-section av-1tceyu-192bc7c758b39c32b7fdbbfaebb5e888 main_color avia-section-default avia-no-border-styling  avia-builder-el-0  el_before_av_section  avia-builder-el-first  avia-bg-style-scroll container_wrap fullsize'  ><div class='container av-section-cont-open' ><main  role=\"main\" itemprop=\"mainContentOfPage\"  class='template-page content  av-content-full alpha units'><div class='post-entry post-entry-type-page post-entry-310'><div class='entry-content-wrapper clearfix'>\n<div class='flex_column_table av-1kulpi-52aae77cc404b29e7cbc6a42c3b9e826 sc-av_one_half av-equal-height-column-flextable'><div  class='flex_column av-1kulpi-52aae77cc404b29e7cbc6a42c3b9e826 av_one_half  avia-builder-el-1  el_before_av_one_half  avia-builder-el-first  first flex_column_table_cell av-equal-height-column av-align-middle  '     ><style type=\"text\/css\" data-created_by=\"avia_inline_auto\" id=\"style-css-av-mevdax6s-2f454096fe8ac87d60287bca3cc5dc4a\">\n.avia-image-container.av-mevdax6s-2f454096fe8ac87d60287bca3cc5dc4a img.avia_image{\nbox-shadow:none;\n}\n.avia-image-container.av-mevdax6s-2f454096fe8ac87d60287bca3cc5dc4a .av-image-caption-overlay-center{\ncolor:#ffffff;\n}\n<\/style>\n<div  class='avia-image-container av-mevdax6s-2f454096fe8ac87d60287bca3cc5dc4a av-styling- avia-align-center  avia-builder-el-2  avia-builder-el-no-sibling '   itemprop=\"image\" itemscope=\"itemscope\" itemtype=\"https:\/\/schema.org\/ImageObject\" ><div class=\"avia-image-container-inner\"><div class=\"avia-image-overlay-wrap\"><img decoding=\"async\" fetchpriority=\"high\" class='wp-image-518 avia-img-lazy-loading-not-518 avia_image ' src=\"https:\/\/my-better-job.eu\/wp-content\/uploads\/2025\/08\/reclassement-60.svg\" alt='' title='reclassement-60'  height=\"150\" width=\"150\"  itemprop=\"thumbnailUrl\"  \/><\/div><\/div><\/div><\/div><div class='av-flex-placeholder'><\/div><div  class='flex_column av-1efm4e-30140f5806538eef6d1e23f89f28646c av_one_half  avia-builder-el-3  el_after_av_one_half  avia-builder-el-last  flex_column_table_cell av-equal-height-column av-align-middle  '     ><style type=\"text\/css\" data-created_by=\"avia_inline_auto\" id=\"style-css-av-mevd5w2h-01bc36a3873834a1b603ecab0772dbf6\">\n#top .av_textblock_section.av-mevd5w2h-01bc36a3873834a1b603ecab0772dbf6 .avia_textblock{\nfont-size:20px;\ncolor:#66bc93;\n}\n<\/style>\n<section  class='av_textblock_section av-mevd5w2h-01bc36a3873834a1b603ecab0772dbf6 '   itemscope=\"itemscope\" itemtype=\"https:\/\/schema.org\/CreativeWork\" ><div class='avia_textblock av_inherit_color'  itemprop=\"text\" ><h4 style=\"text-align: left;\"><strong>Reclassement \/ Outplacement<\/strong><\/h4>\n<\/div><\/section><br \/>\n\n<style type=\"text\/css\" data-created_by=\"avia_inline_auto\" id=\"style-css-av-mevd32ts-a29e062e284c11f2474d2626cb2a5fa6\">\n#top .av_textblock_section.av-mevd32ts-a29e062e284c11f2474d2626cb2a5fa6 .avia_textblock{\ncolor:#26274e;\n}\n<\/style>\n<section  class='av_textblock_section av-mevd32ts-a29e062e284c11f2474d2626cb2a5fa6 '   itemscope=\"itemscope\" itemtype=\"https:\/\/schema.org\/CreativeWork\" ><div class='avia_textblock av_inherit_color'  itemprop=\"text\" ><p><strong>Accompagner les collaborateurs dans leur d\u00e9part de l&rsquo;entreprise.<\/strong><\/p>\n<\/div><\/section><br \/>\n\n<style type=\"text\/css\" data-created_by=\"avia_inline_auto\" id=\"style-css-av-17jfpi-ae775883fdf383ff9cc72109b9cf3fd4\">\n#top .av_textblock_section.av-17jfpi-ae775883fdf383ff9cc72109b9cf3fd4 .avia_textblock{\nfont-size:20px;\ncolor:#26274e;\n}\n<\/style>\n<section  class='av_textblock_section av-17jfpi-ae775883fdf383ff9cc72109b9cf3fd4 '   itemscope=\"itemscope\" itemtype=\"https:\/\/schema.org\/CreativeWork\" ><div class='avia_textblock av_inherit_color'  itemprop=\"text\" ><hr style=\"width: 50%; border: 3px solid #66bc93; border-radius: 3px;\" \/>\n<\/div><\/section><br \/>\n\n<style type=\"text\/css\" data-created_by=\"avia_inline_auto\" id=\"style-css-av-mevd7kyj-120c1f9b54e1124f738f467f904319ee\">\n#top .togglecontainer.av-mevd7kyj-120c1f9b54e1124f738f467f904319ee p.toggler{\nfont-size:15px;\ncolor:#26274e;\nborder-color:#66bc93;\n}\n#top .togglecontainer.av-mevd7kyj-120c1f9b54e1124f738f467f904319ee p.toggler .toggle_icon{\ncolor:#66bc93;\nborder-color:#66bc93;\n}\n#top .togglecontainer.av-mevd7kyj-120c1f9b54e1124f738f467f904319ee p.toggler .toggle_icon > span{\ncolor:#66bc93;\nborder-color:#66bc93;\n}\n#top .togglecontainer.av-mevd7kyj-120c1f9b54e1124f738f467f904319ee .toggle_wrap .toggle_content{\ncolor:#26274e;\nborder-color:#66bc93;\n}\n<\/style>\n<div  class='togglecontainer av-mevd7kyj-120c1f9b54e1124f738f467f904319ee av-minimal-toggle  avia-builder-el-7  el_after_av_textblock  el_before_av_buttonrow  toggle_close_all' >\n<section class='av_toggle_section av-mevd6wfc-7b22959f4d5ebed8a3abe4f26a951894'  itemscope=\"itemscope\" itemtype=\"https:\/\/schema.org\/CreativeWork\" ><div role=\"tablist\" class=\"single_toggle\" data-tags=\"{Tout} \"  ><p id='toggle-toggle-id-1' data-fake-id='#toggle-id-1' class='toggler  av-title-above av-inherit-border-color'  itemprop=\"headline\"  role='tab' tabindex='0' aria-controls='toggle-id-1' data-slide-speed=\"200\" data-title=\"Donn\u00e9es d\u2019entr\u00e9e requises \" data-title-open=\"\" data-aria_collapsed=\"Cliquez pour \u00e9tendre : Donn\u00e9es d\u2019entr\u00e9e requises \" data-aria_expanded=\"Cliquez pour r\u00e9duire : Donn\u00e9es d\u2019entr\u00e9e requises \">Donn\u00e9es d\u2019entr\u00e9e requises <span class=\"toggle_icon\"><span class=\"vert_icon\"><\/span><span class=\"hor_icon\"><\/span><\/span><\/p><div id='toggle-id-1' aria-labelledby='toggle-toggle-id-1' role='region' class='toggle_wrap  av-title-above'  ><div class='toggle_content invers-color av-inherit-border-color'  itemprop=\"text\" ><ul>\n<li aria-setsize=\"-1\" data-leveltext=\"\uf0b7\" data-font=\"Symbol\" data-listid=\"2\" data-list-defn-props=\"{\" data-aria-posinset=\"1\" data-aria-level=\"1\"><span data-contrast=\"auto\">Fiche de poste ou CV \u00e0 reclasser\u00a0<\/span><\/li>\n<li aria-setsize=\"-1\" data-leveltext=\"\uf0b7\" data-font=\"Symbol\" data-listid=\"2\" data-list-defn-props=\"{\" data-aria-posinset=\"1\" data-aria-level=\"1\"><span data-contrast=\"auto\">+ Souhait d\u2019\u00e9volution le cas \u00e9ch\u00e9ant<\/span><\/li>\n<\/ul>\n<\/div><\/div><\/div><\/section>\n<section class='av_toggle_section av-mevd77rh-dbc820693c07127872c8d21112db3c95'  itemscope=\"itemscope\" itemtype=\"https:\/\/schema.org\/CreativeWork\" ><div role=\"tablist\" class=\"single_toggle\" data-tags=\"{Tout} \"  ><p id='toggle-toggle-id-2' data-fake-id='#toggle-id-2' class='toggler  av-title-above av-inherit-border-color'  itemprop=\"headline\"  role='tab' tabindex='0' aria-controls='toggle-id-2' data-slide-speed=\"200\" data-title=\"Livrable \" data-title-open=\"\" data-aria_collapsed=\"Cliquez pour \u00e9tendre : Livrable \" data-aria_expanded=\"Cliquez pour r\u00e9duire : Livrable \">Livrable <span class=\"toggle_icon\"><span class=\"vert_icon\"><\/span><span class=\"hor_icon\"><\/span><\/span><\/p><div id='toggle-id-2' aria-labelledby='toggle-toggle-id-2' role='region' class='toggle_wrap  av-title-above'  ><div class='toggle_content invers-color av-inherit-border-color'  itemprop=\"text\" ><ul>\n<li aria-setsize=\"-1\" data-leveltext=\"\uf0b7\" data-font=\"Symbol\" data-listid=\"9\" data-list-defn-props=\"{\" data-aria-posinset=\"1\" data-aria-level=\"1\"><span data-contrast=\"auto\">R\u00e9union de lancement.<\/span><span data-ccp-props=\"{\">\u00a0<\/span><\/li>\n<li aria-setsize=\"-1\" data-leveltext=\"\uf0b7\" data-font=\"Symbol\" data-listid=\"9\" data-list-defn-props=\"{\" data-aria-posinset=\"1\" data-aria-level=\"1\"><span data-contrast=\"auto\">Identification des mobilit\u00e9s externes (10 m\u00e9tiers maximum).<\/span><span data-ccp-props=\"{\">\u00a0<\/span><\/li>\n<li aria-setsize=\"-1\" data-leveltext=\"\uf0b7\" data-font=\"Symbol\" data-listid=\"9\" data-list-defn-props=\"{\" data-aria-posinset=\"1\" data-aria-level=\"1\"><span data-contrast=\"auto\">\u00c9cart de comp\u00e9tences avec les m\u00e9tiers vis\u00e9s.<\/span><span data-ccp-props=\"{\">\u00a0<\/span><\/li>\n<li aria-setsize=\"-1\" data-leveltext=\"\uf0b7\" data-font=\"Symbol\" data-listid=\"9\" data-list-defn-props=\"{\" data-aria-posinset=\"1\" data-aria-level=\"1\"><span data-contrast=\"auto\">Solutions de formation permettant de combler ces \u00e9carts<\/span><span data-ccp-props=\"{\">\u00a0<\/span><\/li>\n<li aria-setsize=\"-1\" data-leveltext=\"\uf0b7\" data-font=\"Symbol\" data-listid=\"9\" data-list-defn-props=\"{\" data-aria-posinset=\"1\" data-aria-level=\"1\"><span data-contrast=\"auto\">Liste de 100 entreprises \u201crecruteuses vers ces m\u00e9tiers dans la Zone d\u2019emploi\u201d.<\/span><span data-ccp-props=\"{\">\u00a0<\/span><\/li>\n<li aria-setsize=\"-1\" data-leveltext=\"\uf0b7\" data-font=\"Symbol\" data-listid=\"9\" data-list-defn-props=\"{\" data-aria-posinset=\"1\" data-aria-level=\"1\"><span data-contrast=\"auto\">R\u00e9union de restitution<\/span><\/li>\n<\/ul>\n<\/div><\/div><\/div><\/section>\n<section class='av_toggle_section av-mevd7jgo-4830b93dfde0cfcd3be27537f219e8fb'  itemscope=\"itemscope\" itemtype=\"https:\/\/schema.org\/CreativeWork\" ><div role=\"tablist\" class=\"single_toggle\" data-tags=\"{Tout} \"  ><p id='toggle-toggle-id-3' data-fake-id='#toggle-id-3' class='toggler  av-title-above av-inherit-border-color'  itemprop=\"headline\"  role='tab' tabindex='0' aria-controls='toggle-id-3' data-slide-speed=\"200\" data-title=\"Tarif\" data-title-open=\"\" data-aria_collapsed=\"Cliquez pour \u00e9tendre : Tarif\" data-aria_expanded=\"Cliquez pour r\u00e9duire : Tarif\">Tarif<span class=\"toggle_icon\"><span class=\"vert_icon\"><\/span><span class=\"hor_icon\"><\/span><\/span><\/p><div id='toggle-id-3' aria-labelledby='toggle-toggle-id-3' role='region' class='toggle_wrap  av-title-above'  ><div class='toggle_content invers-color av-inherit-border-color'  itemprop=\"text\" ><p><strong>1500 \u20ac HT \/ <\/strong>unit\u00e9<\/p>\n<\/div><\/div><\/div><\/section>\n<\/div><br \/>\n<div  class='avia-buttonrow-wrap av-mevdqaww-a5c1014b57cc2552d94a0160a26b2ef2 avia-buttonrow-left  avia-builder-el-8  el_after_av_toggle_container  avia-builder-el-last '>\n\n<style type=\"text\/css\" data-created_by=\"avia_inline_auto\" id=\"style-css-av-mevdqa57-1c971c34fbdb82419801adbc739ea918\">\n#top #wrap_all .avia-button.av-mevdqa57-1c971c34fbdb82419801adbc739ea918{\nbackground-color:#66bc93;\nborder-color:#66bc93;\ntransition:all 0.4s ease-in-out;\nmargin-bottom:5px;\nmargin-right:5px;\n}\n#top #wrap_all .avia-button.av-mevdqa57-1c971c34fbdb82419801adbc739ea918:hover{\nbackground-color:#26274e;\ncolor:white;\ntransition:all 0.4s ease-in-out;\n}\n#top #wrap_all .avia-button.av-mevdqa57-1c971c34fbdb82419801adbc739ea918:hover .avia-svg-icon svg:first-child{\nfill:white;\nstroke:white;\n}\n<\/style>\n<a href='https:\/\/buy.stripe.com\/cNi28s3dygyggAB2614AU02'  class='avia-button av-mevdqa57-1c971c34fbdb82419801adbc739ea918 avia-icon_select-no avia-size-x-large avia-font-color-theme-color'   aria-label=\"Commander\"><span class='avia_iconbox_title' >Commander<\/span><\/a>\n\n<style type=\"text\/css\" data-created_by=\"avia_inline_auto\" id=\"style-css-av-3rm6m-75c28ae4af2d857a97e5a74c88c71b23\">\n#top #wrap_all .avia-button.av-3rm6m-75c28ae4af2d857a97e5a74c88c71b23{\nmargin-bottom:5px;\nmargin-right:5px;\n}\n<\/style>\n<a href='#contact'  class='avia-button av-3rm6m-75c28ae4af2d857a97e5a74c88c71b23 avia-icon_select-no avia-size-x-large avia-color-theme-color'   aria-label=\"Demander un devis\"><span class='avia_iconbox_title' >Demander un devis<\/span><\/a>\n<\/div><\/p><\/div><\/div><!--close column table wrapper. Autoclose: 1 -->\n\n<\/div><\/div><\/main><!-- close content main element --><\/div><\/div><div id='av_section_2'  class='avia-section av-goefq-b1cb8a3fe6db7e3192679cb6a0316c58 main_color avia-section-default avia-no-border-styling  avia-builder-el-9  el_after_av_section  el_before_av_section  avia-bg-style-scroll container_wrap fullsize'  ><div class='container av-section-cont-open' ><div class='template-page content  av-content-full alpha units'><div class='post-entry post-entry-type-page post-entry-310'><div class='entry-content-wrapper clearfix'>\n\n<style type=\"text\/css\" data-created_by=\"avia_inline_auto\" id=\"style-css-av-94372-1408952ae69365d7c022bec8aa44eece\">\n.flex_column.av-94372-1408952ae69365d7c022bec8aa44eece{\nborder-width:10px;\nborder-color:#66bc93;\nborder-style:solid;\npadding:50px 50px 50px 50px;\n}\n<\/style>\n<div  class='flex_column av-94372-1408952ae69365d7c022bec8aa44eece av_one_full  avia-builder-el-10  avia-builder-el-no-sibling  first flex_column_div  '     ><style type=\"text\/css\" data-created_by=\"avia_inline_auto\" id=\"style-css-av-mfgu28d6-3b00146839ed98b3d08f8ae02166edff\">\n#top .av_textblock_section.av-mfgu28d6-3b00146839ed98b3d08f8ae02166edff .avia_textblock{\ncolor:#26274e;\n}\n<\/style>\n<section  class='av_textblock_section av-mfgu28d6-3b00146839ed98b3d08f8ae02166edff '   itemscope=\"itemscope\" itemtype=\"https:\/\/schema.org\/CreativeWork\" ><div class='avia_textblock av_inherit_color'  itemprop=\"text\" ><h4 style=\"text-align: center;\"><span style=\"font-weight: 400;\">\u00a0Co\u00fbt de pr\u00e9paration du reclassement <b>\u00f7 6<\/b><\/span><\/h4>\n<\/div><\/section><br \/>\n\n<style type=\"text\/css\" data-created_by=\"avia_inline_auto\" id=\"style-css-av-mfgu2wtd-f2324e89d7babdcd73ceb5873e2ab0ed\">\n#top .av_textblock_section.av-mfgu2wtd-f2324e89d7babdcd73ceb5873e2ab0ed .avia_textblock{\nfont-size:15px;\ncolor:#26274e;\n}\n<\/style>\n<section  class='av_textblock_section av-mfgu2wtd-f2324e89d7babdcd73ceb5873e2ab0ed '   itemscope=\"itemscope\" itemtype=\"https:\/\/schema.org\/CreativeWork\" ><div class='avia_textblock av_inherit_color'  itemprop=\"text\" ><p style=\"text-align: center;\"><em><span style=\"font-weight: 400;\">Et un livrable disponible en <\/span><b>2 jours seulement !<\/b><\/em><\/p>\n<\/div><\/section><\/p><\/div>\n\n<\/div><\/div><\/div><!-- close content main div --><\/div><\/div>\n<style type=\"text\/css\" data-created_by=\"avia_inline_auto\" id=\"style-css-av-zezxi-25813bd6a1e222a0b7053c426bbb44f3\">\n.avia-section.av-zezxi-25813bd6a1e222a0b7053c426bbb44f3{\nbackground-color:#f4f4f4;\nbackground-image:unset;\n}\n<\/style>\n<div id='av_section_3'  class='avia-section av-zezxi-25813bd6a1e222a0b7053c426bbb44f3 main_color avia-section-default avia-no-border-styling  avia-builder-el-13  el_after_av_section  el_before_av_section  avia-bg-style-scroll container_wrap fullsize'  ><div class='container av-section-cont-open' ><div class='template-page content  av-content-full alpha units'><div class='post-entry post-entry-type-page post-entry-310'><div class='entry-content-wrapper clearfix'>\n<div class='flex_column_table av-2v7im-43745060a2f7c24d38a43bf81ead247b sc-av_one_half av-equal-height-column-flextable'><div  class='flex_column av-2v7im-43745060a2f7c24d38a43bf81ead247b av_one_half  avia-builder-el-14  el_before_av_one_half  avia-builder-el-first  first flex_column_table_cell av-equal-height-column av-align-middle  '     ><section  class='av_textblock_section av-mevd7ydf-ea3a3fca77d02edc4fe79df6e1786fe3 '   itemscope=\"itemscope\" itemtype=\"https:\/\/schema.org\/CreativeWork\" ><div class='avia_textblock'  itemprop=\"text\" ><p style=\"text-align: center;\"><strong>LES RECLASSEMENTS<\/strong><\/p>\n<\/div><\/section><br \/>\n\n<style type=\"text\/css\" data-created_by=\"avia_inline_auto\" id=\"style-css-av-22dpi-9a54ce42af30bfca2ad947b2fdac7ca6\">\n#top .av_textblock_section.av-22dpi-9a54ce42af30bfca2ad947b2fdac7ca6 .avia_textblock{\nfont-size:20px;\ncolor:#66bc93;\n}\n<\/style>\n<section  class='av_textblock_section av-22dpi-9a54ce42af30bfca2ad947b2fdac7ca6 '   itemscope=\"itemscope\" itemtype=\"https:\/\/schema.org\/CreativeWork\" ><div class='avia_textblock av_inherit_color'  itemprop=\"text\" ><h4 style=\"text-align: center;\"><strong>&#8211; Sans My-Better-Job &#8211;<\/strong><\/h4>\n<\/div><\/section><br \/>\n\n<style type=\"text\/css\" data-created_by=\"avia_inline_auto\" id=\"style-css-av-esne6-2b31dc384a19c48e76b74acafe4f436c\">\n#top .hr.hr-invisible.av-esne6-2b31dc384a19c48e76b74acafe4f436c{\nheight:20px;\n}\n<\/style>\n<div  class='hr av-esne6-2b31dc384a19c48e76b74acafe4f436c hr-invisible  avia-builder-el-17  el_after_av_textblock  el_before_av_textblock '><span class='hr-inner '><span class=\"hr-inner-style\"><\/span><\/span><\/div><br \/>\n\n<style type=\"text\/css\" data-created_by=\"avia_inline_auto\" id=\"style-css-av-mevd95l1-6886861382b079ac5f8dbc1215f788b3\">\n#top .av_textblock_section.av-mevd95l1-6886861382b079ac5f8dbc1215f788b3 .avia_textblock{\nfont-size:15px;\ncolor:#26274e;\n}\n<\/style>\n<section  class='av_textblock_section av-mevd95l1-6886861382b079ac5f8dbc1215f788b3 '   itemscope=\"itemscope\" itemtype=\"https:\/\/schema.org\/CreativeWork\" ><div class='avia_textblock av_inherit_color'  itemprop=\"text\" ><ul data-editing-info=\"{\"applyListStyleFromLevel\":true}\">\n<li>\n<div class=\"x_elementToProof\" role=\"presentation\" data-olk-copy-source=\"MessageBody\">Acc\u00e8s difficile \u00e0 la connaissance des entreprises et des m\u00e9tiers dynamiques \u00e0 proximit\u00e9<\/div>\n<\/li>\n<\/ul>\n<ul data-editing-info=\"{\"applyListStyleFromLevel\":true}\">\n<li>\n<div class=\"x_elementToProof\" role=\"presentation\">Difficult\u00e9 de mettre en \u00e9vidence, sans recours \u00e0 des partenaires ext\u00e9rieurs, les parcours professionnels possibles vers d&rsquo;autres m\u00e9tiers<\/div>\n<\/li>\n<\/ul>\n<ul data-editing-info=\"{\"applyListStyleFromLevel\":true}\">\n<li>\n<div class=\"x_elementToProof\" role=\"presentation\">Pas de visibilit\u00e9 sur les formations externes (et m\u00eame internes) qui pourraient faciliter l&rsquo;\u00e9volution du salari\u00e9 vers un autre m\u00e9tier et\/ou une autre entreprise<\/div>\n<\/li>\n<\/ul>\n<ul data-editing-info=\"{\"applyListStyleFromLevel\":true}\">\n<li>\n<div class=\"x_elementToProof\" role=\"presentation\">Pas d&rsquo;anticipation des difficult\u00e9s de l&rsquo;entreprise, conduisant \u00e0 un recours syst\u00e9matique au PSE, aux effets tr\u00e8s n\u00e9gatifs sur votre marque-employeur<\/div>\n<\/li>\n<\/ul>\n<ul data-editing-info=\"{\"applyListStyleFromLevel\":true}\">\n<li>\n<div class=\"x_elementToProof\" role=\"presentation\">Pas d&rsquo;acc\u00e8s facile aux coordonn\u00e9es mail des recruteurs locaux<\/div>\n<\/li>\n<\/ul>\n<\/div><\/section><\/p><\/div><div class='av-flex-placeholder'><\/div><div  class='flex_column av-pd1q-a8c146af68faafb24038b09983756efc av_one_half  avia-builder-el-19  el_after_av_one_half  avia-builder-el-last  flex_column_table_cell av-equal-height-column av-align-middle  '     ><style type=\"text\/css\" data-created_by=\"avia_inline_auto\" id=\"style-css-av-mevdajns-770de35b13a6ebf45d62cf430cae386f\">\n#top .av_textblock_section.av-mevdajns-770de35b13a6ebf45d62cf430cae386f .avia_textblock{\nfont-size:15px;\ncolor:#26274e;\n}\n<\/style>\n<section  class='av_textblock_section av-mevdajns-770de35b13a6ebf45d62cf430cae386f '   itemscope=\"itemscope\" itemtype=\"https:\/\/schema.org\/CreativeWork\" ><div class='avia_textblock av_inherit_color'  itemprop=\"text\" ><section class=\"av_textblock_section av-meihm4vv-0a63032eb56124b3d6e0d80d4c2906b9 \">\n<div class=\"avia_textblock av_inherit_color\">\n<p><em><strong><span class=\"TextRun SCXW11432364 BCX0\" lang=\"FR-FR\" xml:lang=\"FR-FR\" data-contrast=\"auto\"><span class=\"NormalTextRun SCXW11432364 BCX0\">R\u00e9organisation, transformation des m\u00e9tiers, al\u00e9a \u00e9conomique, insatisfaction du salari\u00e9 ou vis-\u00e0-vis de sa performance : aider un ou plusieurs collaborateurs \u00e0 quitter l\u2019entreprise<\/span><span class=\"NormalTextRun SCXW11432364 BCX0\">\u00a0pour une \u00e9volution positive \u00e0 l\u2019ext\u00e9rieur est une pratique vertueuse \u00e9mergente, responsable et tr\u00e8s favorable \u00e0 la marque employeur.<\/span><\/span><span class=\"EOP SCXW11432364 BCX0\" data-ccp-props=\"{}\">\u00a0<\/span><\/strong><\/em><\/p>\n<\/div>\n<\/section>\n<div class=\"hr av-izhvo-10bb30392a2c613f5cfc6188083801db hr-invisible  avia-builder-el-28  el_after_av_textblock  avia-builder-el-last \"><\/div>\n<\/div><\/section><\/div><\/div><!--close column table wrapper. Autoclose: 1 -->\n\n<\/div><\/div><\/div><!-- close content main div --><\/div><\/div><div id='contact'  class='avia-section av-meikd0g1-1d534e3afd5bd985891c90e919c279d3 main_color avia-section-default avia-no-border-styling  avia-builder-el-21  el_after_av_section  avia-builder-el-last  degrade avia-bg-style-scroll container_wrap fullsize'  ><div class='container av-section-cont-open' ><div class='template-page content  av-content-full alpha units'><div class='post-entry post-entry-type-page post-entry-310'><div class='entry-content-wrapper clearfix'>\n<form action=\"https:\/\/my-better-job.eu\/?page_id=310\" method=\"post\" data-fields-with-error=\"Erreurs trouv\u00e9es dans les champs suivants :\" class=\"avia_ajax_form av-form-labels-hidden   avia-builder-el-22  avia-builder-el-no-sibling  av-custom-form-color av-light-form \" data-avia-form-id=\"1\" data-avia-redirect='' ><fieldset><h3 id='element_avia_1_1' class=' first_form  form_element form_fullwidth av-form-headline '><\/h3><p class='  first_form  form_element form_element_half' id='element_avia_2_1'><label for=\"avia_2_1\">Votre nom <abbr class=\"required\" title=\"requis(e)\">*<\/abbr><\/label> <input name=\"avia_2_1\" class=\"text_input is_empty\" type=\"text\" id=\"avia_2_1\" value=\"\"  placeholder='Votre nom*'\/><\/p><p class='  form_element form_element_half' id='element_avia_3_1'><label for=\"avia_3_1\">Nom de votre \u00e9tablissement   <abbr class=\"required\" title=\"requis(e)\">*<\/abbr><\/label> <input name=\"avia_3_1\" class=\"text_input is_empty\" type=\"text\" id=\"avia_3_1\" value=\"\"  placeholder='Nom de votre \u00e9tablissement  *'\/><\/p><p class='  first_form  form_element form_element_half' id='element_avia_4_1'><label for=\"avia_4_1\">E-Mail <abbr class=\"required\" title=\"requis(e)\">*<\/abbr><\/label> <input name=\"avia_4_1\" class=\"text_input is_email\" type=\"text\" id=\"avia_4_1\" value=\"\"  placeholder='E-Mail*'\/><\/p><p class='  form_element form_element_half' id='element_avia_5_1'><label for=\"avia_5_1\">T\u00e9l\u00e9phone <abbr class=\"required\" title=\"requis(e)\">*<\/abbr><\/label> <input name=\"avia_5_1\" class=\"text_input is_empty\" type=\"text\" id=\"avia_5_1\" value=\"\"  placeholder='T\u00e9l\u00e9phone*'\/><\/p><p class='  first_form  form_element form_fullwidth av-last-visible-form-element' id='element_avia_6_1'><label for=\"avia_6_1\" class=\"textare_label hidden textare_label_avia_6_1\">D\u00e9crivez-nous vos besoins ... <abbr class=\"required\" title=\"requis(e)\">*<\/abbr><\/label><textarea  placeholder='D\u00e9crivez-nous vos besoins ...*' name=\"avia_6_1\" class=\"text_area is_empty\" cols=\"40\" rows=\"7\" id=\"avia_6_1\" ><\/textarea><\/p><p class=\"hidden\"><input type=\"text\" name=\"avia_7_1\" class=\"hidden \" id=\"avia_7_1\" value=\"\" \/><\/p><p class=\"form_element \"><input type=\"hidden\" value=\"1\" name=\"avia_generated_form1\" \/><input type=\"submit\" value=\"Envoyer\" class=\"button\"  data-sending-label=\"Envoi\"\/><\/p><\/fieldset><\/form><div id=\"ajaxresponse_1\" class=\"ajaxresponse ajaxresponse_1 hidden\"><\/div>\n\n","protected":false},"excerpt":{"rendered":"","protected":false},"author":1,"featured_media":0,"parent":0,"menu_order":0,"comment_status":"closed","ping_status":"closed","template":"","meta":{"inline_featured_image":false,"footnotes":""},"class_list":["post-310","page","type-page","status-publish","hentry"],"_links":{"self":[{"href":"https:\/\/my-better-job.eu\/index.php?rest_route=\/wp\/v2\/pages\/310","targetHints":{"allow":["GET"]}}],"collection":[{"href":"https:\/\/my-better-job.eu\/index.php?rest_route=\/wp\/v2\/pages"}],"about":[{"href":"https:\/\/my-better-job.eu\/index.php?rest_route=\/wp\/v2\/types\/page"}],"author":[{"embeddable":true,"href":"https:\/\/my-better-job.eu\/index.php?rest_route=\/wp\/v2\/users\/1"}],"replies":[{"embeddable":true,"href":"https:\/\/my-better-job.eu\/index.php?rest_route=%2Fwp%2Fv2%2Fcomments&post=310"}],"version-history":[{"count":23,"href":"https:\/\/my-better-job.eu\/index.php?rest_route=\/wp\/v2\/pages\/310\/revisions"}],"predecessor-version":[{"id":1028,"href":"https:\/\/my-better-job.eu\/index.php?rest_route=\/wp\/v2\/pages\/310\/revisions\/1028"}],"wp:attachment":[{"href":"https:\/\/my-better-job.eu\/index.php?rest_route=%2Fwp%2Fv2%2Fmedia&parent=310"}],"curies":[{"name":"wp","href":"https:\/\/api.w.org\/{rel}","templated":true}]}}