{"id":220,"date":"2025-08-19T11:51:40","date_gmt":"2025-08-19T11:51:40","guid":{"rendered":"https:\/\/my-better-job.eu\/?page_id=220"},"modified":"2025-09-12T12:46:17","modified_gmt":"2025-09-12T12:46:17","slug":"fiches-de-poste","status":"publish","type":"page","link":"https:\/\/my-better-job.eu\/?page_id=220","title":{"rendered":"FICHE DE POSTE"},"content":{"rendered":"<div id='av_section_1'  class='avia-section av-gsu38-7e6907c6ea3c7ab959f686be2dd8bc88 main_color avia-section-default avia-no-border-styling  avia-builder-el-0  el_before_av_section  avia-builder-el-first  avia-bg-style-scroll container_wrap fullsize'  ><div class='container av-section-cont-open' ><main  role=\"main\" itemprop=\"mainContentOfPage\"  class='template-page content  av-content-full alpha units'><div class='post-entry post-entry-type-page post-entry-220'><div class='entry-content-wrapper clearfix'>\n<div class='flex_column_table av-a0n70-1f25d6e99e5b0d54fc358ecc13ce8453 sc-av_one_half av-equal-height-column-flextable'><div  class='flex_column av-a0n70-1f25d6e99e5b0d54fc358ecc13ce8453 av_one_half  avia-builder-el-1  el_before_av_one_half  avia-builder-el-first  first flex_column_table_cell av-equal-height-column av-align-middle  '     ><style type=\"text\/css\" data-created_by=\"avia_inline_auto\" id=\"style-css-av-meijbzzi-28a290019b75e3e6f902245909bb1e2a\">\n.avia-image-container.av-meijbzzi-28a290019b75e3e6f902245909bb1e2a img.avia_image{\nbox-shadow:none;\n}\n.avia-image-container.av-meijbzzi-28a290019b75e3e6f902245909bb1e2a .av-image-caption-overlay-center{\ncolor:#ffffff;\n}\n<\/style>\n<div  class='avia-image-container av-meijbzzi-28a290019b75e3e6f902245909bb1e2a av-styling- avia-align-center  avia-builder-el-2  avia-builder-el-no-sibling '   itemprop=\"image\" itemscope=\"itemscope\" itemtype=\"https:\/\/schema.org\/ImageObject\" ><div class=\"avia-image-container-inner\"><div class=\"avia-image-overlay-wrap\"><img decoding=\"async\" fetchpriority=\"high\" class='wp-image-533 avia-img-lazy-loading-not-533 avia_image ' src=\"https:\/\/my-better-job.eu\/wp-content\/uploads\/2025\/08\/fiche-de-poste-60.svg\" alt='' title='fiche de poste 60'  height=\"150\" width=\"150\"  itemprop=\"thumbnailUrl\"  \/><\/div><\/div><\/div><\/div><div class='av-flex-placeholder'><\/div><div  class='flex_column av-meijrhah-65a18df32ddcd22e148d3d618199f9bb av_one_half  avia-builder-el-3  el_after_av_one_half  avia-builder-el-last  flex_column_table_cell av-equal-height-column av-align-middle  '     ><style type=\"text\/css\" data-created_by=\"avia_inline_auto\" id=\"style-css-av-meijchah-d19fece421634d026fbc683d5c24b840\">\n#top .av_textblock_section.av-meijchah-d19fece421634d026fbc683d5c24b840 .avia_textblock{\nfont-size:20px;\ncolor:#66bc93;\n}\n<\/style>\n<section  class='av_textblock_section av-meijchah-d19fece421634d026fbc683d5c24b840 '   itemscope=\"itemscope\" itemtype=\"https:\/\/schema.org\/CreativeWork\" ><div class='avia_textblock av_inherit_color'  itemprop=\"text\" ><h4><strong>Fiche de poste\u00a0<\/strong><\/h4>\n<\/div><\/section><br \/>\n\n<style type=\"text\/css\" data-created_by=\"avia_inline_auto\" id=\"style-css-av-mevc7obl-2876260d3bd4f181fbe506e8bbbe6b56\">\n#top .av_textblock_section.av-mevc7obl-2876260d3bd4f181fbe506e8bbbe6b56 .avia_textblock{\ncolor:#26274e;\n}\n<\/style>\n<section  class='av_textblock_section av-mevc7obl-2876260d3bd4f181fbe506e8bbbe6b56 '   itemscope=\"itemscope\" itemtype=\"https:\/\/schema.org\/CreativeWork\" ><div class='avia_textblock av_inherit_color'  itemprop=\"text\" ><p><strong>D\u00e9finir pr\u00e9cis\u00e9ment les m\u00e9tiers de l\u2019entreprise.<\/strong><\/p>\n<\/div><\/section><br \/>\n\n<style type=\"text\/css\" data-created_by=\"avia_inline_auto\" id=\"style-css-av-mevbx8r0-52274faf72432ba9ae20b83b594b976c\">\n#top .av_textblock_section.av-mevbx8r0-52274faf72432ba9ae20b83b594b976c .avia_textblock{\nfont-size:20px;\ncolor:#26274e;\n}\n<\/style>\n<section  class='av_textblock_section av-mevbx8r0-52274faf72432ba9ae20b83b594b976c '   itemscope=\"itemscope\" itemtype=\"https:\/\/schema.org\/CreativeWork\" ><div class='avia_textblock av_inherit_color'  itemprop=\"text\" ><hr style=\"width: 50%; border: 3px solid #66bc93; border-radius: 3px;\" \/>\n<\/div><\/section><br \/>\n\n<style type=\"text\/css\" data-created_by=\"avia_inline_auto\" id=\"style-css-av-mevc3ke8-16222422a7bcccf0fa9b41d70695e192\">\n#top .togglecontainer.av-mevc3ke8-16222422a7bcccf0fa9b41d70695e192 p.toggler{\nfont-size:15px;\ncolor:#26274e;\nborder-color:#66bc93;\n}\n#top .togglecontainer.av-mevc3ke8-16222422a7bcccf0fa9b41d70695e192 p.toggler .toggle_icon{\ncolor:#66bc93;\nborder-color:#66bc93;\n}\n#top .togglecontainer.av-mevc3ke8-16222422a7bcccf0fa9b41d70695e192 p.toggler .toggle_icon > span{\ncolor:#66bc93;\nborder-color:#66bc93;\n}\n#top .togglecontainer.av-mevc3ke8-16222422a7bcccf0fa9b41d70695e192 .toggle_wrap .toggle_content{\ncolor:#26274e;\nborder-color:#66bc93;\n}\n<\/style>\n<div  class='togglecontainer av-mevc3ke8-16222422a7bcccf0fa9b41d70695e192 av-minimal-toggle  avia-builder-el-7  el_after_av_textblock  el_before_av_buttonrow  toggle_close_all' >\n<section class='av_toggle_section av-mevc0s9i-10f037f11b3f86f852580bcbe633f316'  itemscope=\"itemscope\" itemtype=\"https:\/\/schema.org\/CreativeWork\" ><div role=\"tablist\" class=\"single_toggle\" data-tags=\"{Tout} \"  ><p id='toggle-toggle-id-1' data-fake-id='#toggle-id-1' class='toggler  av-title-above av-inherit-border-color'  itemprop=\"headline\"  role='tab' tabindex='0' aria-controls='toggle-id-1' data-slide-speed=\"200\" data-title=\"Donn\u00e9es d\u2019entr\u00e9e requises \" data-title-open=\"\" data-aria_collapsed=\"Cliquez pour \u00e9tendre : Donn\u00e9es d\u2019entr\u00e9e requises \" data-aria_expanded=\"Cliquez pour r\u00e9duire : Donn\u00e9es d\u2019entr\u00e9e requises \">Donn\u00e9es d\u2019entr\u00e9e requises <span class=\"toggle_icon\"><span class=\"vert_icon\"><\/span><span class=\"hor_icon\"><\/span><\/span><\/p><div id='toggle-id-1' aria-labelledby='toggle-toggle-id-1' role='region' class='toggle_wrap  av-title-above'  ><div class='toggle_content invers-color av-inherit-border-color'  itemprop=\"text\" ><ul>\n<li aria-setsize=\"-1\" data-leveltext=\"\uf0b7\" data-font=\"Symbol\" data-listid=\"2\" data-list-defn-props=\"{\" data-aria-posinset=\"1\" data-aria-level=\"1\"><span data-contrast=\"auto\">Fiches de poste existantes.<\/span><span data-ccp-props=\"{\">\u00a0<\/span><\/li>\n<li aria-setsize=\"-1\" data-leveltext=\"\uf0b7\" data-font=\"Symbol\" data-listid=\"2\" data-list-defn-props=\"{\" data-aria-posinset=\"1\" data-aria-level=\"1\"><span data-contrast=\"auto\">Liste des postes ou offres d\u2019emploi de l\u2019entreprise.<\/span><span data-ccp-props=\"{\">\u00a0<\/span><\/li>\n<\/ul>\n<\/div><\/div><\/div><\/section>\n<section class='av_toggle_section av-mevc1ct1-0fce5f974aab71ac8e036a8eb602712b'  itemscope=\"itemscope\" itemtype=\"https:\/\/schema.org\/CreativeWork\" ><div role=\"tablist\" class=\"single_toggle\" data-tags=\"{Tout} \"  ><p id='toggle-toggle-id-2' data-fake-id='#toggle-id-2' class='toggler  av-title-above av-inherit-border-color'  itemprop=\"headline\"  role='tab' tabindex='0' aria-controls='toggle-id-2' data-slide-speed=\"200\" data-title=\"Livrable \" data-title-open=\"\" data-aria_collapsed=\"Cliquez pour \u00e9tendre : Livrable \" data-aria_expanded=\"Cliquez pour r\u00e9duire : Livrable \">Livrable <span class=\"toggle_icon\"><span class=\"vert_icon\"><\/span><span class=\"hor_icon\"><\/span><\/span><\/p><div id='toggle-id-2' aria-labelledby='toggle-toggle-id-2' role='region' class='toggle_wrap  av-title-above'  ><div class='toggle_content invers-color av-inherit-border-color'  itemprop=\"text\" ><ul>\n<li aria-setsize=\"-1\" data-leveltext=\"\uf0b7\" data-font=\"Symbol\" data-listid=\"3\" data-list-defn-props=\"{\" data-aria-posinset=\"1\" data-aria-level=\"1\"><span data-contrast=\"auto\">Fiches de poste d\u00e9taill\u00e9es selon une\u00a0<\/span>nomenclature de comp\u00e9tences commune.<span data-ccp-props=\"{\">\u00a0<\/span><\/li>\n<li aria-setsize=\"-1\" data-leveltext=\"\uf0b7\" data-font=\"Symbol\" data-listid=\"3\" data-list-defn-props=\"{\" data-aria-posinset=\"1\" data-aria-level=\"1\"><span data-contrast=\"auto\">Proposition de fiches enrichies si n\u00e9cessaire.<\/span><span data-ccp-props=\"{\">\u00a0<\/span><\/li>\n<li aria-setsize=\"-1\" data-leveltext=\"\uf0b7\" data-font=\"Symbol\" data-listid=\"3\" data-list-defn-props=\"{\" data-aria-posinset=\"1\" data-aria-level=\"1\"><span data-contrast=\"auto\">Nomenclature des comp\u00e9tences de l\u2019entreprise<\/span><\/li>\n<\/ul>\n<\/div><\/div><\/div><\/section>\n<section class='av_toggle_section av-mevc95yq-93ecd8bf530dfc2b3c3334def36034d2'  itemscope=\"itemscope\" itemtype=\"https:\/\/schema.org\/CreativeWork\" ><div role=\"tablist\" class=\"single_toggle\" data-tags=\"{Tout} \"  ><p id='toggle-toggle-id-3' data-fake-id='#toggle-id-3' class='toggler  av-title-above av-inherit-border-color'  itemprop=\"headline\"  role='tab' tabindex='0' aria-controls='toggle-id-3' data-slide-speed=\"200\" data-title=\"Tarif\" data-title-open=\"\" data-aria_collapsed=\"Cliquez pour \u00e9tendre : Tarif\" data-aria_expanded=\"Cliquez pour r\u00e9duire : Tarif\">Tarif<span class=\"toggle_icon\"><span class=\"vert_icon\"><\/span><span class=\"hor_icon\"><\/span><\/span><\/p><div id='toggle-id-3' aria-labelledby='toggle-toggle-id-3' role='region' class='toggle_wrap  av-title-above'  ><div class='toggle_content invers-color av-inherit-border-color'  itemprop=\"text\" ><p><strong>95 \u20ac HT \/ <\/strong>unit\u00e9<\/p>\n<\/div><\/div><\/div><\/section>\n<\/div><br \/>\n<div  class='avia-buttonrow-wrap av-mev8zk0u-d6400924421a8127c1cceb55a5571018 avia-buttonrow-left  avia-builder-el-8  el_after_av_toggle_container  avia-builder-el-last '>\n\n<style type=\"text\/css\" data-created_by=\"avia_inline_auto\" id=\"style-css-av-mev8yzvu-6790ca44a9370e30133587b4045ca47b\">\n#top #wrap_all .avia-button.av-mev8yzvu-6790ca44a9370e30133587b4045ca47b{\nbackground-color:#66bc93;\nborder-color:#66bc93;\ntransition:all 0.4s ease-in-out;\nmargin-bottom:5px;\nmargin-right:5px;\n}\n#top #wrap_all .avia-button.av-mev8yzvu-6790ca44a9370e30133587b4045ca47b:hover{\nbackground-color:#26274e;\ncolor:white;\ntransition:all 0.4s ease-in-out;\n}\n#top #wrap_all .avia-button.av-mev8yzvu-6790ca44a9370e30133587b4045ca47b:hover .avia-svg-icon svg:first-child{\nfill:white;\nstroke:white;\n}\n<\/style>\n<a href='https:\/\/buy.stripe.com\/6oU14oeWg4Py989dOJ4AU00'  class='avia-button av-mev8yzvu-6790ca44a9370e30133587b4045ca47b avia-icon_select-no avia-size-x-large avia-font-color-theme-color'   aria-label=\"Commander\"><span class='avia_iconbox_title' >Commander<\/span><\/a>\n\n<style type=\"text\/css\" data-created_by=\"avia_inline_auto\" id=\"style-css-av-mev8zheh-b4be8180ce5ed5c7c7e46a6e606032c4\">\n#top #wrap_all .avia-button.av-mev8zheh-b4be8180ce5ed5c7c7e46a6e606032c4{\nmargin-bottom:5px;\nmargin-right:5px;\n}\n<\/style>\n<a href='#contact'  class='avia-button av-mev8zheh-b4be8180ce5ed5c7c7e46a6e606032c4 avia-icon_select-no avia-size-x-large avia-color-theme-color'   aria-label=\"Demander un devis\"><span class='avia_iconbox_title' >Demander un devis<\/span><\/a>\n<\/div><\/p><\/div><\/div><!--close column table wrapper. Autoclose: 1 --><\/div><\/div><\/main><!-- close content main element --><\/div><\/div><div id='av_section_2'  class='avia-section av-av_section-ead7872a6199d9872a6fed09789ee080 main_color avia-section-default avia-no-border-styling  avia-builder-el-9  el_after_av_section  el_before_av_section  avia-bg-style-scroll container_wrap fullsize'  ><div class='container av-section-cont-open' ><div class='template-page content  av-content-full alpha units'><div class='post-entry post-entry-type-page post-entry-220'><div class='entry-content-wrapper clearfix'>\n\n<style type=\"text\/css\" data-created_by=\"avia_inline_auto\" id=\"style-css-av-av_one_full-1c05f217a0ddad2108cbb64d8daed35c\">\n.flex_column.av-av_one_full-1c05f217a0ddad2108cbb64d8daed35c{\nborder-width:10px;\nborder-color:#66bc93;\nborder-style:solid;\npadding:50px 50px 50px 50px;\n}\n<\/style>\n<div  class='flex_column av-av_one_full-1c05f217a0ddad2108cbb64d8daed35c av_one_full  avia-builder-el-10  avia-builder-el-no-sibling  first flex_column_div  '     ><style type=\"text\/css\" data-created_by=\"avia_inline_auto\" id=\"style-css-av-mfgtwpla-b6f1b3ac647606269252498f8994e60a\">\n#top .av_textblock_section.av-mfgtwpla-b6f1b3ac647606269252498f8994e60a .avia_textblock{\ncolor:#26274e;\n}\n<\/style>\n<section  class='av_textblock_section av-mfgtwpla-b6f1b3ac647606269252498f8994e60a '   itemscope=\"itemscope\" itemtype=\"https:\/\/schema.org\/CreativeWork\" ><div class='avia_textblock av_inherit_color'  itemprop=\"text\" ><h4 style=\"text-align: center;\"><strong>100 fiches m\u00e9tiers en 1 semaine seulement !<\/strong><\/h4>\n<\/div><\/section><br \/>\n\n<style type=\"text\/css\" data-created_by=\"avia_inline_auto\" id=\"style-css-av-mfgtz14y-b82c2c29d15be8c08f3678ad53aa3b94\">\n#top .av_textblock_section.av-mfgtz14y-b82c2c29d15be8c08f3678ad53aa3b94 .avia_textblock{\nfont-size:15px;\ncolor:#26274e;\n}\n<\/style>\n<section  class='av_textblock_section av-mfgtz14y-b82c2c29d15be8c08f3678ad53aa3b94 '   itemscope=\"itemscope\" itemtype=\"https:\/\/schema.org\/CreativeWork\" ><div class='avia_textblock av_inherit_color'  itemprop=\"text\" ><p style=\"text-align: center;\"><em><span style=\"font-weight: 400; font-size: 15px;\">Alors que la plupart des entreprises mettent en moyenne <\/span><b>6 mois<\/b><span style=\"font-weight: 400;\"> pour <strong>100 fiches m\u00e9tiers, <\/strong><\/span><\/em><\/p>\n<p style=\"text-align: center;\"><em><span style=\"font-weight: 400;\"><strong>My-Better-Job<\/strong> vous le fait en<strong> 1 semaine avec un r\u00e9sultat beaucoup plus pr\u00e9cis.<\/strong><\/span><\/em><\/p>\n<\/div><\/section><\/p><\/div><\/div><\/div><\/div><!-- close content main div --><\/div><\/div>\n<style type=\"text\/css\" data-created_by=\"avia_inline_auto\" id=\"style-css-av-mevcd8lc-13c4a3f701bf6441f58e82a0e9dd7f91\">\n.avia-section.av-mevcd8lc-13c4a3f701bf6441f58e82a0e9dd7f91{\nbackground-color:#f4f4f4;\nbackground-image:unset;\n}\n<\/style>\n<div id='av_section_3'  class='avia-section av-mevcd8lc-13c4a3f701bf6441f58e82a0e9dd7f91 main_color avia-section-default avia-no-border-styling  avia-builder-el-13  el_after_av_section  el_before_av_section  avia-bg-style-scroll container_wrap fullsize'  ><div class='container av-section-cont-open' ><div class='template-page content  av-content-full alpha units'><div class='post-entry post-entry-type-page post-entry-220'><div class='entry-content-wrapper clearfix'>\n<div class='flex_column_table av-mevck4fh-05d7f5ac8c1d24967342994f4aba0663 sc-av_one_half av-equal-height-column-flextable'><div  class='flex_column av-mevck4fh-05d7f5ac8c1d24967342994f4aba0663 av_one_half  avia-builder-el-14  el_before_av_one_half  avia-builder-el-first  first flex_column_table_cell av-equal-height-column av-align-middle  '     ><section  class='av_textblock_section av-mevch8mo-3f30e9313a6628163f8f5aa86053d562 '   itemscope=\"itemscope\" itemtype=\"https:\/\/schema.org\/CreativeWork\" ><div class='avia_textblock'  itemprop=\"text\" ><p style=\"text-align: center;\"><strong>LES FICHES DE POSTES<\/strong><\/p>\n<\/div><\/section><br \/>\n\n<style type=\"text\/css\" data-created_by=\"avia_inline_auto\" id=\"style-css-av-mevcga6m-a6c9718c63a45db987ce1f2dac276e02\">\n#top .av_textblock_section.av-mevcga6m-a6c9718c63a45db987ce1f2dac276e02 .avia_textblock{\nfont-size:20px;\ncolor:#66bc93;\n}\n<\/style>\n<section  class='av_textblock_section av-mevcga6m-a6c9718c63a45db987ce1f2dac276e02 '   itemscope=\"itemscope\" itemtype=\"https:\/\/schema.org\/CreativeWork\" ><div class='avia_textblock av_inherit_color'  itemprop=\"text\" ><h4 style=\"text-align: center;\"><strong>&#8211; Sans My-Better-Job &#8211;<\/strong><\/h4>\n<\/div><\/section><br \/>\n\n<style type=\"text\/css\" data-created_by=\"avia_inline_auto\" id=\"style-css-av-mevciqid-b35a5d3a1dc2f05db730258def23a7fe\">\n#top .hr.hr-invisible.av-mevciqid-b35a5d3a1dc2f05db730258def23a7fe{\nheight:20px;\n}\n<\/style>\n<div  class='hr av-mevciqid-b35a5d3a1dc2f05db730258def23a7fe hr-invisible  avia-builder-el-17  el_after_av_textblock  el_before_av_textblock '><span class='hr-inner '><span class=\"hr-inner-style\"><\/span><\/span><\/div><br \/>\n\n<style type=\"text\/css\" data-created_by=\"avia_inline_auto\" id=\"style-css-av-meihm4vv-0a63032eb56124b3d6e0d80d4c2906b9\">\n#top .av_textblock_section.av-meihm4vv-0a63032eb56124b3d6e0d80d4c2906b9 .avia_textblock{\nfont-size:15px;\ncolor:#26274e;\n}\n<\/style>\n<section  class='av_textblock_section av-meihm4vv-0a63032eb56124b3d6e0d80d4c2906b9 '   itemscope=\"itemscope\" itemtype=\"https:\/\/schema.org\/CreativeWork\" ><div class='avia_textblock av_inherit_color'  itemprop=\"text\" ><ul data-editing-info=\"{\"applyListStyleFromLevel\":true}\">\n<li>\n<div class=\"x_elementToProof\" role=\"presentation\" data-olk-copy-source=\"MessageBody\">Des sources d&rsquo;information h\u00e9t\u00e9rog\u00e8nes et in\u00e9gales, souvent impr\u00e9cises<\/div>\n<\/li>\n<\/ul>\n<ul data-editing-info=\"{\"applyListStyleFromLevel\":true}\">\n<li>\n<div class=\"x_elementToProof\" role=\"presentation\">Selon les sources, des formulations de comp\u00e9tences qui ne sont pas harmonis\u00e9es ; risque qu&rsquo;un m\u00eame savoir-faire soit d\u00e9crit de deux fa\u00e7ons diff\u00e9rentes d&rsquo;une fiche \u00e0 l&rsquo;autre<\/div>\n<\/li>\n<\/ul>\n<ul data-editing-info=\"{\"applyListStyleFromLevel\":true}\">\n<li>\n<div class=\"x_elementToProof\" role=\"presentation\">Pas de sp\u00e9cification du niveau de ma\u00eetrise attendu pour les diff\u00e9rentes comp\u00e9tences<\/div>\n<\/li>\n<\/ul>\n<ul data-editing-info=\"{\"applyListStyleFromLevel\":true}\">\n<li>\n<div class=\"x_elementToProof\" role=\"presentation\">Des fiches souvent incompl\u00e8tes, focalis\u00e9es sur les comp\u00e9tences-cl\u00e9s du m\u00e9tier, ce qui complique ensuite l&rsquo;analyse des parcours professionnels possibles dans et hors de l&rsquo;entreprise<\/div>\n<\/li>\n<\/ul>\n<ul data-editing-info=\"{\"applyListStyleFromLevel\":true}\">\n<li>\n<div class=\"x_elementToProof\" role=\"presentation\">Une faible utilit\u00e9 de telles fiches incompl\u00e8tes pour la mise en \u00e9vidence des parcours professionnels possibles<\/div>\n<\/li>\n<\/ul>\n<div class=\"x_elementToProof\"><\/div>\n<\/div><\/section><\/p><\/div><div class='av-flex-placeholder'><\/div><div  class='flex_column av-f4mng-c5765602976368dfcc29d69849459fef av_one_half  avia-builder-el-19  el_after_av_one_half  avia-builder-el-last  flex_column_table_cell av-equal-height-column av-align-middle  '     ><style type=\"text\/css\" data-created_by=\"avia_inline_auto\" id=\"style-css-av-85ph0-1fdf5a5ad580e9789a5ea2e898ed1a10\">\n#top .av_textblock_section.av-85ph0-1fdf5a5ad580e9789a5ea2e898ed1a10 .avia_textblock{\nfont-size:15px;\ncolor:#26274e;\n}\n<\/style>\n<section  class='av_textblock_section av-85ph0-1fdf5a5ad580e9789a5ea2e898ed1a10 '   itemscope=\"itemscope\" itemtype=\"https:\/\/schema.org\/CreativeWork\" ><div class='avia_textblock av_inherit_color'  itemprop=\"text\" ><p style=\"text-align: left;\"><em><strong><span class=\"TextRun SCXW96940509 BCX0\" lang=\"FR-FR\" xml:lang=\"FR-FR\" data-contrast=\"auto\"><span class=\"NormalTextRun SCXW96940509 BCX0\">D\u00e9crire les m\u00e9tiers de l\u2019entreprise demande du temps, des informations difficiles \u00e0 trouver et de la rigueur pour les harmoniser.<\/span><\/span> <\/strong><\/em><\/p>\n<p style=\"text-align: left;\"><em><strong><span class=\"EOP SCXW96940509 BCX0\" data-ccp-props=\"{}\"><span class=\"TextRun SCXW154838798 BCX0\" lang=\"FR-FR\" xml:lang=\"FR-FR\" data-contrast=\"auto\"><span class=\"NormalTextRun SCXW154838798 BCX0\">En valorisant la documentation interne existante et les sp\u00e9cificit\u00e9s de votre organisation, My-Better-Job vous soumet des propositions de fiches de postes pr\u00e9cises, d\u00e9crites selon une nomenclature de comp\u00e9tences commune, chacune \u00e9tant associ\u00e9e<\/span><span class=\"NormalTextRun SCXW154838798 BCX0\"> \u00e0 un niveau de ma\u00eetrise attendu.<\/span><\/span><span class=\"EOP SCXW154838798 BCX0\" data-ccp-props=\"{}\">\u00a0<\/span><\/span><\/strong><\/em><\/p>\n<\/div><\/section><\/div><\/div><!--close column table wrapper. Autoclose: 1 --><\/div><\/div><\/div><!-- close content main div --><\/div><\/div><div id='contact'  class='avia-section av-meikd0g1-1d534e3afd5bd985891c90e919c279d3 main_color avia-section-default avia-no-border-styling  avia-builder-el-21  el_after_av_section  avia-builder-el-last  degrade avia-bg-style-scroll container_wrap fullsize'  ><div class='container av-section-cont-open' ><div class='template-page content  av-content-full alpha units'><div class='post-entry post-entry-type-page post-entry-220'><div class='entry-content-wrapper clearfix'>\n<form action=\"https:\/\/my-better-job.eu\/?page_id=220\" method=\"post\" data-fields-with-error=\"Erreurs trouv\u00e9es dans les champs suivants :\" class=\"avia_ajax_form av-form-labels-hidden   avia-builder-el-22  avia-builder-el-no-sibling  av-custom-form-color av-light-form \" data-avia-form-id=\"1\" data-avia-redirect='' ><fieldset><h3 id='element_avia_1_1' class=' first_form  form_element form_fullwidth av-form-headline '><\/h3><p class='  first_form  form_element form_element_half' id='element_avia_2_1'><label for=\"avia_2_1\">Votre nom <abbr class=\"required\" title=\"requis(e)\">*<\/abbr><\/label> <input name=\"avia_2_1\" class=\"text_input is_empty\" type=\"text\" id=\"avia_2_1\" value=\"\"  placeholder='Votre nom*'\/><\/p><p class='  form_element form_element_half' id='element_avia_3_1'><label for=\"avia_3_1\">Nom de votre \u00e9tablissement   <abbr class=\"required\" title=\"requis(e)\">*<\/abbr><\/label> <input name=\"avia_3_1\" class=\"text_input is_empty\" type=\"text\" id=\"avia_3_1\" value=\"\"  placeholder='Nom de votre \u00e9tablissement  *'\/><\/p><p class='  first_form  form_element form_element_half' id='element_avia_4_1'><label for=\"avia_4_1\">E-Mail <abbr class=\"required\" title=\"requis(e)\">*<\/abbr><\/label> <input name=\"avia_4_1\" class=\"text_input is_email\" type=\"text\" id=\"avia_4_1\" value=\"\"  placeholder='E-Mail*'\/><\/p><p class='  form_element form_element_half' id='element_avia_5_1'><label for=\"avia_5_1\">T\u00e9l\u00e9phone <abbr class=\"required\" title=\"requis(e)\">*<\/abbr><\/label> <input name=\"avia_5_1\" class=\"text_input is_empty\" type=\"text\" id=\"avia_5_1\" value=\"\"  placeholder='T\u00e9l\u00e9phone*'\/><\/p><p class='  first_form  form_element form_fullwidth av-last-visible-form-element' id='element_avia_6_1'><label for=\"avia_6_1\" class=\"textare_label hidden textare_label_avia_6_1\">D\u00e9crivez-nous vos besoins ... <abbr class=\"required\" title=\"requis(e)\">*<\/abbr><\/label><textarea  placeholder='D\u00e9crivez-nous vos besoins ...*' name=\"avia_6_1\" class=\"text_area is_empty\" cols=\"40\" rows=\"7\" id=\"avia_6_1\" ><\/textarea><\/p><p class=\"hidden\"><input type=\"text\" name=\"avia_7_1\" class=\"hidden \" id=\"avia_7_1\" value=\"\" \/><\/p><p class=\"form_element \"><input type=\"hidden\" value=\"1\" name=\"avia_generated_form1\" \/><input type=\"submit\" value=\"Envoyer\" class=\"button\"  data-sending-label=\"Envoi\"\/><\/p><\/fieldset><\/form><div id=\"ajaxresponse_1\" class=\"ajaxresponse ajaxresponse_1 hidden\"><\/div>\n<\/p>\n","protected":false},"excerpt":{"rendered":"","protected":false},"author":1,"featured_media":0,"parent":0,"menu_order":0,"comment_status":"closed","ping_status":"closed","template":"","meta":{"inline_featured_image":false,"footnotes":""},"class_list":["post-220","page","type-page","status-publish","hentry"],"_links":{"self":[{"href":"https:\/\/my-better-job.eu\/index.php?rest_route=\/wp\/v2\/pages\/220","targetHints":{"allow":["GET"]}}],"collection":[{"href":"https:\/\/my-better-job.eu\/index.php?rest_route=\/wp\/v2\/pages"}],"about":[{"href":"https:\/\/my-better-job.eu\/index.php?rest_route=\/wp\/v2\/types\/page"}],"author":[{"embeddable":true,"href":"https:\/\/my-better-job.eu\/index.php?rest_route=\/wp\/v2\/users\/1"}],"replies":[{"embeddable":true,"href":"https:\/\/my-better-job.eu\/index.php?rest_route=%2Fwp%2Fv2%2Fcomments&post=220"}],"version-history":[{"count":134,"href":"https:\/\/my-better-job.eu\/index.php?rest_route=\/wp\/v2\/pages\/220\/revisions"}],"predecessor-version":[{"id":1006,"href":"https:\/\/my-better-job.eu\/index.php?rest_route=\/wp\/v2\/pages\/220\/revisions\/1006"}],"wp:attachment":[{"href":"https:\/\/my-better-job.eu\/index.php?rest_route=%2Fwp%2Fv2%2Fmedia&parent=220"}],"curies":[{"name":"wp","href":"https:\/\/api.w.org\/{rel}","templated":true}]}}